{"id":1545,"date":"2022-12-28T20:07:40","date_gmt":"2022-12-28T20:07:40","guid":{"rendered":"https:\/\/coa-aco.org\/?page_id=1545"},"modified":"2025-05-28T23:45:16","modified_gmt":"2025-05-28T23:45:16","slug":"commanditaires-et-exposants","status":"publish","type":"page","link":"https:\/\/coa-aco.org\/fr\/reunion-annuelle\/commanditaires-et-exposants\/","title":{"rendered":"Commanditaires et exposants"},"content":{"rendered":"\r\n<div class=\"heading\">\r\n\t<figure class=\"heading__bg-img image-fit\">\r\n\t\t<img loading=\"lazy\" decoding=\"async\" width=\"1920\" height=\"1280\" src=\"https:\/\/coa-aco.org\/wp-content\/uploads\/2025\/02\/2024-06-13-COA-035-1920x1280.jpg\" class=\"attachment-app-fullwidth size-app-fullwidth\" alt=\"\" srcset=\"https:\/\/coa-aco.org\/wp-content\/uploads\/2025\/02\/2024-06-13-COA-035-1920x1280.jpg 1920w, https:\/\/coa-aco.org\/wp-content\/uploads\/2025\/02\/2024-06-13-COA-035-300x200.jpg 300w, https:\/\/coa-aco.org\/wp-content\/uploads\/2025\/02\/2024-06-13-COA-035-1024x683.jpg 1024w, https:\/\/coa-aco.org\/wp-content\/uploads\/2025\/02\/2024-06-13-COA-035-768x512.jpg 768w, https:\/\/coa-aco.org\/wp-content\/uploads\/2025\/02\/2024-06-13-COA-035-1536x1024.jpg 1536w, https:\/\/coa-aco.org\/wp-content\/uploads\/2025\/02\/2024-06-13-COA-035-2048x1365.jpg 2048w\" sizes=\"auto, (max-width: 1920px) 100vw, 1920px\" \/>\t<\/figure><!-- \/.heading__bg-img image-fit -->\r\n\r\n\t<div class=\"shell\">\r\n\t\t<div class=\"heading__inner\">\r\n\t\t\t<div class=\"heading__content\">\r\n\t\t\t\t\t\t\t\t\t<div class=\"heading__sub-title\">\r\n\t\t\t\t\t\t<p>R\u00e9union annuelle de l\u2019ACO | de la SROC | et de l&#039;ACRO<\/p>\n\t\t\t\t\t<\/div><!-- \/.heading__sub-title -->\r\n\t\t\t\t\r\n\t\t\t\t<div class=\"heading__title\">\r\n\t\t\t\t\t<h1>Commanditaires et exposants<\/h1>\n<p>L\u2019ACO se r\u00e9jouit \u00e0 l\u2019id\u00e9e de c\u00e9l\u00e9brer son 80<sup>e<\/sup>\u00a0anniversaire durant la R\u00e9union annuelle qui se d\u00e9roulera au Vancouver Convention Centre, b\u00e2timent Est (Canada Place) du 11\u00a0au 14\u00a0juin. Nous vous invitons \u00e0 prendre part \u00e0 cet \u00e9v\u00e9nement palpitant en tant que commanditaire ou exposant, ainsi qu\u2019\u00e0 collaborer \u00e0 des initiatives importantes tout au long de l\u2019ann\u00e9e.<\/p>\n<p>R\u00e9servez votre stand par l\u2019interm\u00e9diaire de <a href=\"https:\/\/www.xcdsystem.com\/coa\/exhibitor\/index.cfm?ID=LfJ6xAK\" target=\"_blank\" rel=\"noopener\">notre syst\u00e8me en ligne<\/a>. Communiquez avec la directrice g\u00e9n\u00e9rale, <a href=\"mailto:cynthia@canorth.org\" target=\"_blank\" rel=\"noopener\">Cynthia Vezina<\/a>, pour discuter des possibilit\u00e9s d\u2019augmenter votre engagement gr\u00e2ce \u00e0 des options de commandite, des d\u00eeners-causeries et aux toutes nouvelles s\u00e9ances de r\u00e9seautage et apprentissage qui se tiendront dans des plages horaires non conflictuelles.<\/p>\n<a class=\"maxbutton-2 maxbutton maxbutton-voir-la-direction-actuelle\" target=\"_blank\" rel=\"noopener\" href=\"https:\/\/www.xcdsystem.com\/coa\/exhibitor\/index.cfm?ID=LfJ6xAK\"><span class='mb-text'>R\u00e9servez votre stand<\/span><\/a>\n\t\t\t\t<\/div><!-- \/.heading__title -->\r\n\t\t\t<\/div><!-- \/.heading__content -->\r\n\r\n\t\t\t\t\t\t\t\t\t\t\t\t<\/div><!-- \/.heading__inner -->\r\n\t<\/div><!-- \/.shell -->\r\n<\/div><!-- \/.heading -->\r\n\n\n\r\n<section class=\"section  section--white\">\r\n\t<div class=\"shell\">\r\n\t\t<div class=\"grid grid--reversed\">\r\n\t\t\t<div class=\"grid__col grid__col--2of3\">\r\n\t\t\t\t<div class=\"entry \">\r\n\t\t\t\t\t\r\n\t\t\t\t\t<div class=\"entry__body richtext-entry\">\r\n\t\t\t\t\t\t<p>Les trousses de commandite peuvent \u00eatre adapt\u00e9es aux int\u00e9r\u00eats de votre entreprise et avoir une port\u00e9e bien au-del\u00e0 de la R\u00e9union annuelle. Nous travaillons sur des programmes favorisant le leadership, le perfectionnement professionnel, la formation continue et la d\u00e9fense des droits et int\u00e9r\u00eats \u00e0 l\u2019\u00e9chelle nationale qui seront mis en \u0153uvre avec notre prochain plan strat\u00e9gique en 2025. <strong>Votre soutien et votre engagement permettront d\u2019\u00e9largir et de nourrir ces programmes tout en stimulant l\u2019int\u00e9r\u00eat de nos membres toute l\u2019ann\u00e9e.<\/strong><\/p>\n<p>La commandite de programmes de l\u2019ACO constitue le moyen id\u00e9al de rencontrer, d\u2019influencer et d\u2019informer des orthop\u00e9distes, r\u00e9sidents, chercheurs et professionnels des soins de sant\u00e9 connexes de premier plan provenant de partout au pays et de l\u2019\u00e9tranger, ainsi que de connecter avec\u00a0eux.<\/p>\n\t\t\t\t\t<\/div><!-- \/.entry__body richtext-entry -->\r\n\r\n\t\t\t\t\t\t\t\t\t\t\t<div class=\"entry__actions\">\r\n\t\t\t\t\t\t\t<a href=\"mailto:cynthia@canorth.org\" target=\"_blank\" class=\"link\">\r\n\t\t\t\t\t\t\t\t<span>\r\n\t\t\t\t\t\t\t\t\tCommuniquez avec nous pour parler de ces occasions!\t\t\t\t\t\t\t\t<\/span>\r\n\r\n\t\t\t\t\t\t\t\t<figure class=\"link__ico\">\r\n\t\t\t\t\t\t\t\t\t<svg width=\"19\" height=\"13\" viewBox=\"0 0 19 13\" fill=\"none\" xmlns=\"http:\/\/www.w3.org\/2000\/svg\">\r\n\t\t\t\t\t\t\t\t\t\t<path d=\"M17.6484 7.05859C18.1055 6.63672 18.1055 5.89844 17.6484 5.47656L13.1484 0.976562C12.7266 0.519531 11.9883 0.519531 11.5664 0.976562C11.1094 1.39844 11.1094 2.13672 11.5664 2.55859L14.1328 5.125H1.125C0.492188 5.125 0 5.65234 0 6.25C0 6.88281 0.492188 7.375 1.125 7.375H14.1328L11.5664 9.97656C11.1094 10.3984 11.1094 11.1367 11.5664 11.5586C11.9883 12.0156 12.7266 12.0156 13.1484 11.5586L17.6484 7.05859Z\"\/>\r\n\t\t\t\t\t\t\t\t\t<\/svg>\r\n\t\t\t\t\t\t\t\t<\/figure><!-- \/.link__ico -->\r\n\t\t\t\t\t\t\t<\/a>\r\n\t\t\t\t\t\t<\/div><!-- \/.entry__actions -->\r\n\t\t\t\t\t\t\t\t\t<\/div><!-- \/.entry -->\r\n\t\t\t<\/div><!-- \/.grid__col grid__col-\/-2of3 -->\r\n\r\n\r\n\t\t\t\r\n\t\t\t\t\t\t\t<div class=\"grid__col grid__col--1of3\">\r\n\t\t\t\t\t<div class=\"tile-cta\">\r\n\t\t\t\t\t\t<figure class=\"tile__img image-fit\">\r\n\t\t\t\t\t\t\t<img loading=\"lazy\" decoding=\"async\" width=\"768\" height=\"994\" src=\"https:\/\/coa-aco.org\/wp-content\/uploads\/2025\/02\/2025-SEP-cover-web-768x994.png\" class=\"attachment-medium_large size-medium_large\" alt=\"\" srcset=\"https:\/\/coa-aco.org\/wp-content\/uploads\/2025\/02\/2025-SEP-cover-web-768x994.png 768w, https:\/\/coa-aco.org\/wp-content\/uploads\/2025\/02\/2025-SEP-cover-web-232x300.png 232w, https:\/\/coa-aco.org\/wp-content\/uploads\/2025\/02\/2025-SEP-cover-web-791x1024.png 791w, https:\/\/coa-aco.org\/wp-content\/uploads\/2025\/02\/2025-SEP-cover-web-1187x1536.png 1187w, https:\/\/coa-aco.org\/wp-content\/uploads\/2025\/02\/2025-SEP-cover-web.png 1545w\" sizes=\"auto, (max-width: 768px) 100vw, 768px\" \/>\t\t\t\t\t\t<\/figure><!-- \/.tile__img image-fit -->\r\n\r\n\t\t\t\t\t\t\t\t\t\t\t\t\t<div class=\"tile__actions\">\r\n\t\t\t\t\t\t\t\t<a href=\"https:\/\/coa-aco.org\/wp-content\/uploads\/2025\/02\/Sponsor-Exhibitor-Prospectus-2025-020525.pdf%20\" target=\"_blank\" class=\"btn\">\r\n\t\t\t\t\t\t\t\t\t<span class=\"btn__text\">\r\n\t\t\t\t\t\t\t\t\t\tT\u00e9l\u00e9charger le prospectus\t\t\t\t\t\t\t\t\t<\/span>\r\n\r\n\t\t\t\t\t\t\t\t\t<span class=\"btn__ico\">\r\n\t\t\t\t\t\t\t\t\t\t<svg width=\"19\" height=\"13\" viewBox=\"0 0 19 13\" fill=\"none\" xmlns=\"http:\/\/www.w3.org\/2000\/svg\">\r\n\t\t\t\t\t\t\t\t\t\t\t<path d=\"M17.6484 7.05859C18.1055 6.63672 18.1055 5.89844 17.6484 5.47656L13.1484 0.976562C12.7266 0.519531 11.9883 0.519531 11.5664 0.976562C11.1094 1.39844 11.1094 2.13672 11.5664 2.55859L14.1328 5.125H1.125C0.492188 5.125 0 5.65234 0 6.25C0 6.88281 0.492188 7.375 1.125 7.375H14.1328L11.5664 9.97656C11.1094 10.3984 11.1094 11.1367 11.5664 11.5586C11.9883 12.0156 12.7266 12.0156 13.1484 11.5586L17.6484 7.05859Z\"\/>\r\n\t\t\t\t\t\t\t\t\t\t<\/svg>\r\n\t\t\t\t\t\t\t\t\t<\/span>\r\n\t\t\t\t\t\t\t\t<\/a>\r\n\t\t\t\t\t\t\t<\/div><!-- \/.tile__actions -->\r\n\t\t\t\t\t\t\t\t\t\t\t<\/div><!-- \/.tile-cta -->\r\n\t\t\t\t<\/div><!-- \/.grid__col grid__col-\/-1of3 -->\r\n\t\t\t\r\n\t\t\t\t\t<\/div><!-- \/.grid -->\r\n\t<\/div><!-- \/.shell -->\r\n<\/section><!-- \/.section -->\r\n\n\n\r\n<section class=\"section \">\r\n\t<div class=\"shell\">\r\n\t\t<div class=\"grid grid--reversed\">\r\n\t\t\t<div class=\"grid__col grid__col--2of3\">\r\n\t\t\t\t<div class=\"entry \">\r\n\t\t\t\t\t\t\t\t\t\t\t<header class=\"entry__head\">\r\n\t\t\t\t\t\t\t<h2>\r\n\t\t\t\t\t\t\t\tPourquoi avoir un stand \u00e0 la R\u00e9union annuelle?\t\t\t\t\t\t\t<\/h2>\r\n\t\t\t\t\t\t<\/header><!-- \/.entry__head -->\r\n\t\t\t\t\t\r\n\t\t\t\t\t<div class=\"entry__body richtext-entry\">\r\n\t\t\t\t\t\t<p>Les participants composent avec le rythme rapide de l\u2019orthop\u00e9die et souhaitent en apprendre davantage sur la technologie, les techniques et les services \u00e0 la fine pointe qu\u2019ils d\u00e9couvrent pendant la r\u00e9union. Ils reconnaissent l\u2019importance des commanditaires de l\u2019industrie dans le succ\u00e8s de leur association.<\/p>\n<p>Un d\u00eener l\u00e9ger, du caf\u00e9 et des boissons seront servis \u00e0 tous les participants et repr\u00e9sentants des exposants inscrits dans la salle d\u2019exposition les jeudi et vendredi. De\u00a0plus, une connexion Wi-Fi sera accessible gratuitement dans la salle d\u2019exposition et dans toutes les salles de congr\u00e8s et les halls.<\/p>\n<p><strong>Dates importantes<\/strong><\/p>\n<ul>\n<li><strong>Mars<\/strong>\u00a0: Disponibilit\u00e9 de la trousse de l\u2019exposant<\/li>\n<li><strong>Le 1<sup>er<\/sup>\u00a0mai<\/strong>\u00a0: Paiement des stands ou annulation. \u00c9crivez \u00e0 meetings@canorth.org pour obtenir de l\u2019aide.<\/li>\n<li><strong>Le 14<sup>\u00a0<\/sup>mai<\/strong>\u00a0: Date limite pour les blocs de chambres. Les tarifs de congr\u00e8s pour les blocs de chambres de l\u2019ACO ne\u00a0sont plus garantis apr\u00e8s cette date. Cliquez\u00a0ici pour r\u00e9server une chambre.<\/li>\n<li><strong>Le 6 juin<\/strong> : Inscription des repr\u00e9sentants. Inscrivez vos repr\u00e9sentants et achetez d\u2019autres porte-noms au besoin (300 $ par porte-nom suppl\u00e9mentaire). Achetez vos billets pour la soir\u00e9e du vendredi en inscrivant vos repr\u00e9sentants!<\/li>\n<\/ul>\n<p><strong>Heures d\u2019exposition (toutes les heures correspondent \u00e0 l\u2019heure du Pacifique)<\/strong><\/p>\n<ul>\n<li><strong>Le mercredi 11\u00a0juin<\/strong>, de 18\u00a0h\u00a030 \u00e0 20\u00a0h\u00a030<\/li>\n<li><strong>Le\u00a0jeudi 12\u00a0juin<\/strong>, de 10\u00a0h\u00a030 \u00e0 16\u00a0h\u00a030<\/li>\n<li><strong>Le vendredi 13 juin<\/strong>, de 10\u00a0h\u00a030 \u00e0 16\u00a0h\u00a030<\/li>\n<\/ul>\n\t\t\t\t\t<\/div><!-- \/.entry__body richtext-entry -->\r\n\r\n\t\t\t\t\t\t\t\t\t\t\t<div class=\"entry__actions\">\r\n\t\t\t\t\t\t\t<a href=\"https:\/\/www.xcdsystem.com\/coa\/exhibitor\/index.cfm?ID=37i6iXO\" target=\"_blank\" class=\"link\">\r\n\t\t\t\t\t\t\t\t<span>\r\n\t\t\t\t\t\t\t\t\tR\u00e9servez votre stand\t\t\t\t\t\t\t\t<\/span>\r\n\r\n\t\t\t\t\t\t\t\t<figure class=\"link__ico\">\r\n\t\t\t\t\t\t\t\t\t<svg width=\"19\" height=\"13\" viewBox=\"0 0 19 13\" fill=\"none\" xmlns=\"http:\/\/www.w3.org\/2000\/svg\">\r\n\t\t\t\t\t\t\t\t\t\t<path d=\"M17.6484 7.05859C18.1055 6.63672 18.1055 5.89844 17.6484 5.47656L13.1484 0.976562C12.7266 0.519531 11.9883 0.519531 11.5664 0.976562C11.1094 1.39844 11.1094 2.13672 11.5664 2.55859L14.1328 5.125H1.125C0.492188 5.125 0 5.65234 0 6.25C0 6.88281 0.492188 7.375 1.125 7.375H14.1328L11.5664 9.97656C11.1094 10.3984 11.1094 11.1367 11.5664 11.5586C11.9883 12.0156 12.7266 12.0156 13.1484 11.5586L17.6484 7.05859Z\"\/>\r\n\t\t\t\t\t\t\t\t\t<\/svg>\r\n\t\t\t\t\t\t\t\t<\/figure><!-- \/.link__ico -->\r\n\t\t\t\t\t\t\t<\/a>\r\n\t\t\t\t\t\t<\/div><!-- \/.entry__actions -->\r\n\t\t\t\t\t\t\t\t\t<\/div><!-- \/.entry -->\r\n\t\t\t<\/div><!-- \/.grid__col grid__col-\/-2of3 -->\r\n\r\n\r\n\t\t\t\r\n\t\t\t\t\t\t\t<div class=\"grid__col grid__col--1of3\">\r\n\t\t\t\t\t<div class=\"tile-cta\">\r\n\t\t\t\t\t\t<figure class=\"tile__img image-fit\">\r\n\t\t\t\t\t\t\t<img loading=\"lazy\" decoding=\"async\" width=\"768\" height=\"513\" src=\"https:\/\/coa-aco.org\/wp-content\/uploads\/2025\/02\/DSC_5363-768x513.jpg\" class=\"attachment-medium_large size-medium_large\" alt=\"\" srcset=\"https:\/\/coa-aco.org\/wp-content\/uploads\/2025\/02\/DSC_5363-768x513.jpg 768w, https:\/\/coa-aco.org\/wp-content\/uploads\/2025\/02\/DSC_5363-300x200.jpg 300w, https:\/\/coa-aco.org\/wp-content\/uploads\/2025\/02\/DSC_5363-1024x684.jpg 1024w, https:\/\/coa-aco.org\/wp-content\/uploads\/2025\/02\/DSC_5363-1536x1025.jpg 1536w, https:\/\/coa-aco.org\/wp-content\/uploads\/2025\/02\/DSC_5363-2048x1367.jpg 2048w, https:\/\/coa-aco.org\/wp-content\/uploads\/2025\/02\/DSC_5363-1920x1282.jpg 1920w\" sizes=\"auto, (max-width: 768px) 100vw, 768px\" \/>\t\t\t\t\t\t<\/figure><!-- \/.tile__img image-fit -->\r\n\r\n\t\t\t\t\t\t\t\t\t\t\t\t\t<div class=\"tile__actions\">\r\n\t\t\t\t\t\t\t\t<a href=\"https:\/\/www.xcdsystem.com\/coa\/exhibitor\/index.cfm?ID=LfJ6xAK\" target=\"_blank\" class=\"btn\">\r\n\t\t\t\t\t\t\t\t\t<span class=\"btn__text\">\r\n\t\t\t\t\t\t\t\t\t\tR\u00e9servez votre stand\t\t\t\t\t\t\t\t\t<\/span>\r\n\r\n\t\t\t\t\t\t\t\t\t<span class=\"btn__ico\">\r\n\t\t\t\t\t\t\t\t\t\t<svg width=\"19\" height=\"13\" viewBox=\"0 0 19 13\" fill=\"none\" xmlns=\"http:\/\/www.w3.org\/2000\/svg\">\r\n\t\t\t\t\t\t\t\t\t\t\t<path d=\"M17.6484 7.05859C18.1055 6.63672 18.1055 5.89844 17.6484 5.47656L13.1484 0.976562C12.7266 0.519531 11.9883 0.519531 11.5664 0.976562C11.1094 1.39844 11.1094 2.13672 11.5664 2.55859L14.1328 5.125H1.125C0.492188 5.125 0 5.65234 0 6.25C0 6.88281 0.492188 7.375 1.125 7.375H14.1328L11.5664 9.97656C11.1094 10.3984 11.1094 11.1367 11.5664 11.5586C11.9883 12.0156 12.7266 12.0156 13.1484 11.5586L17.6484 7.05859Z\"\/>\r\n\t\t\t\t\t\t\t\t\t\t<\/svg>\r\n\t\t\t\t\t\t\t\t\t<\/span>\r\n\t\t\t\t\t\t\t\t<\/a>\r\n\t\t\t\t\t\t\t<\/div><!-- \/.tile__actions -->\r\n\t\t\t\t\t\t\t\t\t\t\t<\/div><!-- \/.tile-cta -->\r\n\t\t\t\t<\/div><!-- \/.grid__col grid__col-\/-1of3 -->\r\n\t\t\t\r\n\t\t\t\t\t<\/div><!-- \/.grid -->\r\n\t<\/div><!-- \/.shell -->\r\n<\/section><!-- \/.section -->\r\n\n\n\n<h2 class=\"wp-block-heading has-text-align-left\">Exposants 2025<\/h2>\n\n\n\n<figure class=\"wp-block-table aligncenter is-style-stripes\"><table><tbody><tr><td><strong>Company<\/strong><\/td><td><strong>Company<\/strong><\/td><\/tr><tr><td>Acumen Health<\/td><td>mediCAD Hectec GmbH<\/td><\/tr><tr><td>Alexion<\/td><td>MicroPort Orthopedics, Inc.<\/td><\/tr><tr><td>Arthro-Positioning Systems<\/td><td>Molnlycke<\/td><\/tr><tr><td>BD Canada<\/td><td>Myant Corporation<\/td><\/tr><tr><td>Biocomposites<\/td><td>Ontario Orthopaedic Association (OOA)<\/td><\/tr><tr><td>Bioventus<\/td><td>OrthoPediatrics<\/td><\/tr><tr><td>Bodycad Laboratories inc.<\/td><td>\u00d6ssur Canada Inc.<\/td><\/tr><tr><td>Canmax Medical Imaging Inc.<\/td><td>Pendopharm<\/td><\/tr><tr><td>CHS Ltd<\/td><td>Pensum Regenerative Medicine<\/td><\/tr><tr><td>Clarion Medical Technologies<\/td><td>Perfuse Medtec Inc<\/td><\/tr><tr><td>CONMED<\/td><td>QuickChart Inc.<\/td><\/tr><tr><td>Canadian Society of Orthopaedic Technologists (CSOT)<\/td><td>Sectra Orthopaedics AB<\/td><\/tr><tr><td>Enovis<\/td><td>Smith &amp; Nephew<\/td><\/tr><tr><td>Essity<\/td><td>Stryker<\/td><\/tr><tr><td>GE HealthCare<\/td><td>SUPPLY SUPREME<\/td><\/tr><tr><td>Integra LifeSciences<\/td><td>Tactile Orthopaedics<\/td><\/tr><tr><td>Johnson&amp;Johnson MedTech<\/td><td>Tribe Medical<\/td><\/tr><tr><td>LIMA ORTHOPAEDICS CANADA INC.<\/td><td>Venture Medical<\/td><\/tr><tr><td>MD Biologix<\/td><td>YukonDocs<\/td><\/tr><tr><td>MedEnvision<\/td><td>Zimmer Biomet Canada<\/td><\/tr><\/tbody><\/table><\/figure>\n\n\n\n<p><\/p>\n","protected":false},"excerpt":{"rendered":"<p>Exposants 2025 CompanyCompanyAcumen HealthmediCAD Hectec GmbHAlexionMicroPort Orthopedics, Inc.Arthro-Positioning SystemsMolnlyckeBD CanadaMyant CorporationBiocompositesOntario Orthopaedic Association (OOA)BioventusOrthoPediatricsBodycad Laboratories inc.\u00d6ssur Canada Inc.Canmax Medical Imaging Inc.PendopharmCHS LtdPensum Regenerative MedicineClarion Medical TechnologiesPerfuse Medtec IncCONMEDQuickChart Inc.Canadian Society of Orthopaedic Technologists (CSOT)Sectra Orthopaedics ABEnovisSmith &amp; NephewEssityStrykerGE HealthCareSUPPLY SUPREMEIntegra LifeSciencesTactile OrthopaedicsJohnson&amp;Johnson MedTechTribe MedicalLIMA ORTHOPAEDICS CANADA INC.Venture MedicalMD BiologixYukonDocsMedEnvisionZimmer Biomet Canada<\/p>\n","protected":false},"author":1,"featured_media":0,"parent":1993,"menu_order":0,"comment_status":"closed","ping_status":"closed","template":"","meta":{"om_disable_all_campaigns":false,"_monsterinsights_skip_tracking":false,"_monsterinsights_sitenote_active":false,"_monsterinsights_sitenote_note":"","_monsterinsights_sitenote_category":0,"_uf_show_specific_survey":0,"_uf_disable_surveys":false,"footnotes":""},"class_list":["post-1545","page","type-page","status-publish","hentry"],"acf":[],"aioseo_notices":[],"yoast_head":"<!-- This site is optimized with the Yoast SEO plugin v23.3 - https:\/\/yoast.com\/wordpress\/plugins\/seo\/ -->\n<title>Commanditaires et exposants - Association Canadienne d&#039;Orthop\u00e9die<\/title>\n<meta name=\"robots\" content=\"index, follow, max-snippet:-1, max-image-preview:large, max-video-preview:-1\" \/>\n<link rel=\"canonical\" href=\"https:\/\/coa-aco.org\/annual-meeting\/sponsors-and-exhibitors\/\" \/>\n<meta property=\"og:locale\" content=\"fr_FR\" \/>\n<meta property=\"og:type\" content=\"article\" \/>\n<meta property=\"og:title\" content=\"Commanditaires et exposants - Association Canadienne d&#039;Orthop\u00e9die\" \/>\n<meta property=\"og:description\" content=\"Exposants 2025 CompanyCompanyAcumen HealthmediCAD Hectec GmbHAlexionMicroPort Orthopedics, Inc.Arthro-Positioning SystemsMolnlyckeBD CanadaMyant CorporationBiocompositesOntario Orthopaedic Association (OOA)BioventusOrthoPediatricsBodycad Laboratories inc.\u00d6ssur Canada Inc.Canmax Medical Imaging Inc.PendopharmCHS LtdPensum Regenerative MedicineClarion Medical TechnologiesPerfuse Medtec IncCONMEDQuickChart Inc.Canadian Society of Orthopaedic Technologists (CSOT)Sectra Orthopaedics ABEnovisSmith &amp; NephewEssityStrykerGE HealthCareSUPPLY SUPREMEIntegra LifeSciencesTactile OrthopaedicsJohnson&amp;Johnson MedTechTribe MedicalLIMA ORTHOPAEDICS CANADA INC.Venture MedicalMD BiologixYukonDocsMedEnvisionZimmer Biomet Canada\" \/>\n<meta property=\"og:url\" content=\"https:\/\/coa-aco.org\/annual-meeting\/sponsors-and-exhibitors\/\" \/>\n<meta property=\"og:site_name\" content=\"Association Canadienne d&#039;Orthop\u00e9die\" \/>\n<meta property=\"article:modified_time\" content=\"2025-05-28T23:45:16+00:00\" \/>\n<meta name=\"twitter:card\" content=\"summary_large_image\" \/>\n<meta name=\"twitter:label1\" content=\"Dur\u00e9e de lecture estim\u00e9e\" \/>\n\t<meta name=\"twitter:data1\" content=\"1 minute\" \/>\n<script type=\"application\/ld+json\" class=\"yoast-schema-graph\">{\"@context\":\"https:\/\/schema.org\",\"@graph\":[{\"@type\":\"WebPage\",\"@id\":\"https:\/\/coa-aco.org\/annual-meeting\/sponsors-and-exhibitors\/\",\"url\":\"https:\/\/coa-aco.org\/annual-meeting\/sponsors-and-exhibitors\/\",\"name\":\"Commanditaires et exposants - Association Canadienne d'Orthop\u00e9die\",\"isPartOf\":{\"@id\":\"https:\/\/coa-aco.org\/#website\"},\"datePublished\":\"2022-12-28T20:07:40+00:00\",\"dateModified\":\"2025-05-28T23:45:16+00:00\",\"breadcrumb\":{\"@id\":\"https:\/\/coa-aco.org\/annual-meeting\/sponsors-and-exhibitors\/#breadcrumb\"},\"inLanguage\":\"fr-FR\",\"potentialAction\":[{\"@type\":\"ReadAction\",\"target\":[\"https:\/\/coa-aco.org\/annual-meeting\/sponsors-and-exhibitors\/\"]}]},{\"@type\":\"BreadcrumbList\",\"@id\":\"https:\/\/coa-aco.org\/annual-meeting\/sponsors-and-exhibitors\/#breadcrumb\",\"itemListElement\":[{\"@type\":\"ListItem\",\"position\":1,\"name\":\"Home\",\"item\":\"https:\/\/coa-aco.org\/fr\/\"},{\"@type\":\"ListItem\",\"position\":2,\"name\":\"R\u00e9union annuelle\",\"item\":\"https:\/\/coa-aco.org\/fr\/reunion-annuelle\/\"},{\"@type\":\"ListItem\",\"position\":3,\"name\":\"Commanditaires et exposants\"}]},{\"@type\":\"WebSite\",\"@id\":\"https:\/\/coa-aco.org\/#website\",\"url\":\"https:\/\/coa-aco.org\/\",\"name\":\"Association Canadienne d'Orthop\u00e9die\",\"description\":\"\",\"potentialAction\":[{\"@type\":\"SearchAction\",\"target\":{\"@type\":\"EntryPoint\",\"urlTemplate\":\"https:\/\/coa-aco.org\/?s={search_term_string}\"},\"query-input\":\"required name=search_term_string\"}],\"inLanguage\":\"fr-FR\"}]}<\/script>\n<!-- \/ Yoast SEO plugin. -->","yoast_head_json":{"title":"Commanditaires et exposants - Association Canadienne d'Orthop\u00e9die","robots":{"index":"index","follow":"follow","max-snippet":"max-snippet:-1","max-image-preview":"max-image-preview:large","max-video-preview":"max-video-preview:-1"},"canonical":"https:\/\/coa-aco.org\/annual-meeting\/sponsors-and-exhibitors\/","og_locale":"fr_FR","og_type":"article","og_title":"Commanditaires et exposants - Association Canadienne d'Orthop\u00e9die","og_description":"Exposants 2025 CompanyCompanyAcumen HealthmediCAD Hectec GmbHAlexionMicroPort Orthopedics, Inc.Arthro-Positioning SystemsMolnlyckeBD CanadaMyant CorporationBiocompositesOntario Orthopaedic Association (OOA)BioventusOrthoPediatricsBodycad Laboratories inc.\u00d6ssur Canada Inc.Canmax Medical Imaging Inc.PendopharmCHS LtdPensum Regenerative MedicineClarion Medical TechnologiesPerfuse Medtec IncCONMEDQuickChart Inc.Canadian Society of Orthopaedic Technologists (CSOT)Sectra Orthopaedics ABEnovisSmith &amp; NephewEssityStrykerGE HealthCareSUPPLY SUPREMEIntegra LifeSciencesTactile OrthopaedicsJohnson&amp;Johnson MedTechTribe MedicalLIMA ORTHOPAEDICS CANADA INC.Venture MedicalMD BiologixYukonDocsMedEnvisionZimmer Biomet Canada","og_url":"https:\/\/coa-aco.org\/annual-meeting\/sponsors-and-exhibitors\/","og_site_name":"Association Canadienne d'Orthop\u00e9die","article_modified_time":"2025-05-28T23:45:16+00:00","twitter_card":"summary_large_image","twitter_misc":{"Dur\u00e9e de lecture estim\u00e9e":"1 minute"},"schema":{"@context":"https:\/\/schema.org","@graph":[{"@type":"WebPage","@id":"https:\/\/coa-aco.org\/annual-meeting\/sponsors-and-exhibitors\/","url":"https:\/\/coa-aco.org\/annual-meeting\/sponsors-and-exhibitors\/","name":"Commanditaires et exposants - Association Canadienne d'Orthop\u00e9die","isPartOf":{"@id":"https:\/\/coa-aco.org\/#website"},"datePublished":"2022-12-28T20:07:40+00:00","dateModified":"2025-05-28T23:45:16+00:00","breadcrumb":{"@id":"https:\/\/coa-aco.org\/annual-meeting\/sponsors-and-exhibitors\/#breadcrumb"},"inLanguage":"fr-FR","potentialAction":[{"@type":"ReadAction","target":["https:\/\/coa-aco.org\/annual-meeting\/sponsors-and-exhibitors\/"]}]},{"@type":"BreadcrumbList","@id":"https:\/\/coa-aco.org\/annual-meeting\/sponsors-and-exhibitors\/#breadcrumb","itemListElement":[{"@type":"ListItem","position":1,"name":"Home","item":"https:\/\/coa-aco.org\/fr\/"},{"@type":"ListItem","position":2,"name":"R\u00e9union annuelle","item":"https:\/\/coa-aco.org\/fr\/reunion-annuelle\/"},{"@type":"ListItem","position":3,"name":"Commanditaires et exposants"}]},{"@type":"WebSite","@id":"https:\/\/coa-aco.org\/#website","url":"https:\/\/coa-aco.org\/","name":"Association Canadienne d'Orthop\u00e9die","description":"","potentialAction":[{"@type":"SearchAction","target":{"@type":"EntryPoint","urlTemplate":"https:\/\/coa-aco.org\/?s={search_term_string}"},"query-input":"required name=search_term_string"}],"inLanguage":"fr-FR"}]}},"_links":{"self":[{"href":"https:\/\/coa-aco.org\/fr\/wp-json\/wp\/v2\/pages\/1545","targetHints":{"allow":["GET"]}}],"collection":[{"href":"https:\/\/coa-aco.org\/fr\/wp-json\/wp\/v2\/pages"}],"about":[{"href":"https:\/\/coa-aco.org\/fr\/wp-json\/wp\/v2\/types\/page"}],"author":[{"embeddable":true,"href":"https:\/\/coa-aco.org\/fr\/wp-json\/wp\/v2\/users\/1"}],"replies":[{"embeddable":true,"href":"https:\/\/coa-aco.org\/fr\/wp-json\/wp\/v2\/comments?post=1545"}],"version-history":[{"count":0,"href":"https:\/\/coa-aco.org\/fr\/wp-json\/wp\/v2\/pages\/1545\/revisions"}],"up":[{"embeddable":true,"href":"https:\/\/coa-aco.org\/fr\/wp-json\/wp\/v2\/pages\/1993"}],"wp:attachment":[{"href":"https:\/\/coa-aco.org\/fr\/wp-json\/wp\/v2\/media?parent=1545"}],"curies":[{"name":"wp","href":"https:\/\/api.w.org\/{rel}","templated":true}]}}