{"id":1574,"date":"2022-12-28T20:29:52","date_gmt":"2022-12-28T20:29:52","guid":{"rendered":"https:\/\/coa-aco.org\/?page_id=1574"},"modified":"2022-12-28T23:06:03","modified_gmt":"2022-12-28T23:06:03","slug":"decharge-de-responsabilite-quant-aux-sites-lies","status":"publish","type":"page","link":"https:\/\/coa-aco.org\/fr\/decharge-de-responsabilite-quant-aux-sites-lies\/","title":{"rendered":"D\u00e9charge de responsabilit\u00e9 quant aux sites li\u00e9s"},"content":{"rendered":"\r\n<div class=\"hero hero--small\">\r\n\t<div class=\"shell hero__shell\">\r\n\t\t<div class=\"hero__inner\">\r\n\t\t\t<div class=\"hero__content\">\r\n\t\t\t\t\r\n\t\t\t\t<header class=\"hero__head richtext-entry\">\r\n\t\t\t\t\t<h1>D\u00e9charge de responsabilit\u00e9 quant aux sites li\u00e9s<\/h1>\n\t\t\t\t<\/header><!-- \/.hero__head -->\r\n\r\n\t\t\t\t<div class=\"hero__body richtext-entry\">\r\n\t\t\t\t\t<p><span style=\"font-weight: 400;\">Ce site Web peut contenir des liens vers d\u2019autres sites (\u00ab sites li\u00e9s \u00bb). L\u2019Association Canadienne d\u2019Orthop\u00e9die (ACO) n\u2019assume aucune responsabilit\u00e9 quant au contenu de ces sites li\u00e9s, y compris tout lien fourni dans un site li\u00e9 ou toute modification ou mise \u00e0 jour apport\u00e9e \u00e0 un site li\u00e9. L\u2019ACO n\u2019est responsable d\u2019aucune webdiffusion ni d\u2019aucune autre forme de transmission re\u00e7ue d\u2019un site li\u00e9. L\u2019ACO fournit ces liens uniquement \u00e0 des fins de commodit\u00e9, et l\u2019inclusion d\u2019un lien n\u2019implique pas que l\u2019ACO approuve le site li\u00e9 ni qu\u2019elle est associ\u00e9e de quelque mani\u00e8re que ce soit \u00e0 ses exploitants.<\/span><\/p>\n\t\t\t\t<\/div><!-- \/.hero__body richtext-entry -->\r\n\t\t\t<\/div><!-- \/.hero__content -->\r\n\r\n\t\t\t<div class=\"hero__media\">\r\n\t\t\t\t<img loading=\"lazy\" decoding=\"async\" width=\"768\" height=\"396\" src=\"https:\/\/coa-aco.org\/wp-content\/uploads\/2022\/12\/hero-img-small-@2x-768x396.png\" class=\"attachment-medium_large size-medium_large\" alt=\"\" srcset=\"https:\/\/coa-aco.org\/wp-content\/uploads\/2022\/12\/hero-img-small-@2x-768x396.png 768w, https:\/\/coa-aco.org\/wp-content\/uploads\/2022\/12\/hero-img-small-@2x-300x155.png 300w, https:\/\/coa-aco.org\/wp-content\/uploads\/2022\/12\/hero-img-small-@2x.png 1024w\" sizes=\"auto, (max-width: 768px) 100vw, 768px\" \/>\t\t\t<\/div><!-- \/.hero__media -->\r\n\t\t<\/div><!-- \/.hero__inner -->\r\n\t<\/div><!-- \/.shell hero__shell -->\r\n<\/div><!-- \/.hero hero-\/-small -->\r\n","protected":false},"excerpt":{"rendered":"","protected":false},"author":1,"featured_media":0,"parent":0,"menu_order":0,"comment_status":"closed","ping_status":"closed","template":"","meta":{"om_disable_all_campaigns":false,"_monsterinsights_skip_tracking":false,"_monsterinsights_sitenote_active":false,"_monsterinsights_sitenote_note":"","_monsterinsights_sitenote_category":0,"_uf_show_specific_survey":0,"_uf_disable_surveys":false,"footnotes":""},"class_list":["post-1574","page","type-page","status-publish","hentry"],"acf":[],"aioseo_notices":[],"yoast_head":"<!-- This site is optimized with the Yoast SEO plugin v23.3 - https:\/\/yoast.com\/wordpress\/plugins\/seo\/ -->\n<title>D\u00e9charge de responsabilit\u00e9 quant aux sites li\u00e9s - Association Canadienne d&#039;Orthop\u00e9die<\/title>\n<meta name=\"robots\" content=\"index, follow, max-snippet:-1, max-image-preview:large, max-video-preview:-1\" \/>\n<link rel=\"canonical\" href=\"https:\/\/coa-aco.org\/linked-sites-disclaimer\/\" \/>\n<meta property=\"og:locale\" content=\"fr_FR\" \/>\n<meta property=\"og:type\" content=\"article\" \/>\n<meta property=\"og:title\" content=\"D\u00e9charge de responsabilit\u00e9 quant aux sites li\u00e9s - Association Canadienne d&#039;Orthop\u00e9die\" \/>\n<meta property=\"og:url\" content=\"https:\/\/coa-aco.org\/linked-sites-disclaimer\/\" \/>\n<meta property=\"og:site_name\" content=\"Association Canadienne d&#039;Orthop\u00e9die\" \/>\n<meta property=\"article:modified_time\" content=\"2022-12-28T23:06:03+00:00\" \/>\n<meta name=\"twitter:card\" content=\"summary_large_image\" \/>\n<script type=\"application\/ld+json\" class=\"yoast-schema-graph\">{\"@context\":\"https:\/\/schema.org\",\"@graph\":[{\"@type\":\"WebPage\",\"@id\":\"https:\/\/coa-aco.org\/linked-sites-disclaimer\/\",\"url\":\"https:\/\/coa-aco.org\/linked-sites-disclaimer\/\",\"name\":\"D\u00e9charge de responsabilit\u00e9 quant aux sites li\u00e9s - Association Canadienne d'Orthop\u00e9die\",\"isPartOf\":{\"@id\":\"https:\/\/coa-aco.org\/#website\"},\"datePublished\":\"2022-12-28T20:29:52+00:00\",\"dateModified\":\"2022-12-28T23:06:03+00:00\",\"breadcrumb\":{\"@id\":\"https:\/\/coa-aco.org\/linked-sites-disclaimer\/#breadcrumb\"},\"inLanguage\":\"fr-FR\",\"potentialAction\":[{\"@type\":\"ReadAction\",\"target\":[\"https:\/\/coa-aco.org\/linked-sites-disclaimer\/\"]}]},{\"@type\":\"BreadcrumbList\",\"@id\":\"https:\/\/coa-aco.org\/linked-sites-disclaimer\/#breadcrumb\",\"itemListElement\":[{\"@type\":\"ListItem\",\"position\":1,\"name\":\"Home\",\"item\":\"https:\/\/coa-aco.org\/fr\/\"},{\"@type\":\"ListItem\",\"position\":2,\"name\":\"D\u00e9charge de responsabilit\u00e9 quant aux sites li\u00e9s\"}]},{\"@type\":\"WebSite\",\"@id\":\"https:\/\/coa-aco.org\/#website\",\"url\":\"https:\/\/coa-aco.org\/\",\"name\":\"Association Canadienne d'Orthop\u00e9die\",\"description\":\"\",\"potentialAction\":[{\"@type\":\"SearchAction\",\"target\":{\"@type\":\"EntryPoint\",\"urlTemplate\":\"https:\/\/coa-aco.org\/?s={search_term_string}\"},\"query-input\":\"required name=search_term_string\"}],\"inLanguage\":\"fr-FR\"}]}<\/script>\n<!-- \/ Yoast SEO plugin. -->","yoast_head_json":{"title":"D\u00e9charge de responsabilit\u00e9 quant aux sites li\u00e9s - Association Canadienne d'Orthop\u00e9die","robots":{"index":"index","follow":"follow","max-snippet":"max-snippet:-1","max-image-preview":"max-image-preview:large","max-video-preview":"max-video-preview:-1"},"canonical":"https:\/\/coa-aco.org\/linked-sites-disclaimer\/","og_locale":"fr_FR","og_type":"article","og_title":"D\u00e9charge de responsabilit\u00e9 quant aux sites li\u00e9s - Association Canadienne d'Orthop\u00e9die","og_url":"https:\/\/coa-aco.org\/linked-sites-disclaimer\/","og_site_name":"Association Canadienne d'Orthop\u00e9die","article_modified_time":"2022-12-28T23:06:03+00:00","twitter_card":"summary_large_image","schema":{"@context":"https:\/\/schema.org","@graph":[{"@type":"WebPage","@id":"https:\/\/coa-aco.org\/linked-sites-disclaimer\/","url":"https:\/\/coa-aco.org\/linked-sites-disclaimer\/","name":"D\u00e9charge de responsabilit\u00e9 quant aux sites li\u00e9s - Association Canadienne d'Orthop\u00e9die","isPartOf":{"@id":"https:\/\/coa-aco.org\/#website"},"datePublished":"2022-12-28T20:29:52+00:00","dateModified":"2022-12-28T23:06:03+00:00","breadcrumb":{"@id":"https:\/\/coa-aco.org\/linked-sites-disclaimer\/#breadcrumb"},"inLanguage":"fr-FR","potentialAction":[{"@type":"ReadAction","target":["https:\/\/coa-aco.org\/linked-sites-disclaimer\/"]}]},{"@type":"BreadcrumbList","@id":"https:\/\/coa-aco.org\/linked-sites-disclaimer\/#breadcrumb","itemListElement":[{"@type":"ListItem","position":1,"name":"Home","item":"https:\/\/coa-aco.org\/fr\/"},{"@type":"ListItem","position":2,"name":"D\u00e9charge de responsabilit\u00e9 quant aux sites li\u00e9s"}]},{"@type":"WebSite","@id":"https:\/\/coa-aco.org\/#website","url":"https:\/\/coa-aco.org\/","name":"Association Canadienne d'Orthop\u00e9die","description":"","potentialAction":[{"@type":"SearchAction","target":{"@type":"EntryPoint","urlTemplate":"https:\/\/coa-aco.org\/?s={search_term_string}"},"query-input":"required name=search_term_string"}],"inLanguage":"fr-FR"}]}},"_links":{"self":[{"href":"https:\/\/coa-aco.org\/fr\/wp-json\/wp\/v2\/pages\/1574","targetHints":{"allow":["GET"]}}],"collection":[{"href":"https:\/\/coa-aco.org\/fr\/wp-json\/wp\/v2\/pages"}],"about":[{"href":"https:\/\/coa-aco.org\/fr\/wp-json\/wp\/v2\/types\/page"}],"author":[{"embeddable":true,"href":"https:\/\/coa-aco.org\/fr\/wp-json\/wp\/v2\/users\/1"}],"replies":[{"embeddable":true,"href":"https:\/\/coa-aco.org\/fr\/wp-json\/wp\/v2\/comments?post=1574"}],"version-history":[{"count":0,"href":"https:\/\/coa-aco.org\/fr\/wp-json\/wp\/v2\/pages\/1574\/revisions"}],"wp:attachment":[{"href":"https:\/\/coa-aco.org\/fr\/wp-json\/wp\/v2\/media?parent=1574"}],"curies":[{"name":"wp","href":"https:\/\/api.w.org\/{rel}","templated":true}]}}