{"id":1592,"date":"2022-12-16T21:12:03","date_gmt":"2022-12-16T21:12:03","guid":{"rendered":"https:\/\/coa-aco.org\/?page_id=1592"},"modified":"2025-11-14T20:22:41","modified_gmt":"2025-11-14T20:22:41","slug":"droit-dauteur","status":"publish","type":"page","link":"https:\/\/coa-aco.org\/fr\/droit-dauteur\/","title":{"rendered":"Droit d\u2019auteur"},"content":{"rendered":"\r\n<div class=\"hero hero--small\">\r\n\t<div class=\"shell hero__shell\">\r\n\t\t<div class=\"hero__inner\">\r\n\t\t\t<div class=\"hero__content\">\r\n\t\t\t\t\r\n\t\t\t\t<header class=\"hero__head richtext-entry\">\r\n\t\t\t\t\t<h1><b>Droit d\u2019auteur<\/b><\/h1>\n\t\t\t\t<\/header><!-- \/.hero__head -->\r\n\r\n\t\t\t\t<div class=\"hero__body richtext-entry\">\r\n\t\t\t\t\t<p><span style=\"font-weight: 400;\">L\u2019Association Canadienne d\u2019Orthop\u00e9die (ACO) g\u00e8re le droit de reproduction de toute l\u2019information qu\u2019elle produit ou publie dans tout format, y compris sur papier ou sur ce site Web. L\u2019ACO est \u00e9galement titulaire des droits d\u2019auteur pour le contenu publi\u00e9 sous son logo dans sa publication diffus\u00e9e aupr\u00e8s de ses membres, le Bulletin.<\/span><\/p>\n\t\t\t\t<\/div><!-- \/.hero__body richtext-entry -->\r\n\t\t\t<\/div><!-- \/.hero__content -->\r\n\r\n\t\t\t<div class=\"hero__media\">\r\n\t\t\t\t<img loading=\"lazy\" decoding=\"async\" width=\"768\" height=\"396\" src=\"https:\/\/coa-aco.org\/wp-content\/uploads\/2022\/12\/hero-img-small-@2x-768x396.png\" class=\"attachment-medium_large size-medium_large\" alt=\"\" srcset=\"https:\/\/coa-aco.org\/wp-content\/uploads\/2022\/12\/hero-img-small-@2x-768x396.png 768w, https:\/\/coa-aco.org\/wp-content\/uploads\/2022\/12\/hero-img-small-@2x-300x155.png 300w, https:\/\/coa-aco.org\/wp-content\/uploads\/2022\/12\/hero-img-small-@2x.png 1024w\" sizes=\"auto, (max-width: 768px) 100vw, 768px\" \/>\t\t\t<\/div><!-- \/.hero__media -->\r\n\t\t<\/div><!-- \/.hero__inner -->\r\n\t<\/div><!-- \/.shell hero__shell -->\r\n<\/div><!-- \/.hero hero-\/-small -->\r\n\n\n\r\n<section class=\"section  section--white\">\r\n\t<div class=\"shell\">\r\n\t\t<div class=\"grid\">\r\n\t\t\t<div class=\"grid__col grid__col--2of3\">\r\n\t\t\t\t<div class=\"entry \">\r\n\t\t\t\t\t\r\n\t\t\t\t\t<div class=\"entry__body richtext-entry\">\r\n\t\t\t\t\t\t<p><strong>Objectif de la politique sur le droit d\u2019auteur<\/strong><br \/>\nL\u2019Association Canadienne d\u2019Orthop\u00e9die (ACO) s\u2019engage \u00e0 prot\u00e9ger la propri\u00e9t\u00e9 intellectuelle de ses employ\u00e9s, b\u00e9n\u00e9voles, membres, collaborateurs et autres parties prenantes.<br \/>\nDans le cadre de divers projets et activit\u00e9s, notamment lors de l\u2019Assembl\u00e9e g\u00e9n\u00e9rale annuelle, l\u2019ACO recueille et conserve fr\u00e9quemment des \u0153uvres intellectuelles produites par ses membres. La pr\u00e9sente politique vise \u00e0 \u00e9tablir des lignes directrices claires concernant la protection, l\u2019utilisation et la diffusion de ces \u0153uvres et documents originaux. Elle garantit que toute propri\u00e9t\u00e9 intellectuelle conserv\u00e9e et g\u00e9r\u00e9e par l\u2019ACO est prot\u00e9g\u00e9e contre toute utilisation non autoris\u00e9e ou toute violation.<\/p>\n<p>La politique pr\u00e9cise \u00e9galement les droits et responsabilit\u00e9s des cr\u00e9ateurs de propri\u00e9t\u00e9 intellectuelle ainsi que ceux de l\u2019Association, favorisant ainsi la transparence et la responsabilit\u00e9 dans la gestion des contenus prot\u00e9g\u00e9s. Ce faisant, elle soutient une utilisation \u00e9thique et l\u00e9gale de la propri\u00e9t\u00e9 intellectuelle, dans un esprit de respect des droits des cr\u00e9ateurs.<\/p>\n<p><strong>D\u00e9finition du droit d\u2019auteur dans le cadre de l\u2019ACO<\/strong><br \/>\nLe droit d\u2019auteur applicable aux r\u00e9unions scientifiques, y compris mais sans s\u2019y limiter, \u00e0 l\u2019Assembl\u00e9e g\u00e9n\u00e9rale annuelle, aux r\u00e9unions de comit\u00e9 et aux rencontres avec des partenaires, en personne ou en virtuel, constitue une protection l\u00e9gale garantissant que tout contenu original pr\u00e9sent\u00e9 \u2014 notamment les r\u00e9sultats de recherche, les pr\u00e9sentations et les documents \u2014 demeure sous le contr\u00f4le exclusif de ses cr\u00e9ateurs. Cette protection interdit toute utilisation, reproduction ou distribution non autoris\u00e9e, afin de pr\u00e9server les droits de propri\u00e9t\u00e9 intellectuelle des auteurs et pr\u00e9sentateurs. Il incombe \u00e0 chaque pr\u00e9sentateur de s\u2019assurer que sa pr\u00e9sentation respecte la Loi canadienne sur le droit d\u2019auteur et que toutes les sources sont correctement cit\u00e9es.<\/p>\n<p>L\u2019ACO contr\u00f4le toute information qu\u2019elle d\u00e9veloppe ou publie, quel qu\u2019en soit le format (imprim\u00e9 ou num\u00e9rique). Toute demande de reproduction de mat\u00e9riel \u00e0 des fins \u00e9ducatives ou de plaidoyer doit \u00eatre soumise \u00e0 l\u2019ACO. L\u2019Association s\u2019efforce de respecter pleinement les pratiques en mati\u00e8re de droit d\u2019auteur lors de la cr\u00e9ation de contenu, en obtenant les autorisations n\u00e9cessaires, en citant ses sources et en reconnaissant les contributions des organisations affili\u00e9es et autres partenaires.<\/p>\n<p><strong>Utilisation du logo<\/strong><br \/>\nL\u2019ACO n\u2019autorise pas l\u2019utilisation de son logo dans des documents imprim\u00e9s ou num\u00e9riques sans autorisation expresse pr\u00e9alable.<\/p>\n<p><strong>Utilisation de contenu externe<\/strong><br \/>\nIl est g\u00e9n\u00e9ralement permis de cr\u00e9er un lien vers une vid\u00e9o en ligne, \u00e0 condition que celle-ci ne contienne pas de contenu contrefait. De nombreuses vid\u00e9os peuvent avoir \u00e9t\u00e9 mises en ligne sans l\u2019autorisation du d\u00e9tenteur des droits. Si des indices sugg\u00e8rent une telle situation, il convient d\u2019\u00e9viter de cr\u00e9er un lien vers la vid\u00e9o.<br \/>\nSi des extraits d\u2019une vid\u00e9o en ligne doivent \u00eatre copi\u00e9s, une autorisation doit \u00eatre obtenue aupr\u00e8s du d\u00e9tenteur des droits. En vertu de l\u2019exception de l\u2019utilisation \u00e9quitable, l\u2019utilisation d\u2019un court extrait (moins de 10 %) peut \u00eatre permise. De plus, la copie d\u2019une vid\u00e9o ou d\u2019un contenu en ligne \u00e0 des fins \u00e9ducatives peut \u00eatre autoris\u00e9e selon une exception pr\u00e9vue dans la Loi canadienne sur le droit d\u2019auteur, \u00e0 condition que la source soit cit\u00e9e, que l\u2019original ne soit pas prot\u00e9g\u00e9 par un verrou num\u00e9rique, qu\u2019il ne s\u2019agisse pas d\u2019une copie contrefaite, et qu\u2019aucun avis visible sur le site d\u2019origine n\u2019interdise une telle utilisation. Pour plus de d\u00e9tails sur les utilisations permises du contenu en ligne, veuillez consulter les conditions d\u2019utilisation de la plateforme concern\u00e9e.<\/p>\n<p><strong>Utilisation \u00e9quitable<\/strong><br \/>\nL\u2019utilisation \u00e9quitable, telle que d\u00e9finie par la Loi canadienne sur le droit d\u2019auteur, permet de faire des copies sans l\u2019autorisation du titulaire des droits pour des fins pr\u00e9cises telles que la recherche, l\u2019\u00e9tude priv\u00e9e, la critique ou la recension, la couverture m\u00e9diatique, et la parodie ou la satire.<br \/>\nLors d\u2019\u00e9v\u00e9nements \u00e9ducatifs accr\u00e9dit\u00e9s, les formateurs peuvent distribuer de courts extraits (~10 %) de documents prot\u00e9g\u00e9s aux participants en vertu de cette exception. Pour des extraits plus longs, une autorisation du titulaire des droits est requise.<\/p>\n<p><strong>Transparence<\/strong><br \/>\nL\u2019ACO s\u2019engage \u00e0 maintenir une transparence totale dans ses pratiques en mati\u00e8re de droit d\u2019auteur. Nous veillons \u00e0 ce que toutes les parties prenantes soient inform\u00e9es de la mani\u00e8re dont les contenus prot\u00e9g\u00e9s par le droit d\u2019auteur sont utilis\u00e9s, diffus\u00e9s et s\u00e9curis\u00e9s. Nous fournissons des directives claires sur la fa\u00e7on de demander des autorisations et pr\u00e9cisons les conditions d\u2019utilisation des contenus prot\u00e9g\u00e9s. Toute modification de notre politique sur le droit d\u2019auteur sera publi\u00e9e sur notre site web.<\/p>\n\t\t\t\t\t<\/div><!-- \/.entry__body richtext-entry -->\r\n\r\n\t\t\t\t\t\t\t\t\t<\/div><!-- \/.entry -->\r\n\t\t\t<\/div><!-- \/.grid__col grid__col-\/-2of3 -->\r\n\r\n\r\n\t\t\t\t\t\t\t<div class=\"grid__col grid__col--1of3\">\r\n\t\t\t\t\t<article class=\"article-tile\">\r\n\t\t\t\t\t\t\r\n\t\t\t\t\t\t\r\n\t\t\t\t\t\t<div class=\"article__content\">\r\n\t\t\t\t\t\t\t<div class=\"article__body\">\r\n\t\t\t\t\t\t\t\t<p>Pour toute demande ou question, veuillez \u00e9crire \u00e0 : policy@canorth.org.<\/p>\n\t\t\t\t\t\t\t<\/div><!-- \/.article__body -->\r\n\r\n\t\t\t\t\t\t\t\t\t\t\t\t\t<\/div><!-- \/.article__content -->\r\n\t\t\t\t\t<\/article><!-- \/.article-tile-->\r\n\t\t\t\t<\/div><!-- \/.grid__col grid__col-\/-1of3 -->\r\n\t\t\t\r\n\t\t\t\r\n\t\t\t\t\t<\/div><!-- \/.grid -->\r\n\t<\/div><!-- \/.shell -->\r\n<\/section><!-- \/.section -->\r\n","protected":false},"excerpt":{"rendered":"","protected":false},"author":1,"featured_media":0,"parent":0,"menu_order":0,"comment_status":"closed","ping_status":"closed","template":"","meta":{"om_disable_all_campaigns":false,"_monsterinsights_skip_tracking":false,"_monsterinsights_sitenote_active":false,"_monsterinsights_sitenote_note":"","_monsterinsights_sitenote_category":0,"_uf_show_specific_survey":0,"_uf_disable_surveys":false,"footnotes":""},"class_list":["post-1592","page","type-page","status-publish","hentry"],"acf":[],"aioseo_notices":[],"yoast_head":"<!-- This site is optimized with the Yoast SEO plugin v23.3 - https:\/\/yoast.com\/wordpress\/plugins\/seo\/ -->\n<title>Droit d\u2019auteur - Association Canadienne d&#039;Orthop\u00e9die<\/title>\n<meta name=\"robots\" content=\"index, follow, max-snippet:-1, max-image-preview:large, max-video-preview:-1\" \/>\n<link rel=\"canonical\" href=\"https:\/\/coa-aco.org\/fr\/droit-dauteur\/\" \/>\n<meta property=\"og:locale\" content=\"fr_FR\" \/>\n<meta property=\"og:type\" content=\"article\" \/>\n<meta property=\"og:title\" content=\"Droit d\u2019auteur - Association Canadienne d&#039;Orthop\u00e9die\" \/>\n<meta property=\"og:url\" content=\"https:\/\/coa-aco.org\/fr\/droit-dauteur\/\" \/>\n<meta property=\"og:site_name\" content=\"Association Canadienne d&#039;Orthop\u00e9die\" \/>\n<meta property=\"article:modified_time\" content=\"2025-11-14T20:22:41+00:00\" \/>\n<meta name=\"twitter:card\" content=\"summary_large_image\" \/>\n<script type=\"application\/ld+json\" class=\"yoast-schema-graph\">{\"@context\":\"https:\/\/schema.org\",\"@graph\":[{\"@type\":\"WebPage\",\"@id\":\"https:\/\/coa-aco.org\/fr\/droit-dauteur\/\",\"url\":\"https:\/\/coa-aco.org\/fr\/droit-dauteur\/\",\"name\":\"Droit d\u2019auteur - Association Canadienne d'Orthop\u00e9die\",\"isPartOf\":{\"@id\":\"https:\/\/coa-aco.org\/#website\"},\"datePublished\":\"2022-12-16T21:12:03+00:00\",\"dateModified\":\"2025-11-14T20:22:41+00:00\",\"breadcrumb\":{\"@id\":\"https:\/\/coa-aco.org\/fr\/droit-dauteur\/#breadcrumb\"},\"inLanguage\":\"fr-FR\",\"potentialAction\":[{\"@type\":\"ReadAction\",\"target\":[\"https:\/\/coa-aco.org\/fr\/droit-dauteur\/\"]}]},{\"@type\":\"BreadcrumbList\",\"@id\":\"https:\/\/coa-aco.org\/fr\/droit-dauteur\/#breadcrumb\",\"itemListElement\":[{\"@type\":\"ListItem\",\"position\":1,\"name\":\"Home\",\"item\":\"https:\/\/coa-aco.org\/fr\/\"},{\"@type\":\"ListItem\",\"position\":2,\"name\":\"Droit d\u2019auteur\"}]},{\"@type\":\"WebSite\",\"@id\":\"https:\/\/coa-aco.org\/#website\",\"url\":\"https:\/\/coa-aco.org\/\",\"name\":\"Association Canadienne d'Orthop\u00e9die\",\"description\":\"\",\"potentialAction\":[{\"@type\":\"SearchAction\",\"target\":{\"@type\":\"EntryPoint\",\"urlTemplate\":\"https:\/\/coa-aco.org\/?s={search_term_string}\"},\"query-input\":\"required name=search_term_string\"}],\"inLanguage\":\"fr-FR\"}]}<\/script>\n<!-- \/ Yoast SEO plugin. -->","yoast_head_json":{"title":"Droit d\u2019auteur - Association Canadienne d'Orthop\u00e9die","robots":{"index":"index","follow":"follow","max-snippet":"max-snippet:-1","max-image-preview":"max-image-preview:large","max-video-preview":"max-video-preview:-1"},"canonical":"https:\/\/coa-aco.org\/fr\/droit-dauteur\/","og_locale":"fr_FR","og_type":"article","og_title":"Droit d\u2019auteur - Association Canadienne d'Orthop\u00e9die","og_url":"https:\/\/coa-aco.org\/fr\/droit-dauteur\/","og_site_name":"Association Canadienne d'Orthop\u00e9die","article_modified_time":"2025-11-14T20:22:41+00:00","twitter_card":"summary_large_image","schema":{"@context":"https:\/\/schema.org","@graph":[{"@type":"WebPage","@id":"https:\/\/coa-aco.org\/fr\/droit-dauteur\/","url":"https:\/\/coa-aco.org\/fr\/droit-dauteur\/","name":"Droit d\u2019auteur - Association Canadienne d'Orthop\u00e9die","isPartOf":{"@id":"https:\/\/coa-aco.org\/#website"},"datePublished":"2022-12-16T21:12:03+00:00","dateModified":"2025-11-14T20:22:41+00:00","breadcrumb":{"@id":"https:\/\/coa-aco.org\/fr\/droit-dauteur\/#breadcrumb"},"inLanguage":"fr-FR","potentialAction":[{"@type":"ReadAction","target":["https:\/\/coa-aco.org\/fr\/droit-dauteur\/"]}]},{"@type":"BreadcrumbList","@id":"https:\/\/coa-aco.org\/fr\/droit-dauteur\/#breadcrumb","itemListElement":[{"@type":"ListItem","position":1,"name":"Home","item":"https:\/\/coa-aco.org\/fr\/"},{"@type":"ListItem","position":2,"name":"Droit d\u2019auteur"}]},{"@type":"WebSite","@id":"https:\/\/coa-aco.org\/#website","url":"https:\/\/coa-aco.org\/","name":"Association Canadienne d'Orthop\u00e9die","description":"","potentialAction":[{"@type":"SearchAction","target":{"@type":"EntryPoint","urlTemplate":"https:\/\/coa-aco.org\/?s={search_term_string}"},"query-input":"required name=search_term_string"}],"inLanguage":"fr-FR"}]}},"_links":{"self":[{"href":"https:\/\/coa-aco.org\/fr\/wp-json\/wp\/v2\/pages\/1592","targetHints":{"allow":["GET"]}}],"collection":[{"href":"https:\/\/coa-aco.org\/fr\/wp-json\/wp\/v2\/pages"}],"about":[{"href":"https:\/\/coa-aco.org\/fr\/wp-json\/wp\/v2\/types\/page"}],"author":[{"embeddable":true,"href":"https:\/\/coa-aco.org\/fr\/wp-json\/wp\/v2\/users\/1"}],"replies":[{"embeddable":true,"href":"https:\/\/coa-aco.org\/fr\/wp-json\/wp\/v2\/comments?post=1592"}],"version-history":[{"count":0,"href":"https:\/\/coa-aco.org\/fr\/wp-json\/wp\/v2\/pages\/1592\/revisions"}],"wp:attachment":[{"href":"https:\/\/coa-aco.org\/fr\/wp-json\/wp\/v2\/media?parent=1592"}],"curies":[{"name":"wp","href":"https:\/\/api.w.org\/{rel}","templated":true}]}}