{"id":2957,"date":"2023-02-20T21:12:10","date_gmt":"2023-02-20T21:12:10","guid":{"rendered":"https:\/\/coa-aco.org\/?page_id=2957"},"modified":"2023-02-20T21:15:16","modified_gmt":"2023-02-20T21:15:16","slug":"mission-et-planification-strategique","status":"publish","type":"page","link":"https:\/\/coa-aco.org\/fr\/mission-et-planification-strategique\/","title":{"rendered":"Mission et planification strat\u00e9gique"},"content":{"rendered":"\r\n<div class=\"heading\">\r\n\t<figure class=\"heading__bg-img image-fit\">\r\n\t\t<img loading=\"lazy\" decoding=\"async\" width=\"1920\" height=\"1281\" src=\"https:\/\/coa-aco.org\/wp-content\/uploads\/2023\/01\/iStock-1139851278-1920x1281.jpg\" class=\"attachment-app-fullwidth size-app-fullwidth\" alt=\"\" srcset=\"https:\/\/coa-aco.org\/wp-content\/uploads\/2023\/01\/iStock-1139851278-1920x1281.jpg 1920w, https:\/\/coa-aco.org\/wp-content\/uploads\/2023\/01\/iStock-1139851278-300x200.jpg 300w, https:\/\/coa-aco.org\/wp-content\/uploads\/2023\/01\/iStock-1139851278-1024x683.jpg 1024w, https:\/\/coa-aco.org\/wp-content\/uploads\/2023\/01\/iStock-1139851278-768x513.jpg 768w, https:\/\/coa-aco.org\/wp-content\/uploads\/2023\/01\/iStock-1139851278-1536x1025.jpg 1536w, https:\/\/coa-aco.org\/wp-content\/uploads\/2023\/01\/iStock-1139851278-2048x1367.jpg 2048w\" sizes=\"auto, (max-width: 1920px) 100vw, 1920px\" \/>\t<\/figure><!-- \/.heading__bg-img image-fit -->\r\n\r\n\t<div class=\"shell\">\r\n\t\t<div class=\"heading__inner\">\r\n\t\t\t<div class=\"heading__content\">\r\n\t\t\t\t\r\n\t\t\t\t<div class=\"heading__title\">\r\n\t\t\t\t\t<h2>Notre mission<\/h2>\n\t\t\t\t<\/div><!-- \/.heading__title -->\r\n\t\t\t<\/div><!-- \/.heading__content -->\r\n\r\n\t\t\t\t\t\t\t\t\t\t\t\t<\/div><!-- \/.heading__inner -->\r\n\t<\/div><!-- \/.shell -->\r\n<\/div><!-- \/.heading -->\r\n\n\n\r\n<section class=\"section section--offset-small section--white\">\r\n\t<div class=\"shell\">\r\n\t\t<div class=\"grid\">\r\n\t\t\t<div class=\"grid__col grid__col--2of3\">\r\n\t\t\t\t<div class=\"entry entry--centered\">\r\n\t\t\t\t\t\r\n\t\t\t\t\t<div class=\"entry__body richtext-entry\">\r\n\t\t\t\t\t\t<p>La mission de l\u2019ACO est d\u2019<strong>unir la communaut<\/strong><strong>\u00e9<\/strong><strong>\u00a0orthop<\/strong><strong>\u00e9<\/strong><strong>dique nationale gr<\/strong><strong>\u00e2<\/strong><strong>ce\u00a0<\/strong><strong>\u00e0<\/strong><strong>\u00a0la d<\/strong><strong>\u00e9<\/strong><strong>fense des droits et int<\/strong><strong>\u00e9<\/strong><strong>r<\/strong><strong>\u00ea<\/strong><strong>ts,\u00a0<\/strong><strong>\u00e0<\/strong><strong>\u00a0la formation,\u00a0<\/strong><strong>\u00e0<\/strong><strong>\u00a0la recherche et aux normes d<\/strong><strong>\u2019<\/strong><strong>exercice<\/strong>. Pour ce faire, nous maintenons nos quatre priorit\u00e9s strat\u00e9giques et valeurs inspir\u00e9es des membres que nous repr\u00e9sentons.<\/p>\n<h3>Priorit\u00e9s strat\u00e9giques<\/h3>\n<ol>\n<li><strong>Engagement :\u00a0\u00a0<\/strong>Collaboration, recrutement et maintien des membres et parties prenantes.<\/li>\n<li><strong>Formation :<\/strong>\u00a0Donner acc\u00e8s \u00e0 des programmes de formation et \u00e0 des possibilit\u00e9s de pr\u00e9sentation de qualit\u00e9.<\/li>\n<li><strong>D\u00e9fense des droits et int\u00e9r\u00eats :\u00a0<\/strong>\u00catre une voix forte et unie pour la profession, un repr\u00e9sentant appropri\u00e9 de la communaut\u00e9 orthop\u00e9dique.<\/li>\n<li><strong>Qualit\u00e9 :<\/strong>\u00a0Soutenir la recherche et le transfert des connaissances et \u00e9laborer des politiques en vue de normaliser la qualit\u00e9 des soins et de l\u2019exercice.<\/li>\n<\/ol>\n<h3>Valeurs fondamentales<\/h3>\n<ul>\n<li><strong>Int\u00e9grit\u00e9 :\u00a0<\/strong>Promouvoir la transparence, la constance et la reddition de comptes aupr\u00e8s des dirigeants et membres de l\u2019ACO.<\/li>\n<li><strong>Leadership :<\/strong>\u00a0\u00catre une source unique o\u00f9 obtenir une perspective nationale sur la profession et la sp\u00e9cialit\u00e9.<\/li>\n<li><strong>Diversit\u00e9 :\u00a0<\/strong>\u00catre repr\u00e9sentatif des membres et patients que l\u2019ACO sert.<\/li>\n<li><strong>Excellence :<\/strong>\u00a0Am\u00e9liorer les comp\u00e9tences en chirurgie, l\u2019acc\u00e8s aux soins, les possibilit\u00e9s li\u00e9es \u00e0 la recherche et les normes d\u2019exercice.<\/li>\n<\/ul>\n\t\t\t\t\t<\/div><!-- \/.entry__body richtext-entry -->\r\n\r\n\t\t\t\t\t\t\t\t\t<\/div><!-- \/.entry -->\r\n\t\t\t<\/div><!-- \/.grid__col grid__col-\/-2of3 -->\r\n\r\n\r\n\t\t\t\r\n\t\t\t\r\n\t\t\t\t\t\t\t<div class=\"grid__col grid__col--1of3\">\r\n\t\t\t\t\t<figure class=\"image-auto image-auto--logo\">\r\n\t\t\t\t\t\t<img loading=\"lazy\" decoding=\"async\" width=\"768\" height=\"513\" src=\"https:\/\/coa-aco.org\/wp-content\/uploads\/2023\/01\/iStock-1139847114-768x513.jpg\" class=\"attachment-medium_large size-medium_large\" alt=\"\" srcset=\"https:\/\/coa-aco.org\/wp-content\/uploads\/2023\/01\/iStock-1139847114-768x513.jpg 768w, https:\/\/coa-aco.org\/wp-content\/uploads\/2023\/01\/iStock-1139847114-300x200.jpg 300w, https:\/\/coa-aco.org\/wp-content\/uploads\/2023\/01\/iStock-1139847114-1024x683.jpg 1024w, https:\/\/coa-aco.org\/wp-content\/uploads\/2023\/01\/iStock-1139847114-1536x1025.jpg 1536w, https:\/\/coa-aco.org\/wp-content\/uploads\/2023\/01\/iStock-1139847114-2048x1367.jpg 2048w, https:\/\/coa-aco.org\/wp-content\/uploads\/2023\/01\/iStock-1139847114-1920x1281.jpg 1920w\" sizes=\"auto, (max-width: 768px) 100vw, 768px\" \/>\t\t\t\t\t<\/figure>\r\n\t\t\t\t<\/div><!-- \/.grid__col grid__col-\/-1of3 -->\r\n\t\t\t\t\t<\/div><!-- \/.grid -->\r\n\t<\/div><!-- \/.shell -->\r\n<\/section><!-- \/.section -->\r\n\n\n\r\n<section class=\"section section--offset-small section--white\">\r\n\t<div class=\"shell\">\r\n\t\t<div class=\"grid grid--reversed\">\r\n\t\t\t<div class=\"grid__col grid__col--2of3\">\r\n\t\t\t\t<div class=\"entry entry--centered\">\r\n\t\t\t\t\t\r\n\t\t\t\t\t<div class=\"entry__body richtext-entry\">\r\n\t\t\t\t\t\t<h2>Planification strat\u00e9gique 2022-2025<\/h2>\n<p><strong>De 2022 \u00e0 2025, l\u2019ACO souhaite atteindre les objectifs suivants de mani\u00e8re durable\u00a0:<\/strong><\/p>\n<ul>\n<li>Chercher et cr\u00e9er des possibilit\u00e9s d\u2019<strong>engagement<\/strong>\u00a0avec les membres, soci\u00e9t\u00e9s de sous-sp\u00e9cialit\u00e9, associations nationales, autorit\u00e9s gouvernementales et collaborateurs \u00e0 l\u2019\u00e9tranger.<\/li>\n<li>Mener des efforts de\u00a0<strong>d<\/strong><strong>\u00e9<\/strong><strong>fense des droits et int<\/strong><strong>\u00e9<\/strong><strong>r<\/strong><strong>\u00ea<\/strong><strong>ts<\/strong>\u00a0des membres et participer \u00e0 des mesures connexes de partenaires.<\/li>\n<li>Augmenter la vari\u00e9t\u00e9 de la\u00a0<strong>formation<\/strong>\u00a0et les options de prestation en tenant compte des associations provinciales et nationales, soci\u00e9t\u00e9s de sous-sp\u00e9cialit\u00e9 et collaborateurs \u00e0 l\u2019\u00e9tranger.<\/li>\n<li>Appliquer des normes de\u00a0<strong>qualit\u00e9<\/strong>\u00a0pour les politiques, les lignes directrices, les \u00e9nonc\u00e9s de position, le soutien \u00e0 la recherche et les approches internes et publiques visant \u00e0 concr\u00e9tiser la mission de l\u2019ACO, aujourd\u2019hui et \u00e0 l\u2019avenir.<\/li>\n<\/ul>\n\t\t\t\t\t<\/div><!-- \/.entry__body richtext-entry -->\r\n\r\n\t\t\t\t\t\t\t\t\t\t\t<div class=\"entry__actions\">\r\n\t\t\t\t\t\t\t<a href=\"https:\/\/oldcoabackup.wpengine.com\/wp-content\/uploads\/2022\/07\/COA-Strategic-Plan-Two-Pager-French.pdf\" target=\"_blank\" class=\"link\">\r\n\t\t\t\t\t\t\t\t<span>\r\n\t\t\t\t\t\t\t\t\tVoir le plan strat\u00e9gique ici\t\t\t\t\t\t\t\t<\/span>\r\n\r\n\t\t\t\t\t\t\t\t<figure class=\"link__ico\">\r\n\t\t\t\t\t\t\t\t\t<svg width=\"19\" height=\"13\" viewBox=\"0 0 19 13\" fill=\"none\" xmlns=\"http:\/\/www.w3.org\/2000\/svg\">\r\n\t\t\t\t\t\t\t\t\t\t<path d=\"M17.6484 7.05859C18.1055 6.63672 18.1055 5.89844 17.6484 5.47656L13.1484 0.976562C12.7266 0.519531 11.9883 0.519531 11.5664 0.976562C11.1094 1.39844 11.1094 2.13672 11.5664 2.55859L14.1328 5.125H1.125C0.492188 5.125 0 5.65234 0 6.25C0 6.88281 0.492188 7.375 1.125 7.375H14.1328L11.5664 9.97656C11.1094 10.3984 11.1094 11.1367 11.5664 11.5586C11.9883 12.0156 12.7266 12.0156 13.1484 11.5586L17.6484 7.05859Z\"\/>\r\n\t\t\t\t\t\t\t\t\t<\/svg>\r\n\t\t\t\t\t\t\t\t<\/figure><!-- \/.link__ico -->\r\n\t\t\t\t\t\t\t<\/a>\r\n\t\t\t\t\t\t<\/div><!-- \/.entry__actions -->\r\n\t\t\t\t\t\t\t\t\t<\/div><!-- \/.entry -->\r\n\t\t\t<\/div><!-- \/.grid__col grid__col-\/-2of3 -->\r\n\r\n\r\n\t\t\t\r\n\t\t\t\r\n\t\t\t\t\t\t\t<div class=\"grid__col grid__col--1of3\">\r\n\t\t\t\t\t<figure class=\"image-auto image-auto--logo\">\r\n\t\t\t\t\t\t<img loading=\"lazy\" decoding=\"async\" width=\"768\" height=\"512\" src=\"https:\/\/coa-aco.org\/wp-content\/uploads\/2023\/01\/iStock-1403183236-768x512.jpg\" class=\"attachment-medium_large size-medium_large\" alt=\"\" srcset=\"https:\/\/coa-aco.org\/wp-content\/uploads\/2023\/01\/iStock-1403183236-768x512.jpg 768w, https:\/\/coa-aco.org\/wp-content\/uploads\/2023\/01\/iStock-1403183236-300x200.jpg 300w, https:\/\/coa-aco.org\/wp-content\/uploads\/2023\/01\/iStock-1403183236-1024x683.jpg 1024w, https:\/\/coa-aco.org\/wp-content\/uploads\/2023\/01\/iStock-1403183236-1536x1024.jpg 1536w, https:\/\/coa-aco.org\/wp-content\/uploads\/2023\/01\/iStock-1403183236-2048x1365.jpg 2048w, https:\/\/coa-aco.org\/wp-content\/uploads\/2023\/01\/iStock-1403183236-1920x1280.jpg 1920w\" sizes=\"auto, (max-width: 768px) 100vw, 768px\" \/>\t\t\t\t\t<\/figure>\r\n\t\t\t\t<\/div><!-- \/.grid__col grid__col-\/-1of3 -->\r\n\t\t\t\t\t<\/div><!-- \/.grid -->\r\n\t<\/div><!-- \/.shell -->\r\n<\/section><!-- \/.section -->\r\n\n\n\r\n<section class=\"section section--white\">\r\n\t<div class=\"shell\">\r\n\t\t<div class=\"grid grid--reversed accordion-grid\">\r\n\t\t\t<div class=\"grid__col grid__col--2of3\">\r\n\t\t\t\t\t\t\t\t<div class=\"accordion\">\r\n\t\t\t\t\t\t\t\t\t\t\t<div class=\"accordion__section\">\r\n\t\t\t\t\t\t\t<div class=\"accordion__head\">\r\n\t\t\t\t\t\t\t\t<div class=\"accordion__head-wrapper\">\r\n\t\t\t\t\t\t\t\t\t<h6>\r\n\t\t\t\t\t\t\t\t\t\tPlan strat\u00e9gique en mati\u00e8re de diversit\u00e9 des sexes \u2013 Novembre 2019\t\t\t\t\t\t\t\t\t<\/h6>\r\n\t\t\t\t\t\t\t\t<\/div><!-- \/.accordion__head-wrapper -->\r\n\r\n\t\t\t\t\t\t\t\t<figure class=\"accordion__ico\">\r\n\t\t\t\t\t\t\t\t\t<img decoding=\"async\" src=\"https:\/\/coa-aco.org\/wp-content\/themes\/canadian-orthopaedic-association\/resources\/images\/temp\/dropdown-ico.svg\" alt=\"\">\r\n\t\t\t\t\t\t\t\t<\/figure><!-- \/.accordion__ico -->\r\n\t\t\t\t\t\t\t<\/div><!-- \/.accordion__head -->\r\n\r\n\t\t\t\t\t\t\t<div class=\"accordion__body richtext-entry\">\r\n\t\t\t\t\t\t\t\t<p>Au Canada, parmi les sp\u00e9cialit\u00e9s chirurgicales, c\u2019est en orthop\u00e9die qu\u2019on trouve la plus faible proportion de chirurgiennes. En 1968, on comptait \u00e0 peine 0,9\u00a0% de femmes orthop\u00e9distes actives; en 2018, ce taux \u00e9tait de 11,2\u00a0%. Comme au moins la moiti\u00e9 des dipl\u00f4m\u00e9s des \u00e9coles de m\u00e9decine sont des femmes, cette proportion reste bien en de\u00e7\u00e0 du nombre de femmes qui devraient choisir l\u2019orthop\u00e9die.\u00a0On a cern\u00e9 de nombreux obstacles expliquant la difficult\u00e9 \u00e0 attirer des femmes en orthop\u00e9die, ainsi qu\u2019\u00e0 la nomination de femmes \u00e0 des postes de leadership. Le biais implicite affecte n\u00e9gativement tous les aspects de la carri\u00e8re des femmes en orthop\u00e9die, et joue un r\u00f4le dans la difficult\u00e9 \u00e0 attirer des femmes en orthop\u00e9die, l\u2019optimisation du d\u00e9veloppement de carri\u00e8re chez les femmes, la disparit\u00e9 salariale selon le sexe et le manque de possibilit\u00e9s de leadership.<\/p>\n<p>Afin de surmonter cette difficult\u00e9, l\u2019ACO a besoin d\u2019un plan exhaustif et coh\u00e9sif en vue d\u2019\u00e9liminer les disparit\u00e9s syst\u00e9miques fond\u00e9es sur le sexe qui persistent au sein de la profession.\u00a0L\u2019ACO comprend la force inh\u00e9rente \u00e0 la diversit\u00e9 et cherche \u00e0 promouvoir une culture d\u2019\u00e9quit\u00e9, et\u00a0non d\u2019\u00e9galit\u00e9, o\u00f9 tous et toutes b\u00e9n\u00e9ficient d\u2019un acc\u00e8s impartial aux m\u00eames possibilit\u00e9s. Le Plan strat\u00e9gique en mati\u00e8re de diversit\u00e9 des sexes de l\u2019ACO fournit des strat\u00e9gies cl\u00e9s et des mesures pratiques de promotion de l\u2019\u00e9quit\u00e9 entre les sexes au sein de la communaut\u00e9 orthop\u00e9dique canadienne de sorte \u00e0 maximiser le talent, la comp\u00e9tence et la diversit\u00e9 au sein de la sp\u00e9cialit\u00e9.<\/p>\n<p><a href=\"https:\/\/oldcoabackup.wpengine.com\/wp-content\/uploads\/2019\/11\/COA-Diversity-Stategic-Plan-final-21-2019.pdf\"><b>Cliquez ici pour consulter le Plan strat\u00e9gique en mati\u00e8re de diversit\u00e9 des sexes de l&#8217;ACO<\/b><\/a><br \/>\n(version fran\u00e7aise disponible sur demande).<\/p>\n\t\t\t\t\t\t\t<\/div><!-- \/.accordion__body richtext-entry -->\r\n\t\t\t\t\t\t<\/div><!-- \/.accordion__section -->\r\n\t\t\t\t\t\t\t\t\t<\/div><!-- \/.accordion -->\r\n\t\t\t<\/div><!-- \/.grid__col grid__col-\/-2of3 -->\r\n\r\n\t\t\t\t\t\t\t<div class=\"grid__col grid__col--1of3\">\r\n\t\t\t\t\t<div class=\"entry\">\r\n\t\t\t\t\t\t<div class=\"enrty__body\">\r\n\t\t\t\t\t\t\t<h2><strong>Autres plans strat\u00e9giques<\/strong><\/h2>\n<p id=\"tw-target-text\" class=\"tw-data-text tw-text-large tw-ta\" dir=\"ltr\" data-placeholder=\"Translation\"><span class=\"Y2IQFc\" lang=\"fr\">Lisez les derni\u00e8res mises \u00e0 jour.<\/span><\/p>\n\t\t\t\t\t\t<\/div><!-- \/.enrty__body -->\r\n\t\t\t\t\t<\/div><!-- \/.entry -->\r\n\t\t\t\t<\/div><!-- \/.grid__col grid__col-\/-1of3 -->\r\n\t\t\t\t\t<\/div><!-- \/.grid grid-\/-reversed -->\r\n\t<\/div><!-- \/.shell -->\r\n<\/section><!-- \/.section section-\/-white -->\r\n","protected":false},"excerpt":{"rendered":"","protected":false},"author":1,"featured_media":0,"parent":0,"menu_order":0,"comment_status":"closed","ping_status":"closed","template":"","meta":{"om_disable_all_campaigns":false,"_monsterinsights_skip_tracking":false,"_monsterinsights_sitenote_active":false,"_monsterinsights_sitenote_note":"","_monsterinsights_sitenote_category":0,"_uf_show_specific_survey":0,"_uf_disable_surveys":false,"footnotes":""},"class_list":["post-2957","page","type-page","status-publish","hentry"],"acf":[],"aioseo_notices":[],"yoast_head":"<!-- This site is optimized with the Yoast SEO plugin v23.3 - https:\/\/yoast.com\/wordpress\/plugins\/seo\/ -->\n<title>Mission et planification strat\u00e9gique - Association Canadienne d&#039;Orthop\u00e9die<\/title>\n<meta name=\"robots\" content=\"index, follow, max-snippet:-1, max-image-preview:large, max-video-preview:-1\" \/>\n<link rel=\"canonical\" href=\"https:\/\/coa-aco.org\/fr\/mission-et-planification-strategique\/\" \/>\n<meta property=\"og:locale\" content=\"fr_FR\" \/>\n<meta property=\"og:type\" content=\"article\" \/>\n<meta property=\"og:title\" content=\"Mission et planification strat\u00e9gique - Association Canadienne d&#039;Orthop\u00e9die\" \/>\n<meta property=\"og:url\" content=\"https:\/\/coa-aco.org\/fr\/mission-et-planification-strategique\/\" \/>\n<meta property=\"og:site_name\" content=\"Association Canadienne d&#039;Orthop\u00e9die\" \/>\n<meta property=\"article:modified_time\" content=\"2023-02-20T21:15:16+00:00\" \/>\n<meta name=\"twitter:card\" content=\"summary_large_image\" \/>\n<script type=\"application\/ld+json\" class=\"yoast-schema-graph\">{\"@context\":\"https:\/\/schema.org\",\"@graph\":[{\"@type\":\"WebPage\",\"@id\":\"https:\/\/coa-aco.org\/fr\/mission-et-planification-strategique\/\",\"url\":\"https:\/\/coa-aco.org\/fr\/mission-et-planification-strategique\/\",\"name\":\"Mission et planification strat\u00e9gique - Association Canadienne d'Orthop\u00e9die\",\"isPartOf\":{\"@id\":\"https:\/\/coa-aco.org\/#website\"},\"datePublished\":\"2023-02-20T21:12:10+00:00\",\"dateModified\":\"2023-02-20T21:15:16+00:00\",\"breadcrumb\":{\"@id\":\"https:\/\/coa-aco.org\/fr\/mission-et-planification-strategique\/#breadcrumb\"},\"inLanguage\":\"fr-FR\",\"potentialAction\":[{\"@type\":\"ReadAction\",\"target\":[\"https:\/\/coa-aco.org\/fr\/mission-et-planification-strategique\/\"]}]},{\"@type\":\"BreadcrumbList\",\"@id\":\"https:\/\/coa-aco.org\/fr\/mission-et-planification-strategique\/#breadcrumb\",\"itemListElement\":[{\"@type\":\"ListItem\",\"position\":1,\"name\":\"Home\",\"item\":\"https:\/\/coa-aco.org\/fr\/\"},{\"@type\":\"ListItem\",\"position\":2,\"name\":\"Mission et planification strat\u00e9gique\"}]},{\"@type\":\"WebSite\",\"@id\":\"https:\/\/coa-aco.org\/#website\",\"url\":\"https:\/\/coa-aco.org\/\",\"name\":\"Association Canadienne d'Orthop\u00e9die\",\"description\":\"\",\"potentialAction\":[{\"@type\":\"SearchAction\",\"target\":{\"@type\":\"EntryPoint\",\"urlTemplate\":\"https:\/\/coa-aco.org\/?s={search_term_string}\"},\"query-input\":\"required name=search_term_string\"}],\"inLanguage\":\"fr-FR\"}]}<\/script>\n<!-- \/ Yoast SEO plugin. -->","yoast_head_json":{"title":"Mission et planification strat\u00e9gique - Association Canadienne d'Orthop\u00e9die","robots":{"index":"index","follow":"follow","max-snippet":"max-snippet:-1","max-image-preview":"max-image-preview:large","max-video-preview":"max-video-preview:-1"},"canonical":"https:\/\/coa-aco.org\/fr\/mission-et-planification-strategique\/","og_locale":"fr_FR","og_type":"article","og_title":"Mission et planification strat\u00e9gique - Association Canadienne d'Orthop\u00e9die","og_url":"https:\/\/coa-aco.org\/fr\/mission-et-planification-strategique\/","og_site_name":"Association Canadienne d'Orthop\u00e9die","article_modified_time":"2023-02-20T21:15:16+00:00","twitter_card":"summary_large_image","schema":{"@context":"https:\/\/schema.org","@graph":[{"@type":"WebPage","@id":"https:\/\/coa-aco.org\/fr\/mission-et-planification-strategique\/","url":"https:\/\/coa-aco.org\/fr\/mission-et-planification-strategique\/","name":"Mission et planification strat\u00e9gique - Association Canadienne d'Orthop\u00e9die","isPartOf":{"@id":"https:\/\/coa-aco.org\/#website"},"datePublished":"2023-02-20T21:12:10+00:00","dateModified":"2023-02-20T21:15:16+00:00","breadcrumb":{"@id":"https:\/\/coa-aco.org\/fr\/mission-et-planification-strategique\/#breadcrumb"},"inLanguage":"fr-FR","potentialAction":[{"@type":"ReadAction","target":["https:\/\/coa-aco.org\/fr\/mission-et-planification-strategique\/"]}]},{"@type":"BreadcrumbList","@id":"https:\/\/coa-aco.org\/fr\/mission-et-planification-strategique\/#breadcrumb","itemListElement":[{"@type":"ListItem","position":1,"name":"Home","item":"https:\/\/coa-aco.org\/fr\/"},{"@type":"ListItem","position":2,"name":"Mission et planification strat\u00e9gique"}]},{"@type":"WebSite","@id":"https:\/\/coa-aco.org\/#website","url":"https:\/\/coa-aco.org\/","name":"Association Canadienne d'Orthop\u00e9die","description":"","potentialAction":[{"@type":"SearchAction","target":{"@type":"EntryPoint","urlTemplate":"https:\/\/coa-aco.org\/?s={search_term_string}"},"query-input":"required name=search_term_string"}],"inLanguage":"fr-FR"}]}},"_links":{"self":[{"href":"https:\/\/coa-aco.org\/fr\/wp-json\/wp\/v2\/pages\/2957","targetHints":{"allow":["GET"]}}],"collection":[{"href":"https:\/\/coa-aco.org\/fr\/wp-json\/wp\/v2\/pages"}],"about":[{"href":"https:\/\/coa-aco.org\/fr\/wp-json\/wp\/v2\/types\/page"}],"author":[{"embeddable":true,"href":"https:\/\/coa-aco.org\/fr\/wp-json\/wp\/v2\/users\/1"}],"replies":[{"embeddable":true,"href":"https:\/\/coa-aco.org\/fr\/wp-json\/wp\/v2\/comments?post=2957"}],"version-history":[{"count":0,"href":"https:\/\/coa-aco.org\/fr\/wp-json\/wp\/v2\/pages\/2957\/revisions"}],"wp:attachment":[{"href":"https:\/\/coa-aco.org\/fr\/wp-json\/wp\/v2\/media?parent=2957"}],"curies":[{"name":"wp","href":"https:\/\/api.w.org\/{rel}","templated":true}]}}