{"id":3086,"date":"2023-02-20T22:37:58","date_gmt":"2023-02-20T22:37:58","guid":{"rendered":"https:\/\/coa-aco.org\/position-statements\/"},"modified":"2025-11-18T19:56:10","modified_gmt":"2025-11-18T19:56:10","slug":"position-statements","status":"publish","type":"page","link":"https:\/\/coa-aco.org\/fr\/position-statements\/","title":{"rendered":"\u00c9nonc\u00e9s de position"},"content":{"rendered":"\r\n<div class=\"hero hero--small\">\r\n\t<div class=\"shell hero__shell\">\r\n\t\t<div class=\"hero__inner\">\r\n\t\t\t<div class=\"hero__content\">\r\n\t\t\t\t\r\n\t\t\t\t<header class=\"hero__head richtext-entry\">\r\n\t\t\t\t\t<h1 class=\"avia-caption-title \">\u00c9nonc\u00e9s de position<\/h1>\n\t\t\t\t<\/header><!-- \/.hero__head -->\r\n\r\n\t\t\t\t<div class=\"hero__body richtext-entry\">\r\n\t\t\t\t\t<p>Des<strong>\u00a0\u00e9nonc\u00e9s de position<\/strong>\u00a0sont r\u00e9dig\u00e9s par le Comit\u00e9 de direction de l\u2019ACO et divers comit\u00e9s afin d\u2019\u00e9tablir le point de vue et les recommandations de l\u2019ACO sur divers enjeux. Ils sont \u00e9mis en r\u00e9ponse aux besoins des orthop\u00e9distes, des patients et des d\u00e9cideurs.<\/p>\n<p><em><strong>Tous les \u00e9nonc\u00e9s de position sont actuellement examin\u00e9s par les comit\u00e9s. Des \u00e9nonces de position mises \u00e0 jour seront disponibles d&#8217;ici la mi-2025.\u00a0<\/strong><\/em><\/p>\n\t\t\t\t<\/div><!-- \/.hero__body richtext-entry -->\r\n\t\t\t<\/div><!-- \/.hero__content -->\r\n\r\n\t\t\t<div class=\"hero__media\">\r\n\t\t\t\t<img loading=\"lazy\" decoding=\"async\" width=\"768\" height=\"396\" src=\"https:\/\/coa-aco.org\/wp-content\/uploads\/2023\/02\/COA-Small-Hero_4-768x396.png\" class=\"attachment-medium_large size-medium_large\" alt=\"\" srcset=\"https:\/\/coa-aco.org\/wp-content\/uploads\/2023\/02\/COA-Small-Hero_4-768x396.png 768w, https:\/\/coa-aco.org\/wp-content\/uploads\/2023\/02\/COA-Small-Hero_4-300x155.png 300w, https:\/\/coa-aco.org\/wp-content\/uploads\/2023\/02\/COA-Small-Hero_4-1024x528.png 1024w, https:\/\/coa-aco.org\/wp-content\/uploads\/2023\/02\/COA-Small-Hero_4-1536x792.png 1536w, https:\/\/coa-aco.org\/wp-content\/uploads\/2023\/02\/COA-Small-Hero_4-2048x1056.png 2048w, https:\/\/coa-aco.org\/wp-content\/uploads\/2023\/02\/COA-Small-Hero_4-1920x990.png 1920w\" sizes=\"auto, (max-width: 768px) 100vw, 768px\" \/>\t\t\t<\/div><!-- \/.hero__media -->\r\n\t\t<\/div><!-- \/.hero__inner -->\r\n\t<\/div><!-- \/.shell hero__shell -->\r\n<\/div><!-- \/.hero hero-\/-small -->\r\n\n\n\r\n<section class=\"section section--white\">\r\n\t<div class=\"shell\">\r\n\t\t<div class=\"grid grid--reversed accordion-grid\">\r\n\t\t\t<div class=\"grid__col grid__col--2of3\">\r\n\t\t\t\t\t\t\t\t<div class=\"accordion\">\r\n\t\t\t\t\t\t\t\t\t\t\t<div class=\"accordion__section\">\r\n\t\t\t\t\t\t\t<div class=\"accordion__head\">\r\n\t\t\t\t\t\t\t\t<div class=\"accordion__head-wrapper\">\r\n\t\t\t\t\t\t\t\t\t<h6>\r\n\t\t\t\t\t\t\t\t\t\tDerni\u00e8res \u00e9nonc\u00e9s de position\t\t\t\t\t\t\t\t\t<\/h6>\r\n\t\t\t\t\t\t\t\t<\/div><!-- \/.accordion__head-wrapper -->\r\n\r\n\t\t\t\t\t\t\t\t<figure class=\"accordion__ico\">\r\n\t\t\t\t\t\t\t\t\t<img decoding=\"async\" src=\"https:\/\/coa-aco.org\/wp-content\/themes\/canadian-orthopaedic-association\/resources\/images\/temp\/dropdown-ico.svg\" alt=\"\">\r\n\t\t\t\t\t\t\t\t<\/figure><!-- \/.accordion__ico -->\r\n\t\t\t\t\t\t\t<\/div><!-- \/.accordion__head -->\r\n\r\n\t\t\t\t\t\t\t<div class=\"accordion__body richtext-entry\">\r\n\t\t\t\t\t\t\t\t<ul>\n<li><a href=\"https:\/\/coa-aco.org\/wp-content\/uploads\/2025\/10\/DECLARATION-CONJOINTE-SUR-LE-PROJET-DE-LOI-2-3.pdf\">D\u00e9claration Conjointe Sur le Projet de LOI 2<\/a> &#8211; 2025<\/li>\n<li><a href=\"https:\/\/coa-aco.org\/wp-content\/uploads\/2025\/08\/FR-Recommendations-on-Elective-Total-Hip-and-Knee-Replacement-Surgery-in-Patients-Living-with-Obesity.pdf\">Recommandations sur l\u2019arthroplastie totale de la hanche et du genou non urgente chez les patients atteints d\u2019ob\u00e9sit\u00e9 &#8211; 2025<\/a><\/li>\n<li><a href=\"https:\/\/coa-aco.org\/wp-content\/uploads\/2025\/11\/PUBLIC-Metal-Hypersensitivity-FR.pdf\">Hypersensibilit\u00e9 aux m\u00e9taux et implants orthop\u00e9diques &#8211; 2025<\/a><\/li>\n<li><a href=\"https:\/\/coa-aco.org\/wp-content\/uploads\/2025\/03\/Joint-Statement-Oral-Treatment-for-Bone-and-Joint-Infections_fr.pdf\">Traitement par voie orale des infections osseuses et articulaires (y Compris les infections de proth\u00e8ses articulaires) &#8211; 2025<\/a><\/li>\n<li><a href=\"https:\/\/coa-aco.org\/wp-content\/uploads\/2025\/05\/COA-Pregnancy-and-Parenting-Leave-FRENCH-LONG-VERSION-Apr-4-2025.pdf\">Offrir un cadre favorable \u00e0 la grossesse et aux responsabilit\u00e9s parentales dans le milieu orthop\u00e9dique- Un \u00e9nonc\u00e9 de position de l&#8217;Association Canadienne d&#8217;Orthop\u00e9die &#8211; Version Compl\u00e8te &#8211; 2024<\/a><\/li>\n<li><a href=\"https:\/\/coa-aco.org\/wp-content\/uploads\/2025\/05\/COA-Pregnancy-and-Parenting-Leave-FRENCH-SHORT-VERSION-Apr-4-2025.pdf\">Offrir un cadre favorable \u00e0 la grossesse et aux responsabilit\u00e9s parentales dans le milieu orthop\u00e9dique\u2013 Un \u00e9nonc\u00e9 de position de l\u2019Association Canadienne d\u2019Orthop\u00e9die &#8211; Version Abr\u00e9g\u00e9e &#8211; 2024<\/a><\/li>\n<li style=\"list-style-type: none;\"><\/li>\n<\/ul>\n<p>&nbsp;<\/p>\n\t\t\t\t\t\t\t<\/div><!-- \/.accordion__body richtext-entry -->\r\n\t\t\t\t\t\t<\/div><!-- \/.accordion__section -->\r\n\t\t\t\t\t\t\t\t\t\t\t<div class=\"accordion__section\">\r\n\t\t\t\t\t\t\t<div class=\"accordion__head\">\r\n\t\t\t\t\t\t\t\t<div class=\"accordion__head-wrapper\">\r\n\t\t\t\t\t\t\t\t\t<h6>\r\n\t\t\t\t\t\t\t\t\t\tVolet de la formation\t\t\t\t\t\t\t\t\t<\/h6>\r\n\t\t\t\t\t\t\t\t<\/div><!-- \/.accordion__head-wrapper -->\r\n\r\n\t\t\t\t\t\t\t\t<figure class=\"accordion__ico\">\r\n\t\t\t\t\t\t\t\t\t<img decoding=\"async\" src=\"https:\/\/coa-aco.org\/wp-content\/themes\/canadian-orthopaedic-association\/resources\/images\/temp\/dropdown-ico.svg\" alt=\"\">\r\n\t\t\t\t\t\t\t\t<\/figure><!-- \/.accordion__ico -->\r\n\t\t\t\t\t\t\t<\/div><!-- \/.accordion__head -->\r\n\r\n\t\t\t\t\t\t\t<div class=\"accordion__body richtext-entry\">\r\n\t\t\t\t\t\t\t\t<ul>\n<li><a href=\"https:\/\/coa-aco.org\/wp-content\/uploads\/2025\/09\/2025-ACO-Enonce-de-position-sur-la-violence-conjugale-et-pratiques-exemplaires-recommandees-avril2019-FR-Copy.pdf\" target=\"_blank\" rel=\"noopener\">\u00c9nonc\u00e9 de position sur la violence conjugale et pratiques exemplaires recommand\u00e9es<\/a>\u00a0(et\u00a0<em>Annexe : Ressources en mati\u00e8re de violence conjugale) \u2013 2019<\/em><\/li>\n<\/ul>\n\t\t\t\t\t\t\t<\/div><!-- \/.accordion__body richtext-entry -->\r\n\t\t\t\t\t\t<\/div><!-- \/.accordion__section -->\r\n\t\t\t\t\t\t\t\t\t\t\t<div class=\"accordion__section\">\r\n\t\t\t\t\t\t\t<div class=\"accordion__head\">\r\n\t\t\t\t\t\t\t\t<div class=\"accordion__head-wrapper\">\r\n\t\t\t\t\t\t\t\t\t<h6>\r\n\t\t\t\t\t\t\t\t\t\tVolet de l&#039;adh\u00e9sion\t\t\t\t\t\t\t\t\t<\/h6>\r\n\t\t\t\t\t\t\t\t<\/div><!-- \/.accordion__head-wrapper -->\r\n\r\n\t\t\t\t\t\t\t\t<figure class=\"accordion__ico\">\r\n\t\t\t\t\t\t\t\t\t<img decoding=\"async\" src=\"https:\/\/coa-aco.org\/wp-content\/themes\/canadian-orthopaedic-association\/resources\/images\/temp\/dropdown-ico.svg\" alt=\"\">\r\n\t\t\t\t\t\t\t\t<\/figure><!-- \/.accordion__ico -->\r\n\t\t\t\t\t\t\t<\/div><!-- \/.accordion__head -->\r\n\r\n\t\t\t\t\t\t\t<div class=\"accordion__body richtext-entry\">\r\n\t\t\t\t\t\t\t\t<ul>\n<li><strong><a href=\"https:\/\/coa-aco.org\/wp-content\/uploads\/2024\/04\/Restrictions-concernant-les-voyages-2017.pdf\" target=\"_blank\" rel=\"noopener\">\u00c9nonc\u00e9 de position de l\u2019ACO sur les restrictions concernant les voyages \u2013 2017<\/a><\/strong><\/li>\n<\/ul>\n\t\t\t\t\t\t\t<\/div><!-- \/.accordion__body richtext-entry -->\r\n\t\t\t\t\t\t<\/div><!-- \/.accordion__section -->\r\n\t\t\t\t\t\t\t\t\t\t\t<div class=\"accordion__section\">\r\n\t\t\t\t\t\t\t<div class=\"accordion__head\">\r\n\t\t\t\t\t\t\t\t<div class=\"accordion__head-wrapper\">\r\n\t\t\t\t\t\t\t\t\t<h6>\r\n\t\t\t\t\t\t\t\t\t\tVolet de l&#039;exercice orthop\u00e9dique\t\t\t\t\t\t\t\t\t<\/h6>\r\n\t\t\t\t\t\t\t\t<\/div><!-- \/.accordion__head-wrapper -->\r\n\r\n\t\t\t\t\t\t\t\t<figure class=\"accordion__ico\">\r\n\t\t\t\t\t\t\t\t\t<img decoding=\"async\" src=\"https:\/\/coa-aco.org\/wp-content\/themes\/canadian-orthopaedic-association\/resources\/images\/temp\/dropdown-ico.svg\" alt=\"\">\r\n\t\t\t\t\t\t\t\t<\/figure><!-- \/.accordion__ico -->\r\n\t\t\t\t\t\t\t<\/div><!-- \/.accordion__head -->\r\n\r\n\t\t\t\t\t\t\t<div class=\"accordion__body richtext-entry\">\r\n\t\t\t\t\t\t\t\t<ul>\n<li>\u00c9nonc\u00e9 de position de l\u2019ACO \u2013 R\u00e9mun\u00e9ration des orthop\u00e9distes pendant la pand\u00e9mie de COVID-19 \u2013 2020 (contactez\u00a0<a href=\"mailto:policy@canorth.org\">policy@canorth.org<\/a>\u00a0pour obtenir une copie)<\/li>\n<li><a href=\"https:\/\/coa-aco.org\/wp-content\/uploads\/2025\/09\/2025-Enonce-de-position-de-lACO-Temps-reserve-aux-soins-en-orthopedie-traumatologique-le-jour-FR.pdf\" target=\"_blank\" rel=\"noopener\">\u00c9nonc\u00e9 de position de l\u2019ACO sur temps r\u00e9serv\u00e9 aux soins en orthop\u00e9die traumatologique le jour \u2013 2019<\/a><\/li>\n<li><a href=\"https:\/\/coa-aco.org\/wp-content\/uploads\/2025\/09\/2025-ACO-Enonce-de-position-Sous-emploi-des-diplomes-en-orthopedie-JAN2016-FR.pdf\" target=\"_blank\" rel=\"noopener\">\u00c9nonc\u00e9 de position de l\u2019ACO sur le sous-emploi des dipl\u00f4m\u00e9s en orthop\u00e9die \u2013 2016<\/a><\/li>\n<li><a href=\"https:\/\/coa-aco.org\/wp-content\/uploads\/2025\/09\/2025-ACO-Lignes-Directrices-sur-la-Transition-en-fin-de-carrieres-JAN2016-FR-Copy.pdf\" target=\"_blank\" rel=\"noopener\">Lignes directrices sur la transition en fin de carri\u00e8re \u2013 2016<\/a><\/li>\n<\/ul>\n\t\t\t\t\t\t\t<\/div><!-- \/.accordion__body richtext-entry -->\r\n\t\t\t\t\t\t<\/div><!-- \/.accordion__section -->\r\n\t\t\t\t\t\t\t\t\t\t\t<div class=\"accordion__section\">\r\n\t\t\t\t\t\t\t<div class=\"accordion__head\">\r\n\t\t\t\t\t\t\t\t<div class=\"accordion__head-wrapper\">\r\n\t\t\t\t\t\t\t\t\t<h6>\r\n\t\t\t\t\t\t\t\t\t\tVolet de la d\u00e9fense des droits et int\u00e9r\u00eats\t\t\t\t\t\t\t\t\t<\/h6>\r\n\t\t\t\t\t\t\t\t<\/div><!-- \/.accordion__head-wrapper -->\r\n\r\n\t\t\t\t\t\t\t\t<figure class=\"accordion__ico\">\r\n\t\t\t\t\t\t\t\t\t<img decoding=\"async\" src=\"https:\/\/coa-aco.org\/wp-content\/themes\/canadian-orthopaedic-association\/resources\/images\/temp\/dropdown-ico.svg\" alt=\"\">\r\n\t\t\t\t\t\t\t\t<\/figure><!-- \/.accordion__ico -->\r\n\t\t\t\t\t\t\t<\/div><!-- \/.accordion__head -->\r\n\r\n\t\t\t\t\t\t\t<div class=\"accordion__body richtext-entry\">\r\n\t\t\t\t\t\t\t\t<ul>\n<li><a href=\"https:\/\/coa-aco.org\/wp-content\/uploads\/2024\/04\/Reaction-ACO-aux-recents-actes-de-violence.pdf\">R\u00e9action de l\u2019ACO aux r\u00e9cents actes de violence raciale -2020<\/a><\/li>\n<li><a href=\"https:\/\/coa-aco.org\/wp-content\/uploads\/2023\/03\/Enonce-de-position-de-lACO-Reprise-des-chirurgies-restauratrices.-Priorisation-des-chirurgies-orthopediques.pdf\" target=\"_blank\" rel=\"noopener\">\u00c9nonc\u00e9 de position sur la reprise des chirurgies restauratrices. Priorisation des chirurgies orthop\u00e9diques<\/a><\/li>\n<li><a href=\"https:\/\/coa-aco.org\/wp-content\/uploads\/2024\/04\/Reponse-ACO-Loi-sur-la-laicite-Etat-de-Assemblee-nationale-du-Quebec.pdf\">R\u00e9ponse de l\u2019ACO \u00e0 la\u00a0<em>Loi sur la la\u00efcit\u00e9 de l\u2019\u00c9tat<\/em>\u00a0de l\u2019Assembl\u00e9e nationale du Qu\u00e9bec \u2013 2019<\/a><\/li>\n<li><a href=\"https:\/\/coa-aco.org\/wp-content\/uploads\/2025\/09\/2025-Enonce-de-position-de-lACO-sur-la-diversite-et-linclusion-FEB23-FR-Copy.pdf\" target=\"_blank\" rel=\"noopener\">\u00c9nonc\u00e9 de position sur la diversit\u00e9 et l\u2019inclusion \u2013 2018<\/a><\/li>\n<li><a href=\"https:\/\/coa-aco.org\/wp-content\/uploads\/2025\/09\/ENONCE-DE-POSITION-DE-L-ACO-ACCES-AUX-SOINS-ORTHOPEDIQUES-AU-CANADA-JUNE2018-FR.pdf\">\u00c9nonc\u00e9 de position sur l\u2019acc\u00e8s aux soins orthop\u00e9diques au Canada \u2013 2018<\/a><\/li>\n<li><a href=\"https:\/\/coa-aco.org\/wp-content\/uploads\/2023\/03\/Orthopaedic-Charter-2017-July6-FINAL-FR-.pdf\" target=\"_blank\" rel=\"noopener\">Charte des orthop\u00e9distes<\/a><\/li>\n<li><a href=\"https:\/\/coa-aco.org\/wp-content\/uploads\/2023\/03\/Access-to-orthopaedic-care-in-Canada-FRENCH.pdf\" target=\"_blank\" rel=\"noopener\">R\u00e9action de l\u2019ACO \u00e0 la contestation constitutionnelle de l\u2019interdiction des assurances-sant\u00e9 priv\u00e9es en Colombie-Britannique par le Cambie Surgery Centre \u2013 2016<\/a><\/li>\n<\/ul>\n\t\t\t\t\t\t\t<\/div><!-- \/.accordion__body richtext-entry -->\r\n\t\t\t\t\t\t<\/div><!-- \/.accordion__section -->\r\n\t\t\t\t\t\t\t\t\t\t\t<div class=\"accordion__section\">\r\n\t\t\t\t\t\t\t<div class=\"accordion__head\">\r\n\t\t\t\t\t\t\t\t<div class=\"accordion__head-wrapper\">\r\n\t\t\t\t\t\t\t\t\t<h6>\r\n\t\t\t\t\t\t\t\t\t\tVolet du transfert des connaissances\t\t\t\t\t\t\t\t\t<\/h6>\r\n\t\t\t\t\t\t\t\t<\/div><!-- \/.accordion__head-wrapper -->\r\n\r\n\t\t\t\t\t\t\t\t<figure class=\"accordion__ico\">\r\n\t\t\t\t\t\t\t\t\t<img decoding=\"async\" src=\"https:\/\/coa-aco.org\/wp-content\/themes\/canadian-orthopaedic-association\/resources\/images\/temp\/dropdown-ico.svg\" alt=\"\">\r\n\t\t\t\t\t\t\t\t<\/figure><!-- \/.accordion__ico -->\r\n\t\t\t\t\t\t\t<\/div><!-- \/.accordion__head -->\r\n\r\n\t\t\t\t\t\t\t<div class=\"accordion__body richtext-entry\">\r\n\t\t\t\t\t\t\t\t<ul>\n<li><a href=\"https:\/\/coa-aco.org\/wp-content\/uploads\/2025\/09\/2025-Position-Statement-Virtual-Care-September-27-2021-FR-Copy.pdf\">R\u00e9gulation des soins virtuels en orthop\u00e9die \u2013 2021<\/a><\/li>\n<li><a href=\"https:\/\/coa-aco.org\/wp-content\/uploads\/2025\/09\/2025-Enonce-de-position-sur-larthroscopie-du-genou-AAC-ACO-mars2018-Copy.pdf\" target=\"_blank\" rel=\"noopener\">\u00c9nonc\u00e9 de position sur les infiltrations intraarticulaires dans le traitement de l\u2019arthrose du genou \u2013 AAC\/ACO \u2013 2019<\/a><\/li>\n<li><a href=\"https:\/\/coa-aco.org\/wp-content\/uploads\/2023\/03\/Enonce-de-position-de-lACO-Les-opioides-et-la-chirurgie-orthopedique-2018-juin-FR.pdf\" target=\"_blank\" rel=\"noopener\">\u00c9nonc\u00e9 de position : Les opio\u00efdes et la chirurgie orthop\u00e9dique \u2013 2018<\/a><\/li>\n<li><a href=\"https:\/\/coa-aco.org\/wp-content\/uploads\/2023\/03\/Enonce-de-position-sur-larthroscopie-du-genou-AAC-ACO-mars2018.pdf\" target=\"_blank\" rel=\"noopener\">\u00c9nonc\u00e9 de position sur l\u2019arthroscopie du genou \u2013 AAC ACO \u2013 2018<\/a><\/li>\n<li><a href=\"https:\/\/coa-aco.org\/wp-content\/uploads\/2025\/09\/2025-Enonce-de-position-traitements-a-base-de-cellules-souches-FEB2018-FR.pdf\" target=\"_blank\" rel=\"noopener\">Traitements \u00e0 base de cellules souches \u2013 2018<\/a><\/li>\n<li><a href=\"https:\/\/coa-aco.org\/wp-content\/uploads\/2024\/04\/Patients-ayant-subi-une-arthroplastie-totale-et-necessitant-une-intervention-dentaire-2016.pdf\" target=\"_blank\" rel=\"noopener\">D\u00e9claration de consensus \u2013 Patients ayant subi une arthroplastie totale et n\u00e9cessitant une intervention dentaire \u2013 2016<\/a><\/li>\n<li><a href=\"https:\/\/coa-aco.org\/wp-content\/uploads\/2024\/04\/Identifying-Musculoskeletal-Interventions-with-Low-or-Limited-Levels-of-Efficacy-FR.pdf\" target=\"_blank\" rel=\"noopener\">Identifying Musculoskeletal Interventions with Low or Limited Levels of Efficacy \u2013 2016<\/a><\/li>\n<li><a href=\"https:\/\/coa-aco.org\/wp-content\/uploads\/2025\/09\/2025-ACO-Guidelines-Patient-transfer-of-care-2013FR.pdf\" target=\"_blank\" rel=\"noopener\">Transfert des soins pour les patients en chirurgie orthop\u00e9dique \u2013 Lignes directrices de l\u2019ACO \u2013 2013<\/a><\/li>\n<li><a href=\"https:\/\/coa-aco.org\/wp-content\/uploads\/2025\/09\/2025-Enonce-de-position-de-lACO-Single-use-JUL2011-ENG-Copy.pdf\" target=\"_blank\" rel=\"noopener\">R\u00e9utilisation des instruments m\u00e9dicaux jetables \u2013 2011<\/a><\/li>\n<li><a href=\"https:\/\/coa-aco.org\/wp-content\/uploads\/2024\/04\/Orthopediste-et-les-pathogenes-a-diffusion-hematogene-2010.pdf\" target=\"_blank\" rel=\"noopener\">L\u2019orthop\u00e9diste et les pathog\u00e8nes \u00e0 diffusion h\u00e9matog\u00e8ne \u2013 2010<\/a><\/li>\n<\/ul>\n\t\t\t\t\t\t\t<\/div><!-- \/.accordion__body richtext-entry -->\r\n\t\t\t\t\t\t<\/div><!-- \/.accordion__section -->\r\n\t\t\t\t\t\t\t\t\t<\/div><!-- \/.accordion -->\r\n\t\t\t<\/div><!-- \/.grid__col grid__col-\/-2of3 -->\r\n\r\n\t\t\t\t\t\t\t<div class=\"grid__col grid__col--1of3\">\r\n\t\t\t\t\t<div class=\"entry\">\r\n\t\t\t\t\t\t<div class=\"enrty__body\">\r\n\t\t\t\t\t\t\t<p>Si vous avez des questions sur un \u00e9nonc\u00e9 de position, \u00e9crivez \u00e0\u00a0<a href=\"mailto:policy@canorth.org\">policy@canorth.org<\/a>.<\/p>\n\t\t\t\t\t\t<\/div><!-- \/.enrty__body -->\r\n\t\t\t\t\t<\/div><!-- \/.entry -->\r\n\t\t\t\t<\/div><!-- \/.grid__col grid__col-\/-1of3 -->\r\n\t\t\t\t\t<\/div><!-- \/.grid grid-\/-reversed -->\r\n\t<\/div><!-- \/.shell -->\r\n<\/section><!-- \/.section section-\/-white -->\r\n\n\n<section class=\"section-default\">\r\n\t<div class=\"shell\">\r\n\t\t<div class=\"richtext-entry\">\r\n\t\t\t\n\n<h3 class=\"wp-block-heading\"><strong><strong>D\u00e9charge relative aux \u00e9nonc\u00e9s de position de l\u2019ACO&nbsp;<\/strong><\/strong><\/h3>\n\n\n\n<p>Les \u00e9nonc\u00e9s r\u00e9sum\u00e9s dans le pr\u00e9sent document constituent des opinions ou des recommandations ou \u00e9nonc\u00e9s consensuels de diverses sources. Les \u00e9nonc\u00e9s r\u00e9sum\u00e9s peuvent ne pas \u00eatre fond\u00e9s sur des donn\u00e9es empiriques, ni tenir compte des valeurs et pr\u00e9f\u00e9rences du m\u00e9decin ou patient. Aucun des \u00e9nonc\u00e9s n\u2019est destin\u00e9 \u00e0 servir de lignes directrices ou recommandations officielles ou de recommandations d\u2019une proc\u00e9dure ou d\u2019un traitement exclusif pour les fournisseurs de soins de sant\u00e9 ou les d\u00e9cideurs appuy\u00e9s par l\u2019Association Canadienne d\u2019Orthop\u00e9die (ACO). Les adresses Web sont valides au moment de la publication<\/p>\n\n\r\n\t\t<\/div><!-- \/.richtext-entry -->\r\n\t<\/div><!-- \/.shell -->\r\n<\/section><!-- \/.section-default -->\r\n","protected":false},"excerpt":{"rendered":"","protected":false},"author":1,"featured_media":0,"parent":0,"menu_order":0,"comment_status":"closed","ping_status":"closed","template":"","meta":{"om_disable_all_campaigns":false,"_monsterinsights_skip_tracking":false,"_monsterinsights_sitenote_active":false,"_monsterinsights_sitenote_note":"","_monsterinsights_sitenote_category":0,"_uf_show_specific_survey":0,"_uf_disable_surveys":false,"footnotes":""},"class_list":["post-3086","page","type-page","status-publish","hentry"],"acf":[],"aioseo_notices":[],"yoast_head":"<!-- This site is optimized with the Yoast SEO plugin v23.3 - https:\/\/yoast.com\/wordpress\/plugins\/seo\/ -->\n<title>\u00c9nonc\u00e9s de position - Association Canadienne d&#039;Orthop\u00e9die<\/title>\n<meta name=\"robots\" content=\"index, follow, max-snippet:-1, max-image-preview:large, max-video-preview:-1\" \/>\n<link rel=\"canonical\" href=\"https:\/\/coa-aco.org\/fr\/position-statements\/\" \/>\n<meta property=\"og:locale\" content=\"fr_FR\" \/>\n<meta property=\"og:type\" content=\"article\" \/>\n<meta property=\"og:title\" content=\"\u00c9nonc\u00e9s de position - Association Canadienne d&#039;Orthop\u00e9die\" \/>\n<meta property=\"og:url\" content=\"https:\/\/coa-aco.org\/fr\/position-statements\/\" \/>\n<meta property=\"og:site_name\" content=\"Association Canadienne d&#039;Orthop\u00e9die\" \/>\n<meta property=\"article:modified_time\" content=\"2025-11-18T19:56:10+00:00\" \/>\n<meta name=\"twitter:card\" content=\"summary_large_image\" \/>\n<meta name=\"twitter:label1\" content=\"Dur\u00e9e de lecture estim\u00e9e\" \/>\n\t<meta name=\"twitter:data1\" content=\"1 minute\" \/>\n<script type=\"application\/ld+json\" class=\"yoast-schema-graph\">{\"@context\":\"https:\/\/schema.org\",\"@graph\":[{\"@type\":\"WebPage\",\"@id\":\"https:\/\/coa-aco.org\/fr\/position-statements\/\",\"url\":\"https:\/\/coa-aco.org\/fr\/position-statements\/\",\"name\":\"\u00c9nonc\u00e9s de position - Association Canadienne d'Orthop\u00e9die\",\"isPartOf\":{\"@id\":\"https:\/\/coa-aco.org\/#website\"},\"datePublished\":\"2023-02-20T22:37:58+00:00\",\"dateModified\":\"2025-11-18T19:56:10+00:00\",\"breadcrumb\":{\"@id\":\"https:\/\/coa-aco.org\/fr\/position-statements\/#breadcrumb\"},\"inLanguage\":\"fr-FR\",\"potentialAction\":[{\"@type\":\"ReadAction\",\"target\":[\"https:\/\/coa-aco.org\/fr\/position-statements\/\"]}]},{\"@type\":\"BreadcrumbList\",\"@id\":\"https:\/\/coa-aco.org\/fr\/position-statements\/#breadcrumb\",\"itemListElement\":[{\"@type\":\"ListItem\",\"position\":1,\"name\":\"Home\",\"item\":\"https:\/\/coa-aco.org\/fr\/\"},{\"@type\":\"ListItem\",\"position\":2,\"name\":\"\u00c9nonc\u00e9s de position\"}]},{\"@type\":\"WebSite\",\"@id\":\"https:\/\/coa-aco.org\/#website\",\"url\":\"https:\/\/coa-aco.org\/\",\"name\":\"Association Canadienne d'Orthop\u00e9die\",\"description\":\"\",\"potentialAction\":[{\"@type\":\"SearchAction\",\"target\":{\"@type\":\"EntryPoint\",\"urlTemplate\":\"https:\/\/coa-aco.org\/?s={search_term_string}\"},\"query-input\":\"required name=search_term_string\"}],\"inLanguage\":\"fr-FR\"}]}<\/script>\n<!-- \/ Yoast SEO plugin. -->","yoast_head_json":{"title":"\u00c9nonc\u00e9s de position - Association Canadienne d'Orthop\u00e9die","robots":{"index":"index","follow":"follow","max-snippet":"max-snippet:-1","max-image-preview":"max-image-preview:large","max-video-preview":"max-video-preview:-1"},"canonical":"https:\/\/coa-aco.org\/fr\/position-statements\/","og_locale":"fr_FR","og_type":"article","og_title":"\u00c9nonc\u00e9s de position - Association Canadienne d'Orthop\u00e9die","og_url":"https:\/\/coa-aco.org\/fr\/position-statements\/","og_site_name":"Association Canadienne d'Orthop\u00e9die","article_modified_time":"2025-11-18T19:56:10+00:00","twitter_card":"summary_large_image","twitter_misc":{"Dur\u00e9e de lecture estim\u00e9e":"1 minute"},"schema":{"@context":"https:\/\/schema.org","@graph":[{"@type":"WebPage","@id":"https:\/\/coa-aco.org\/fr\/position-statements\/","url":"https:\/\/coa-aco.org\/fr\/position-statements\/","name":"\u00c9nonc\u00e9s de position - Association Canadienne d'Orthop\u00e9die","isPartOf":{"@id":"https:\/\/coa-aco.org\/#website"},"datePublished":"2023-02-20T22:37:58+00:00","dateModified":"2025-11-18T19:56:10+00:00","breadcrumb":{"@id":"https:\/\/coa-aco.org\/fr\/position-statements\/#breadcrumb"},"inLanguage":"fr-FR","potentialAction":[{"@type":"ReadAction","target":["https:\/\/coa-aco.org\/fr\/position-statements\/"]}]},{"@type":"BreadcrumbList","@id":"https:\/\/coa-aco.org\/fr\/position-statements\/#breadcrumb","itemListElement":[{"@type":"ListItem","position":1,"name":"Home","item":"https:\/\/coa-aco.org\/fr\/"},{"@type":"ListItem","position":2,"name":"\u00c9nonc\u00e9s de position"}]},{"@type":"WebSite","@id":"https:\/\/coa-aco.org\/#website","url":"https:\/\/coa-aco.org\/","name":"Association Canadienne d'Orthop\u00e9die","description":"","potentialAction":[{"@type":"SearchAction","target":{"@type":"EntryPoint","urlTemplate":"https:\/\/coa-aco.org\/?s={search_term_string}"},"query-input":"required name=search_term_string"}],"inLanguage":"fr-FR"}]}},"_links":{"self":[{"href":"https:\/\/coa-aco.org\/fr\/wp-json\/wp\/v2\/pages\/3086","targetHints":{"allow":["GET"]}}],"collection":[{"href":"https:\/\/coa-aco.org\/fr\/wp-json\/wp\/v2\/pages"}],"about":[{"href":"https:\/\/coa-aco.org\/fr\/wp-json\/wp\/v2\/types\/page"}],"author":[{"embeddable":true,"href":"https:\/\/coa-aco.org\/fr\/wp-json\/wp\/v2\/users\/1"}],"replies":[{"embeddable":true,"href":"https:\/\/coa-aco.org\/fr\/wp-json\/wp\/v2\/comments?post=3086"}],"version-history":[{"count":0,"href":"https:\/\/coa-aco.org\/fr\/wp-json\/wp\/v2\/pages\/3086\/revisions"}],"wp:attachment":[{"href":"https:\/\/coa-aco.org\/fr\/wp-json\/wp\/v2\/media?parent=3086"}],"curies":[{"name":"wp","href":"https:\/\/api.w.org\/{rel}","templated":true}]}}