{"id":3093,"date":"2023-02-23T14:36:10","date_gmt":"2023-02-23T14:36:10","guid":{"rendered":"https:\/\/coa-aco.org\/?page_id=3093"},"modified":"2026-04-21T19:41:58","modified_gmt":"2026-04-21T19:41:58","slug":"inscription","status":"publish","type":"page","link":"https:\/\/coa-aco.org\/fr\/reunion-annuelle\/inscription\/","title":{"rendered":"Inscription"},"content":{"rendered":"\r\n<div class=\"heading\">\r\n\t<figure class=\"heading__bg-img image-fit\">\r\n\t\t<img loading=\"lazy\" decoding=\"async\" width=\"1920\" height=\"1282\" src=\"https:\/\/coa-aco.org\/wp-content\/uploads\/2024\/03\/DSC_5339-1920x1282.jpg\" class=\"attachment-app-fullwidth size-app-fullwidth\" alt=\"\" srcset=\"https:\/\/coa-aco.org\/wp-content\/uploads\/2024\/03\/DSC_5339-1920x1282.jpg 1920w, https:\/\/coa-aco.org\/wp-content\/uploads\/2024\/03\/DSC_5339-300x200.jpg 300w, https:\/\/coa-aco.org\/wp-content\/uploads\/2024\/03\/DSC_5339-1024x684.jpg 1024w, https:\/\/coa-aco.org\/wp-content\/uploads\/2024\/03\/DSC_5339-768x513.jpg 768w, https:\/\/coa-aco.org\/wp-content\/uploads\/2024\/03\/DSC_5339-1536x1025.jpg 1536w, https:\/\/coa-aco.org\/wp-content\/uploads\/2024\/03\/DSC_5339-2048x1367.jpg 2048w\" sizes=\"auto, (max-width: 1920px) 100vw, 1920px\" \/>\t<\/figure><!-- \/.heading__bg-img image-fit -->\r\n\r\n\t<div class=\"shell\">\r\n\t\t<div class=\"heading__inner\">\r\n\t\t\t<div class=\"heading__content\">\r\n\t\t\t\t\t\t\t\t\t<div class=\"heading__sub-title\">\r\n\t\t\t\t\t\t<p>81e R\u00e9union annuelle de l\u2019ACO | 60e R\u00e9union annuelle de la SROC<\/p>\n\t\t\t\t\t<\/div><!-- \/.heading__sub-title -->\r\n\t\t\t\t\r\n\t\t\t\t<div class=\"heading__title\">\r\n\t\t\t\t\t<h1>Inscription<\/h1>\n\t\t\t\t<\/div><!-- \/.heading__title -->\r\n\t\t\t<\/div><!-- \/.heading__content -->\r\n\r\n\t\t\t\t\t\t\t\t\t\t\t\t<\/div><!-- \/.heading__inner -->\r\n\t<\/div><!-- \/.shell -->\r\n<\/div><!-- \/.heading -->\r\n\n\n\n<section class=\"section section--offset-small section--white\">\n\t<div class=\"shell\">\n\t\t\t\t\t\n\t\t\t<div class=\"cta cta--reversed\">\n\t\t\t\t<div class=\"cta__wrapper\">\n\t\t\t\t\t<div class=\"cta__content\">\n\t\t\t\t\t\t<span class=\"cta__bg-color\" style=\"background-color: #ffffff\"><\/span>\n\n\t\t\t\t\t\t\n\t\t\t\t\t\t<div class=\"cta__body richtext-entry\">\n\t\t\t\t\t\t\t<h3 style=\"text-align: center;\">Il est maintenant possible de s\u2019inscrire \u00e0 la R\u00e9union annuelle!<\/h3>\n<p style=\"text-align: center;\">Nous avons vraiment h\u00e2te de vous accueillir \u00e0 St.\u00a0John\u2019s pour une r\u00e9union inoubliable o\u00f9 l\u2019innovation, la formation et l\u2019hospitalit\u00e9 de la c\u00f4te Est seront au rendez-vous.<\/p>\n<h3 style=\"text-align: center;\"><strong>Les inscriptions h\u00e2tives se terminent<br \/>\nle 15 avril \u00e0 23 h 59 (HP). <\/strong><\/h3>\n<p style=\"text-align: center;\">Profitez des tarifs r\u00e9duits!<\/p>\n\t\t\t\t\t\t<\/div><!-- \/.cta__body richtext-entry -->\n\n\t\t\t\t\t\t\t\t\t\t\t\t\t<div class=\"cta__actions\">\n\t\t\t\t\t\t\t\t<a href=\"https:\/\/www.xcdsystem.com\/coa\/attendee\/index.cfm?ID=NEpSBVv%20\" target=\"_blank\" class=\"btn cta__btn\">\n\t\t\t\t\t\t\t\t\t<span class=\"btn__text\">\n\t\t\t\t\t\t\t\t\t\tInscrivez-vous maintenant\t\t\t\t\t\t\t\t\t<\/span>\n\n\t\t\t\t\t\t\t\t\t<span class=\"btn__ico\">\n\t\t\t\t\t\t\t\t\t\t<svg width=\"19\" height=\"13\" viewBox=\"0 0 19 13\" fill=\"none\" xmlns=\"http:\/\/www.w3.org\/2000\/svg\">\n\t\t\t\t\t\t\t\t\t\t\t<path d=\"M17.6484 7.05859C18.1055 6.63672 18.1055 5.89844 17.6484 5.47656L13.1484 0.976562C12.7266 0.519531 11.9883 0.519531 11.5664 0.976562C11.1094 1.39844 11.1094 2.13672 11.5664 2.55859L14.1328 5.125H1.125C0.492188 5.125 0 5.65234 0 6.25C0 6.88281 0.492188 7.375 1.125 7.375H14.1328L11.5664 9.97656C11.1094 10.3984 11.1094 11.1367 11.5664 11.5586C11.9883 12.0156 12.7266 12.0156 13.1484 11.5586L17.6484 7.05859Z\"\/>\n\t\t\t\t\t\t\t\t\t\t<\/svg>\n\t\t\t\t\t\t\t\t\t<\/span>\n\t\t\t\t\t\t\t\t<\/a>\n\t\t\t\t\t\t\t\t\n\t\t\t\t\t\t\t\t\t\t\t\t\t\t\t\t<a style=\"margin: 16px;\" href=\"https:\/\/coa-aco.org\/fr\/reunion-annuelle\/programme\/\" target=\"_blank\" class=\"btn cta__btn\">\n\t\t\t\t\t\t\t\t\t\t<span class=\"btn__text\">\n\t\t\t\t\t\t\t\t\t\t\tVoir le programme\t\t\t\t\t\t\t\t\t\t<\/span>\n\n\t\t\t\t\t\t\t\t\t\t<span class=\"btn__ico\">\n\t\t\t\t\t\t\t\t\t\t\t<svg width=\"19\" height=\"13\" viewBox=\"0 0 19 13\" fill=\"none\" xmlns=\"http:\/\/www.w3.org\/2000\/svg\">\n\t\t\t\t\t\t\t\t\t\t\t\t<path d=\"M17.6484 7.05859C18.1055 6.63672 18.1055 5.89844 17.6484 5.47656L13.1484 0.976562C12.7266 0.519531 11.9883 0.519531 11.5664 0.976562C11.1094 1.39844 11.1094 2.13672 11.5664 2.55859L14.1328 5.125H1.125C0.492188 5.125 0 5.65234 0 6.25C0 6.88281 0.492188 7.375 1.125 7.375H14.1328L11.5664 9.97656C11.1094 10.3984 11.1094 11.1367 11.5664 11.5586C11.9883 12.0156 12.7266 12.0156 13.1484 11.5586L17.6484 7.05859Z\"\/>\n\t\t\t\t\t\t\t\t\t\t\t<\/svg>\n\t\t\t\t\t\t\t\t\t\t<\/span>\n\t\t\t\t\t\t\t\t\t<\/a>\n\t\t\t\t\t\t\t\t\t\t\t\t\t\t<\/div><!-- \/.cta__actions -->\n\t\t\t\t\t\t\t\t\t\t\t\t\n\t\t\t\t\t<\/div><!-- \/.cta__content -->\n\n\t\t\t\t\t<figure class=\"cta__img\">\n\t\t\t\t\t\t<img loading=\"lazy\" decoding=\"async\" width=\"768\" height=\"513\" src=\"https:\/\/coa-aco.org\/wp-content\/uploads\/2024\/03\/DSC_5339-768x513.jpg\" class=\"attachment-medium_large size-medium_large\" alt=\"\" srcset=\"https:\/\/coa-aco.org\/wp-content\/uploads\/2024\/03\/DSC_5339-768x513.jpg 768w, https:\/\/coa-aco.org\/wp-content\/uploads\/2024\/03\/DSC_5339-300x200.jpg 300w, https:\/\/coa-aco.org\/wp-content\/uploads\/2024\/03\/DSC_5339-1024x684.jpg 1024w, https:\/\/coa-aco.org\/wp-content\/uploads\/2024\/03\/DSC_5339-1536x1025.jpg 1536w, https:\/\/coa-aco.org\/wp-content\/uploads\/2024\/03\/DSC_5339-2048x1367.jpg 2048w, https:\/\/coa-aco.org\/wp-content\/uploads\/2024\/03\/DSC_5339-1920x1282.jpg 1920w\" sizes=\"auto, (max-width: 768px) 100vw, 768px\" \/>\t\t\t\t\t<\/figure><!-- \/.cta__img -->\n\t\t\t\t<\/div><!-- \/.cta__wrapper -->\n\t\t\t<\/div><!-- \/.cta cta-\/-alt -->\n\t\t\t<\/div><!-- \/.shell -->\n<\/section><!-- \/.section -->\n\n\n<section class=\"section-default\">\r\n\t<div class=\"shell\">\r\n\t\t<div class=\"richtext-entry\">\r\n\t\t\t\n\n<h3 class=\"wp-block-heading\"><strong>Prix et dates importantes<\/strong><\/h3>\n\n\n\n<p><\/p>\n\n\n\n<p>Les tarifs r\u00e9duits s\u2019appliquent uniquement aux membres en r\u00e8gle, c\u2019est\u2011\u00e0\u2011dire ceux dont toutes les cotisations ont \u00e9t\u00e9 acquitt\u00e9es. <strong>Tous les prix sont indiqu\u00e9s en dollars canadiens et s\u2019entendent par personne ou par billet.\u202f<\/strong><\/p>\n\n\n\n<p>Les infirmi\u00e8res qui souhaitent assister aux r\u00e9unions de la <a href=\"https:\/\/www.cona-nurse.org\/content\/cona-national-conference-2026\/33\/\" target=\"_blank\" rel=\"noreferrer noopener\">CONA<\/a> et de l\u2019ACO doivent s\u2019inscrire via le <a href=\"https:\/\/www.trackie.com\/event\/2026-CONA\" target=\"_blank\" rel=\"noreferrer noopener\">portail d\u2019inscription de la CONA<\/a>. <\/p>\n\n\n\n<p>Pour vous inscrire aux laboratoires et aux autres programmes, veuillez visiter la <a href=\"https:\/\/coa-aco.org\/fr\/reunion-annuelle\/programme\/\" target=\"_blank\" rel=\"noreferrer noopener\">page Programmes.<\/a><\/p>\n\n\n\n<figure class=\"wp-block-table is-style-stripes\"><table class=\"has-background\" style=\"background-color:#e2d8df\"><tbody><tr><td><strong><strong>Cat\u00e9gories<\/strong><\/strong><\/td><td><strong>Inscription h\u00e2tive<\/strong><br><strong>(avant le 15 avril)<\/strong><\/td><td><strong><strong>R\u00e9guli\u00e8re<\/strong><br>(d<strong>u 16 avril au 9&nbsp;juin<\/strong><\/strong>)<\/td><td><strong>Sur place<\/strong><br>(<strong>du&nbsp;10-13&nbsp;juin<\/strong>)<\/td><td><\/td><\/tr><tr><td>Membres actifs, internationaux, affili\u00e9s du milieu de la recherche (SROC) et \u00e0 la retraite<\/td><td>500 $<\/td><td>600 $<\/td><td>785 $<\/td><td><\/td><\/tr><tr><td>Membres associ\u00e9s (r\u00e9sidents et fellows)<\/td><td>130 $<\/td><td>185 $<\/td><td>265 $<\/td><td><\/td><\/tr><tr><td>Orthop\u00e9distes ou chercheurs non membre<\/td><td>2 000 $<\/td><td>2 150 $<\/td><td>2 300 $<\/td><td><\/td><\/tr><tr><td>R\u00e9sidents et fellows non membre<\/td><td>570 $<\/td><td>675 $<\/td><td>800 $<\/td><td><\/td><\/tr><tr><td>Professionnels des soins de sant\u00e9 connexes<\/td><td>570 $<\/td><td>675 $<\/td><td>800 $<\/td><td><\/td><\/tr><tr><td>\u00c9tudiants en m\u00e9decine<\/td><td>110 $<\/td><td>110 $<\/td><td>175 $<\/td><td><\/td><\/tr><tr><td>Pr\u00e9sentateur non membre**<\/td><td>260 $<\/td><td>360 $<\/td><td>515 $<\/td><td><\/td><\/tr><tr><td>Exposants (porte-noms suppl\u00e9mentaires)<\/td><td>300 $<\/td><td>300 $<\/td><td>400 $<\/td><td><\/td><\/tr><\/tbody><\/table><figcaption class=\"wp-element-caption\"><br><em>**Seuls les pr\u00e9sentateurs non membres ayant obtenu une autorisation \u00e9crite de l\u2019ACO sont admissibles \u00e0 ce tarif. Pour plus d\u2019informations, communiquez avec meetings@canorth.org.<\/em><\/figcaption><\/figure>\n\n\n\n<p><\/p>\n\n\n\n<figure class=\"wp-block-table is-style-stripes\"><table class=\"has-background\" style=\"background-color:#e2d8df\"><tbody><tr><td><strong><strong>Billets pour les activit\u00e9s sociales<\/strong><\/strong><\/td><td><\/td><td><\/td><\/tr><tr><td>Soir\u00e9e \u00ab Kitchen Party \u00bb de l&#8217;ACO<\/td><td>95 $ &#8211; Adulte<br>50 $ &#8211; Enfant<\/td><td><\/td><\/tr><tr><td>Soir\u00e9e des r\u00e9sidents de l\u2019ACRO <\/td><td>30 $<\/td><td><\/td><\/tr><\/tbody><\/table><\/figure>\n\n\n\n<hr class=\"wp-block-separator has-alpha-channel-opacity\"\/>\n\n\n\n<p><strong>Laboratoire sec du groupe AAC (sports) &#8211; Instabilit\u00e9 de l\u2019\u00e9paule : Correction des pertes osseuses et des contraintes des tissus mous<\/strong><br><em>Pr\u00e9sent\u00e9 par Tactile Orthopaedics<\/em><br><br>Vivez une exp\u00e9rience pratique en chirurgie de l\u2019instabilit\u00e9 de l\u2019\u00e9paule dans un environnement de laboratoire sec\u202f!<br><br><strong><span style=\"text-decoration: underline;\">D\u00e9tails<\/span><\/strong><br><strong>Date:<\/strong> le 10 juin<br><strong>Heure: <\/strong>de 13 h \u00e0 15 h 30 (HNT)<br><strong>Lieu: <\/strong>dans la salle <em>Bannerman 3<\/em>, au Centre des congr\u00e8s de St. John&#8217;s<br><br>L\u2019inscription se fait selon le principe du premier arriv\u00e9, premier servi. <br><br><a href=\"https:\/\/docs.google.com\/spreadsheets\/d\/1qvMkUBltvVr_a6Ng-vgjDELOuxdIcyYSW08zhsJaDKs\/edit?gid=0#gid=0\">Veuillez cliquer ICI pour vous inscrire<\/a> <\/p>\n\n\n\n<hr class=\"wp-block-separator has-alpha-channel-opacity is-style-default\"\/>\n\n\r\n\t\t<\/div><!-- \/.richtext-entry -->\r\n\t<\/div><!-- \/.shell -->\r\n<\/section><!-- \/.section-default -->\r\n\n\n<section class=\"section-default\">\r\n\t<div class=\"shell\">\r\n\t\t<div class=\"richtext-entry\">\r\n\t\t\t\n\n<p><strong>Modalit\u00e9s<\/strong><strong><\/strong><\/p>\n\n\n\n<ul class=\"wp-block-list\">\n<li>Pour pouvoir vous inscrire \u00e0 prix r\u00e9duit, <strong>TOUTES vos cotisations \u00e0 l\u2019ACO et aux soci\u00e9t\u00e9s de sous-sp\u00e9cialit\u00e9 applicables doivent \u00eatre pay\u00e9es, <\/strong>et votre compte doit \u00eatre en r\u00e8gle.<\/li>\n\n\n\n<li>Certaines activit\u00e9s facultatives peuvent entra\u00eener des frais; le cas \u00e9ch\u00e9ant, elles sont clairement identifi\u00e9es.<\/li>\n\n\n\n<li>Il est possible que l\u2019on vous prenne en photo \u00e0 des fins promotionnelles \u00e0 la R\u00e9union annuelle. Ces photos peuvent \u00eatre publi\u00e9es \u00e0 la seule discr\u00e9tion de l\u2019ACO dans ses communications, sur ses sites Web et sur les r\u00e9seaux sociaux ou encore dans du mat\u00e9riel de promotion de l\u2019activit\u00e9. Nous vous prions donc d\u2019<a href=\"mailto:meetings@canorth.org\" target=\"_blank\" rel=\"noreferrer noopener\">aviser les bureaux de l\u2019ACO<\/a> si vous ne&nbsp;voulez&nbsp;pas \u00eatre pris en photo ou encore si vous refusez que votre photo soit utilis\u00e9e \u00e0 ces fins.<\/li>\n\n\n\n<li>Voir les <a href=\"https:\/\/coa-aco.org\/wp-content\/uploads\/2026\/02\/2026-COACORSCORA-Waiver-and-Release.pdf\" target=\"_blank\" rel=\"noreferrer noopener\">Conditions g\u00e9n\u00e9rales d&#8217;inscription<\/a>.<\/li>\n\n\n\n<li><strong>Politique d&#8217;annulation: <\/strong>\n<ul class=\"wp-block-list\">\n<li><span style=\"text-decoration: underline;\">D&#8217;ici le 1 mai :<\/span> Remboursement complet (moins les frais d&#8217;administration)<\/li>\n\n\n\n<li><span style=\"text-decoration: underline;\">Du 2 mai au 9 juin :<\/span> Remboursement de 50% du co\u00fbt<\/li>\n\n\n\n<li><span style=\"text-decoration: underline;\">Apr\u00e8s le&nbsp;10&nbsp;juin&nbsp;:<\/span> Aucun remboursement<\/li>\n\n\n\n<li><strong>N.B.: Les demandes d&#8217;annulation doivent \u00eatre faites par \u00e9crit \u00e0 <a href=\"mailto:meetings@canorth.org\">meetings@canorth.org<\/a>.<\/strong><\/li>\n<\/ul>\n<\/li>\n<\/ul>\n\n\n\n<p><br><strong>Pour toute question li\u00e9e \u00e0 l\u2019inscription, \u00e9crivez \u00e0 <a href=\"mailto:meetings@canorth.org\">meetings@canorth.org<\/a>.<\/strong><\/p>\n\n\n\n<hr class=\"wp-block-separator has-alpha-channel-opacity\"\/>\n\n\r\n\t\t<\/div><!-- \/.richtext-entry -->\r\n\t<\/div><!-- \/.shell -->\r\n<\/section><!-- \/.section-default -->\r\n\n\n\n<p><\/p>\n","protected":false},"excerpt":{"rendered":"","protected":false},"author":2,"featured_media":0,"parent":1993,"menu_order":0,"comment_status":"closed","ping_status":"closed","template":"","meta":{"om_disable_all_campaigns":false,"_monsterinsights_skip_tracking":false,"_monsterinsights_sitenote_active":false,"_monsterinsights_sitenote_note":"","_monsterinsights_sitenote_category":0,"_uf_show_specific_survey":0,"_uf_disable_surveys":false,"footnotes":""},"class_list":["post-3093","page","type-page","status-publish","hentry"],"acf":[],"aioseo_notices":[],"yoast_head":"<!-- This site is optimized with the Yoast SEO plugin v23.3 - https:\/\/yoast.com\/wordpress\/plugins\/seo\/ -->\n<title>Inscription - Association Canadienne d&#039;Orthop\u00e9die<\/title>\n<meta name=\"robots\" content=\"index, follow, max-snippet:-1, max-image-preview:large, max-video-preview:-1\" \/>\n<link rel=\"canonical\" href=\"https:\/\/coa-aco.org\/fr\/reunion-annuelle\/inscription\/\" \/>\n<meta property=\"og:locale\" content=\"fr_FR\" \/>\n<meta property=\"og:type\" content=\"article\" \/>\n<meta property=\"og:title\" content=\"Inscription - Association Canadienne d&#039;Orthop\u00e9die\" \/>\n<meta property=\"og:url\" content=\"https:\/\/coa-aco.org\/fr\/reunion-annuelle\/inscription\/\" \/>\n<meta property=\"og:site_name\" content=\"Association Canadienne d&#039;Orthop\u00e9die\" \/>\n<meta property=\"article:modified_time\" content=\"2026-04-21T19:41:58+00:00\" \/>\n<meta name=\"twitter:card\" content=\"summary_large_image\" \/>\n<meta name=\"twitter:label1\" content=\"Dur\u00e9e de lecture estim\u00e9e\" \/>\n\t<meta name=\"twitter:data1\" content=\"3 minutes\" \/>\n<script type=\"application\/ld+json\" class=\"yoast-schema-graph\">{\"@context\":\"https:\/\/schema.org\",\"@graph\":[{\"@type\":\"WebPage\",\"@id\":\"https:\/\/coa-aco.org\/fr\/reunion-annuelle\/inscription\/\",\"url\":\"https:\/\/coa-aco.org\/fr\/reunion-annuelle\/inscription\/\",\"name\":\"Inscription - Association Canadienne d'Orthop\u00e9die\",\"isPartOf\":{\"@id\":\"https:\/\/coa-aco.org\/#website\"},\"datePublished\":\"2023-02-23T14:36:10+00:00\",\"dateModified\":\"2026-04-21T19:41:58+00:00\",\"breadcrumb\":{\"@id\":\"https:\/\/coa-aco.org\/fr\/reunion-annuelle\/inscription\/#breadcrumb\"},\"inLanguage\":\"fr-FR\",\"potentialAction\":[{\"@type\":\"ReadAction\",\"target\":[\"https:\/\/coa-aco.org\/fr\/reunion-annuelle\/inscription\/\"]}]},{\"@type\":\"BreadcrumbList\",\"@id\":\"https:\/\/coa-aco.org\/fr\/reunion-annuelle\/inscription\/#breadcrumb\",\"itemListElement\":[{\"@type\":\"ListItem\",\"position\":1,\"name\":\"Home\",\"item\":\"https:\/\/coa-aco.org\/fr\/\"},{\"@type\":\"ListItem\",\"position\":2,\"name\":\"R\u00e9union annuelle\",\"item\":\"https:\/\/coa-aco.org\/fr\/reunion-annuelle\/\"},{\"@type\":\"ListItem\",\"position\":3,\"name\":\"Inscription\"}]},{\"@type\":\"WebSite\",\"@id\":\"https:\/\/coa-aco.org\/#website\",\"url\":\"https:\/\/coa-aco.org\/\",\"name\":\"Association Canadienne d'Orthop\u00e9die\",\"description\":\"\",\"potentialAction\":[{\"@type\":\"SearchAction\",\"target\":{\"@type\":\"EntryPoint\",\"urlTemplate\":\"https:\/\/coa-aco.org\/?s={search_term_string}\"},\"query-input\":\"required name=search_term_string\"}],\"inLanguage\":\"fr-FR\"}]}<\/script>\n<!-- \/ Yoast SEO plugin. -->","yoast_head_json":{"title":"Inscription - Association Canadienne d'Orthop\u00e9die","robots":{"index":"index","follow":"follow","max-snippet":"max-snippet:-1","max-image-preview":"max-image-preview:large","max-video-preview":"max-video-preview:-1"},"canonical":"https:\/\/coa-aco.org\/fr\/reunion-annuelle\/inscription\/","og_locale":"fr_FR","og_type":"article","og_title":"Inscription - Association Canadienne d'Orthop\u00e9die","og_url":"https:\/\/coa-aco.org\/fr\/reunion-annuelle\/inscription\/","og_site_name":"Association Canadienne d'Orthop\u00e9die","article_modified_time":"2026-04-21T19:41:58+00:00","twitter_card":"summary_large_image","twitter_misc":{"Dur\u00e9e de lecture estim\u00e9e":"3 minutes"},"schema":{"@context":"https:\/\/schema.org","@graph":[{"@type":"WebPage","@id":"https:\/\/coa-aco.org\/fr\/reunion-annuelle\/inscription\/","url":"https:\/\/coa-aco.org\/fr\/reunion-annuelle\/inscription\/","name":"Inscription - Association Canadienne d'Orthop\u00e9die","isPartOf":{"@id":"https:\/\/coa-aco.org\/#website"},"datePublished":"2023-02-23T14:36:10+00:00","dateModified":"2026-04-21T19:41:58+00:00","breadcrumb":{"@id":"https:\/\/coa-aco.org\/fr\/reunion-annuelle\/inscription\/#breadcrumb"},"inLanguage":"fr-FR","potentialAction":[{"@type":"ReadAction","target":["https:\/\/coa-aco.org\/fr\/reunion-annuelle\/inscription\/"]}]},{"@type":"BreadcrumbList","@id":"https:\/\/coa-aco.org\/fr\/reunion-annuelle\/inscription\/#breadcrumb","itemListElement":[{"@type":"ListItem","position":1,"name":"Home","item":"https:\/\/coa-aco.org\/fr\/"},{"@type":"ListItem","position":2,"name":"R\u00e9union annuelle","item":"https:\/\/coa-aco.org\/fr\/reunion-annuelle\/"},{"@type":"ListItem","position":3,"name":"Inscription"}]},{"@type":"WebSite","@id":"https:\/\/coa-aco.org\/#website","url":"https:\/\/coa-aco.org\/","name":"Association Canadienne d'Orthop\u00e9die","description":"","potentialAction":[{"@type":"SearchAction","target":{"@type":"EntryPoint","urlTemplate":"https:\/\/coa-aco.org\/?s={search_term_string}"},"query-input":"required name=search_term_string"}],"inLanguage":"fr-FR"}]}},"_links":{"self":[{"href":"https:\/\/coa-aco.org\/fr\/wp-json\/wp\/v2\/pages\/3093","targetHints":{"allow":["GET"]}}],"collection":[{"href":"https:\/\/coa-aco.org\/fr\/wp-json\/wp\/v2\/pages"}],"about":[{"href":"https:\/\/coa-aco.org\/fr\/wp-json\/wp\/v2\/types\/page"}],"author":[{"embeddable":true,"href":"https:\/\/coa-aco.org\/fr\/wp-json\/wp\/v2\/users\/2"}],"replies":[{"embeddable":true,"href":"https:\/\/coa-aco.org\/fr\/wp-json\/wp\/v2\/comments?post=3093"}],"version-history":[{"count":0,"href":"https:\/\/coa-aco.org\/fr\/wp-json\/wp\/v2\/pages\/3093\/revisions"}],"up":[{"embeddable":true,"href":"https:\/\/coa-aco.org\/fr\/wp-json\/wp\/v2\/pages\/1993"}],"wp:attachment":[{"href":"https:\/\/coa-aco.org\/fr\/wp-json\/wp\/v2\/media?parent=3093"}],"curies":[{"name":"wp","href":"https:\/\/api.w.org\/{rel}","templated":true}]}}