{"id":3152,"date":"2023-02-21T02:19:12","date_gmt":"2023-02-21T02:19:12","guid":{"rendered":"https:\/\/coa-aco.org\/awards\/"},"modified":"2025-11-06T17:19:47","modified_gmt":"2025-11-06T17:19:47","slug":"awards","status":"publish","type":"page","link":"https:\/\/coa-aco.org\/fr\/awards\/","title":{"rendered":"Prix annuels"},"content":{"rendered":"\r\n<div class=\"hero hero--small\">\r\n\t<div class=\"shell hero__shell\">\r\n\t\t<div class=\"hero__inner\">\r\n\t\t\t<div class=\"hero__content\">\r\n\t\t\t\t\r\n\t\t\t\t<header class=\"hero__head richtext-entry\">\r\n\t\t\t\t\t<h1>Prix annuels de l&#8217;ACO<\/h1>\n\t\t\t\t<\/header><!-- \/.hero__head -->\r\n\r\n\t\t\t\t<div class=\"hero__body richtext-entry\">\r\n\t\t\t\t\t<p>Les prix annuels de l\u2019ACO visent \u00e0 reconna\u00eetre les membres qui se sont distingu\u00e9s par leur contribution, leur influence et leur engagement exemplaires en vue d\u2019am\u00e9liorer la communaut\u00e9 orthop\u00e9dique canadienne. Remis chaque ann\u00e9e \u00e0 la R\u00e9union annuelle, les prix pour service constituent un grand honneur conf\u00e9r\u00e9 \u00e0 un membre par l\u2019ACO.<\/p>\n\t\t\t\t<\/div><!-- \/.hero__body richtext-entry -->\r\n\t\t\t<\/div><!-- \/.hero__content -->\r\n\r\n\t\t\t<div class=\"hero__media\">\r\n\t\t\t\t<img loading=\"lazy\" decoding=\"async\" width=\"768\" height=\"396\" src=\"https:\/\/coa-aco.org\/wp-content\/uploads\/2023\/02\/COA-Small-Hero_3-768x396.png\" class=\"attachment-medium_large size-medium_large\" alt=\"\" srcset=\"https:\/\/coa-aco.org\/wp-content\/uploads\/2023\/02\/COA-Small-Hero_3-768x396.png 768w, https:\/\/coa-aco.org\/wp-content\/uploads\/2023\/02\/COA-Small-Hero_3-300x155.png 300w, https:\/\/coa-aco.org\/wp-content\/uploads\/2023\/02\/COA-Small-Hero_3-1024x528.png 1024w, https:\/\/coa-aco.org\/wp-content\/uploads\/2023\/02\/COA-Small-Hero_3-1536x792.png 1536w, https:\/\/coa-aco.org\/wp-content\/uploads\/2023\/02\/COA-Small-Hero_3-2048x1056.png 2048w, https:\/\/coa-aco.org\/wp-content\/uploads\/2023\/02\/COA-Small-Hero_3-1920x990.png 1920w\" sizes=\"auto, (max-width: 768px) 100vw, 768px\" \/>\t\t\t<\/div><!-- \/.hero__media -->\r\n\t\t<\/div><!-- \/.hero__inner -->\r\n\t<\/div><!-- \/.shell hero__shell -->\r\n<\/div><!-- \/.hero hero-\/-small -->\r\n\n\n\r\n<section class=\"section  section--white\">\r\n\t<div class=\"shell\">\r\n\t\t<div class=\"grid grid--reversed\">\r\n\t\t\t<div class=\"grid__col grid__col--2of3\">\r\n\t\t\t\t<div class=\"entry \">\r\n\t\t\t\t\t\t\t\t\t\t\t<header class=\"entry__head\">\r\n\t\t\t\t\t\t\t<h2>\r\n\t\t\t\t\t\t\t\tF\u00e9licitations aux laur\u00e9ats des Prix de distinction de l\u2019ACO 2025\t\t\t\t\t\t\t<\/h2>\r\n\t\t\t\t\t\t<\/header><!-- \/.entry__head -->\r\n\t\t\t\t\t\r\n\t\t\t\t\t<div class=\"entry__body richtext-entry\">\r\n\t\t\t\t\t\t<p align=\"justify\">Nous sommes ravis d\u2019annoncer les laur\u00e9ats des prix remis \u00e0 la R\u00e9union annuelle de l\u2019ACO, de la Soci\u00e9t\u00e9 de recherche orthop\u00e9dique du Canada (SROC) et de l\u2019Association canadienne des r\u00e9sidents en orthop\u00e9die (ACRO), \u00e0 Vancouver (Colombie-Britannique), du 11 au 14 juin. Ces prix annuels pour service viennent reconna\u00eetre l\u2019excellence, l\u2019innovation et le d\u00e9vouement au sein de la communaut\u00e9 orthop\u00e9dique.<\/p>\n<p align=\"justify\">F\u00e9licitations \u00e0 tous les laur\u00e9ats pour leurs r\u00e9alisations exceptionnelles. Leur passion, leur engagement et leur d\u00e9vouement continuent de propulser notre sp\u00e9cialit\u00e9 et notre organisme vers de nouveaux sommets.<\/p>\n\t\t\t\t\t<\/div><!-- \/.entry__body richtext-entry -->\r\n\r\n\t\t\t\t\t\t\t\t\t<\/div><!-- \/.entry -->\r\n\t\t\t<\/div><!-- \/.grid__col grid__col-\/-2of3 -->\r\n\r\n\r\n\t\t\t\r\n\t\t\t\t\t\t\t<div class=\"grid__col grid__col--1of3\">\r\n\t\t\t\t\t<div class=\"tile-cta\">\r\n\t\t\t\t\t\t<figure class=\"tile__img image-fit\">\r\n\t\t\t\t\t\t\t<img loading=\"lazy\" decoding=\"async\" width=\"768\" height=\"512\" src=\"https:\/\/coa-aco.org\/wp-content\/uploads\/2023\/01\/GettyImages-1360278410-768x512.jpg\" class=\"attachment-medium_large size-medium_large\" alt=\"\" srcset=\"https:\/\/coa-aco.org\/wp-content\/uploads\/2023\/01\/GettyImages-1360278410-768x512.jpg 768w, https:\/\/coa-aco.org\/wp-content\/uploads\/2023\/01\/GettyImages-1360278410-300x200.jpg 300w, https:\/\/coa-aco.org\/wp-content\/uploads\/2023\/01\/GettyImages-1360278410-1024x683.jpg 1024w, https:\/\/coa-aco.org\/wp-content\/uploads\/2023\/01\/GettyImages-1360278410-1536x1025.jpg 1536w\" sizes=\"auto, (max-width: 768px) 100vw, 768px\" \/>\t\t\t\t\t\t<\/figure><!-- \/.tile__img image-fit -->\r\n\r\n\t\t\t\t\t\t\t\t\t\t\t\t\t<div class=\"tile__actions\">\r\n\t\t\t\t\t\t\t\t<a href=\"https:\/\/conta.cc\/45Mq0G7\" target=\"_blank\" class=\"btn\">\r\n\t\t\t\t\t\t\t\t\t<span class=\"btn__text\">\r\n\t\t\t\t\t\t\t\t\t\tD\u00e9tails sur les laur\u00e9ats de cette ann\u00e9e\t\t\t\t\t\t\t\t\t<\/span>\r\n\r\n\t\t\t\t\t\t\t\t\t<span class=\"btn__ico\">\r\n\t\t\t\t\t\t\t\t\t\t<svg width=\"19\" height=\"13\" viewBox=\"0 0 19 13\" fill=\"none\" xmlns=\"http:\/\/www.w3.org\/2000\/svg\">\r\n\t\t\t\t\t\t\t\t\t\t\t<path d=\"M17.6484 7.05859C18.1055 6.63672 18.1055 5.89844 17.6484 5.47656L13.1484 0.976562C12.7266 0.519531 11.9883 0.519531 11.5664 0.976562C11.1094 1.39844 11.1094 2.13672 11.5664 2.55859L14.1328 5.125H1.125C0.492188 5.125 0 5.65234 0 6.25C0 6.88281 0.492188 7.375 1.125 7.375H14.1328L11.5664 9.97656C11.1094 10.3984 11.1094 11.1367 11.5664 11.5586C11.9883 12.0156 12.7266 12.0156 13.1484 11.5586L17.6484 7.05859Z\"\/>\r\n\t\t\t\t\t\t\t\t\t\t<\/svg>\r\n\t\t\t\t\t\t\t\t\t<\/span>\r\n\t\t\t\t\t\t\t\t<\/a>\r\n\t\t\t\t\t\t\t<\/div><!-- \/.tile__actions -->\r\n\t\t\t\t\t\t\t\t\t\t\t<\/div><!-- \/.tile-cta -->\r\n\t\t\t\t<\/div><!-- \/.grid__col grid__col-\/-1of3 -->\r\n\t\t\t\r\n\t\t\t\t\t<\/div><!-- \/.grid -->\r\n\t<\/div><!-- \/.shell -->\r\n<\/section><!-- \/.section -->\r\n\n\n\r\n<section class=\"section section--white\">\r\n\t<div class=\"shell\">\r\n\t\t<div class=\"grid grid--reversed accordion-grid\">\r\n\t\t\t<div class=\"grid__col grid__col--2of3\">\r\n\t\t\t\t\t\t\t\t<div class=\"accordion\">\r\n\t\t\t\t\t\t\t\t\t\t\t<div class=\"accordion__section\">\r\n\t\t\t\t\t\t\t<div class=\"accordion__head\">\r\n\t\t\t\t\t\t\t\t<div class=\"accordion__head-wrapper\">\r\n\t\t\t\t\t\t\t\t\t<h6>\r\n\t\t\t\t\t\t\t\t\t\tNomination d&#039;une candidature\t\t\t\t\t\t\t\t\t<\/h6>\r\n\t\t\t\t\t\t\t\t<\/div><!-- \/.accordion__head-wrapper -->\r\n\r\n\t\t\t\t\t\t\t\t<figure class=\"accordion__ico\">\r\n\t\t\t\t\t\t\t\t\t<img decoding=\"async\" src=\"https:\/\/coa-aco.org\/wp-content\/themes\/canadian-orthopaedic-association\/resources\/images\/temp\/dropdown-ico.svg\" alt=\"\">\r\n\t\t\t\t\t\t\t\t<\/figure><!-- \/.accordion__ico -->\r\n\t\t\t\t\t\t\t<\/div><!-- \/.accordion__head -->\r\n\r\n\t\t\t\t\t\t\t<div class=\"accordion__body richtext-entry\">\r\n\t\t\t\t\t\t\t\t<ul>\n<li>Tous les membres avec droit de vote de l\u2019ACO peuvent soumettre des candidatures pendant la p\u00e9riode de nomination.<\/li>\n<li>Les membres avec droit de vote doivent \u00eatre membres actifs en bonne et due forme de l\u2019ACO et appartenir \u00e0 l\u2019une des cat\u00e9gories d\u2019adh\u00e9sion suivantes\u00a0:\n<ul>\n<li>Membres\u00a0actifs (dont ceux b\u00e9n\u00e9ficiant d\u2019une r\u00e9duction de\u00a050\u00a0% de leur cotisation la premi\u00e8re ann\u00e9e d\u2019exercice)<\/li>\n<li>Membres\u00a0actifs internationaux (dont ceux b\u00e9n\u00e9ficiant d\u2019une r\u00e9duction de\u00a050\u00a0% de leur cotisation la premi\u00e8re ann\u00e9e d\u2019exercice)<\/li>\n<\/ul>\n<\/li>\n<li>Soumettez le nom d\u2019un candidat, le prix vis\u00e9 et la raison pour laquelle vous consid\u00e9rez que sa candidature est appropri\u00e9e.<\/li>\n<li>Tout candidat doit \u00eatre membre en bonne et due forme de l\u2019ACO. La candidature de non-membres peut \u00eatre soumise \u00e0 des fins de consid\u00e9ration sp\u00e9ciale par le Conseil d&#8217;administration et le Comit\u00e9 de direction.<\/li>\n<li>Un candidat peut avoir d\u00e9j\u00e0 re\u00e7u un autre prix de l\u2019ACO.<\/li>\n<li>Nous acceptons les candidatures pour les prix de distinction de 2026 l&#8217;ann\u00e9e prochaine.<strong>\u00a0<\/strong><\/li>\n<\/ul>\n\t\t\t\t\t\t\t<\/div><!-- \/.accordion__body richtext-entry -->\r\n\t\t\t\t\t\t<\/div><!-- \/.accordion__section -->\r\n\t\t\t\t\t\t\t\t\t\t\t<div class=\"accordion__section\">\r\n\t\t\t\t\t\t\t<div class=\"accordion__head\">\r\n\t\t\t\t\t\t\t\t<div class=\"accordion__head-wrapper\">\r\n\t\t\t\t\t\t\t\t\t<h6>\r\n\t\t\t\t\t\t\t\t\t\tS\u00e9lection des candidatures\t\t\t\t\t\t\t\t\t<\/h6>\r\n\t\t\t\t\t\t\t\t<\/div><!-- \/.accordion__head-wrapper -->\r\n\r\n\t\t\t\t\t\t\t\t<figure class=\"accordion__ico\">\r\n\t\t\t\t\t\t\t\t\t<img decoding=\"async\" src=\"https:\/\/coa-aco.org\/wp-content\/themes\/canadian-orthopaedic-association\/resources\/images\/temp\/dropdown-ico.svg\" alt=\"\">\r\n\t\t\t\t\t\t\t\t<\/figure><!-- \/.accordion__ico -->\r\n\t\t\t\t\t\t\t<\/div><!-- \/.accordion__head -->\r\n\r\n\t\t\t\t\t\t\t<div class=\"accordion__body richtext-entry\">\r\n\t\t\t\t\t\t\t\t<ul>\n<li>Toutes les candidatures sont \u00e9valu\u00e9es et consid\u00e9r\u00e9es par le Conseil d&#8217;administration et le Comit\u00e9 de direction.<\/li>\n<li>Les laur\u00e9ats sont avis\u00e9s par le pr\u00e9sident.<\/li>\n<li>Un seul laur\u00e9at par prix annuel est retenu, sauf d\u00e9cision contraire du Comit\u00e9 de direction.<\/li>\n<li>Aucun laur\u00e9at ne peut recevoir plus d\u2019une fois le m\u00eame prix, sauf d\u00e9cision contraire du Comit\u00e9 de direction.<\/li>\n<li>Les prix peuvent \u00eatre posthumes.<\/li>\n<li>Une candidature non\u00a0retenue peut faire l\u2019objet d\u2019une nouvelle nomination une ann\u00e9e subs\u00e9quente.<\/li>\n<\/ul>\n\t\t\t\t\t\t\t<\/div><!-- \/.accordion__body richtext-entry -->\r\n\t\t\t\t\t\t<\/div><!-- \/.accordion__section -->\r\n\t\t\t\t\t\t\t\t\t<\/div><!-- \/.accordion -->\r\n\t\t\t<\/div><!-- \/.grid__col grid__col-\/-2of3 -->\r\n\r\n\t\t\t\t\t\t\t<div class=\"grid__col grid__col--1of3\">\r\n\t\t\t\t\t<div class=\"entry\">\r\n\t\t\t\t\t\t<div class=\"enrty__body\">\r\n\t\t\t\t\t\t\t<h2>Nomination et selection<\/h2>\n<p>Nous acceptons les candidatures pour les prix de distinction de 2026 l&#8217;ann\u00e9e prochaine.<strong>\u00a0<\/strong><\/p>\n<p>&nbsp;<\/p>\n\t\t\t\t\t\t<\/div><!-- \/.enrty__body -->\r\n\t\t\t\t\t<\/div><!-- \/.entry -->\r\n\t\t\t\t<\/div><!-- \/.grid__col grid__col-\/-1of3 -->\r\n\t\t\t\t\t<\/div><!-- \/.grid grid-\/-reversed -->\r\n\t<\/div><!-- \/.shell -->\r\n<\/section><!-- \/.section section-\/-white -->\r\n\n\n\r\n<section class=\"section section--white\">\r\n\t<div class=\"shell\">\r\n\t\t<div class=\"grid grid--reversed accordion-grid\">\r\n\t\t\t<div class=\"grid__col grid__col--2of3\">\r\n\t\t\t\t\t\t\t\t<div class=\"accordion\">\r\n\t\t\t\t\t\t\t\t\t\t\t<div class=\"accordion__section\">\r\n\t\t\t\t\t\t\t<div class=\"accordion__head\">\r\n\t\t\t\t\t\t\t\t<div class=\"accordion__head-wrapper\">\r\n\t\t\t\t\t\t\t\t\t<h6>\r\n\t\t\t\t\t\t\t\t\t\tPrix d\u2019excellence du pr\u00e9sident\t\t\t\t\t\t\t\t\t<\/h6>\r\n\t\t\t\t\t\t\t\t<\/div><!-- \/.accordion__head-wrapper -->\r\n\r\n\t\t\t\t\t\t\t\t<figure class=\"accordion__ico\">\r\n\t\t\t\t\t\t\t\t\t<img decoding=\"async\" src=\"https:\/\/coa-aco.org\/wp-content\/themes\/canadian-orthopaedic-association\/resources\/images\/temp\/dropdown-ico.svg\" alt=\"\">\r\n\t\t\t\t\t\t\t\t<\/figure><!-- \/.accordion__ico -->\r\n\t\t\t\t\t\t\t<\/div><!-- \/.accordion__head -->\r\n\r\n\t\t\t\t\t\t\t<div class=\"accordion__body richtext-entry\">\r\n\t\t\t\t\t\t\t\t<p><strong>Le laur\u00e9at 2025 &#8211; Dr Mohit Bhandari<br \/>\n<\/strong>D\u00e9cern\u00e9 aux visionnaires qui ont fa\u00e7onn\u00e9 l\u2019orthop\u00e9die par la recherche, l\u2019enseignement, le plaidoyer et l\u2019am\u00e9lioration des normes de soins.<\/p>\n\t\t\t\t\t\t\t<\/div><!-- \/.accordion__body richtext-entry -->\r\n\t\t\t\t\t\t<\/div><!-- \/.accordion__section -->\r\n\t\t\t\t\t\t\t\t\t\t\t<div class=\"accordion__section\">\r\n\t\t\t\t\t\t\t<div class=\"accordion__head\">\r\n\t\t\t\t\t\t\t\t<div class=\"accordion__head-wrapper\">\r\n\t\t\t\t\t\t\t\t\t<h6>\r\n\t\t\t\t\t\t\t\t\t\tPrix pour service \u00e0 l&#039;ACO\t\t\t\t\t\t\t\t\t<\/h6>\r\n\t\t\t\t\t\t\t\t<\/div><!-- \/.accordion__head-wrapper -->\r\n\r\n\t\t\t\t\t\t\t\t<figure class=\"accordion__ico\">\r\n\t\t\t\t\t\t\t\t\t<img decoding=\"async\" src=\"https:\/\/coa-aco.org\/wp-content\/themes\/canadian-orthopaedic-association\/resources\/images\/temp\/dropdown-ico.svg\" alt=\"\">\r\n\t\t\t\t\t\t\t\t<\/figure><!-- \/.accordion__ico -->\r\n\t\t\t\t\t\t\t<\/div><!-- \/.accordion__head -->\r\n\r\n\t\t\t\t\t\t\t<div class=\"accordion__body richtext-entry\">\r\n\t\t\t\t\t\t\t\t<p><strong>Le laur\u00e9at 2025 &#8211; D<sup>res<\/sup> Pascale Thibaudeau et Adrian Huang<br \/>\n<\/strong>D\u00e9cern\u00e9 \u00e0 celles et ceux qui, par leur engagement ind\u00e9fectible, leur voix affirm\u00e9e et leur esprit de service, \u00e9l\u00e8vent les autres et font progresser notre communaut\u00e9.<strong><br \/>\n<\/strong><\/p>\n\t\t\t\t\t\t\t<\/div><!-- \/.accordion__body richtext-entry -->\r\n\t\t\t\t\t\t<\/div><!-- \/.accordion__section -->\r\n\t\t\t\t\t\t\t\t\t\t\t<div class=\"accordion__section\">\r\n\t\t\t\t\t\t\t<div class=\"accordion__head\">\r\n\t\t\t\t\t\t\t\t<div class=\"accordion__head-wrapper\">\r\n\t\t\t\t\t\t\t\t\t<h6>\r\n\t\t\t\t\t\t\t\t\t\tPrix moteur de changement\t\t\t\t\t\t\t\t\t<\/h6>\r\n\t\t\t\t\t\t\t\t<\/div><!-- \/.accordion__head-wrapper -->\r\n\r\n\t\t\t\t\t\t\t\t<figure class=\"accordion__ico\">\r\n\t\t\t\t\t\t\t\t\t<img decoding=\"async\" src=\"https:\/\/coa-aco.org\/wp-content\/themes\/canadian-orthopaedic-association\/resources\/images\/temp\/dropdown-ico.svg\" alt=\"\">\r\n\t\t\t\t\t\t\t\t<\/figure><!-- \/.accordion__ico -->\r\n\t\t\t\t\t\t\t<\/div><!-- \/.accordion__head -->\r\n\r\n\t\t\t\t\t\t\t<div class=\"accordion__body richtext-entry\">\r\n\t\t\t\t\t\t\t\t<p><strong>Le laur\u00e9at 2025 &#8211; Dre Catherine Coady<br \/>\n<\/strong>D\u00e9cern\u00e9 aux d\u00e9fenseurs et humanitaires qui transforment la culture orthop\u00e9dique en favorisant l\u2019\u00e9quit\u00e9, l\u2019inclusion et la repr\u00e9sentation.<strong><br \/>\n<\/strong><\/p>\n\t\t\t\t\t\t\t<\/div><!-- \/.accordion__body richtext-entry -->\r\n\t\t\t\t\t\t<\/div><!-- \/.accordion__section -->\r\n\t\t\t\t\t\t\t\t\t\t\t<div class=\"accordion__section\">\r\n\t\t\t\t\t\t\t<div class=\"accordion__head\">\r\n\t\t\t\t\t\t\t\t<div class=\"accordion__head-wrapper\">\r\n\t\t\t\t\t\t\t\t\t<h6>\r\n\t\t\t\t\t\t\t\t\t\tPrix hommage \t\t\t\t\t\t\t\t\t<\/h6>\r\n\t\t\t\t\t\t\t\t<\/div><!-- \/.accordion__head-wrapper -->\r\n\r\n\t\t\t\t\t\t\t\t<figure class=\"accordion__ico\">\r\n\t\t\t\t\t\t\t\t\t<img decoding=\"async\" src=\"https:\/\/coa-aco.org\/wp-content\/themes\/canadian-orthopaedic-association\/resources\/images\/temp\/dropdown-ico.svg\" alt=\"\">\r\n\t\t\t\t\t\t\t\t<\/figure><!-- \/.accordion__ico -->\r\n\t\t\t\t\t\t\t<\/div><!-- \/.accordion__head -->\r\n\r\n\t\t\t\t\t\t\t<div class=\"accordion__body richtext-entry\">\r\n\t\t\t\t\t\t\t\t<p><strong>Le laur\u00e9at 2025 &#8211; Dr Graham King<br \/>\n<\/strong>Ce prix rend hommage \u00e0 des d\u00e9cennies de service et de mentorat ayant marqu\u00e9 l\u2019orthop\u00e9die au Canada et \u00e0 l\u2019\u00e9chelle internationale.<strong><br \/>\n<\/strong><\/p>\n\t\t\t\t\t\t\t<\/div><!-- \/.accordion__body richtext-entry -->\r\n\t\t\t\t\t\t<\/div><!-- \/.accordion__section -->\r\n\t\t\t\t\t\t\t\t\t\t\t<div class=\"accordion__section\">\r\n\t\t\t\t\t\t\t<div class=\"accordion__head\">\r\n\t\t\t\t\t\t\t\t<div class=\"accordion__head-wrapper\">\r\n\t\t\t\t\t\t\t\t\t<h6>\r\n\t\t\t\t\t\t\t\t\t\tPrix du leader \u00e9mergent\t\t\t\t\t\t\t\t\t<\/h6>\r\n\t\t\t\t\t\t\t\t<\/div><!-- \/.accordion__head-wrapper -->\r\n\r\n\t\t\t\t\t\t\t\t<figure class=\"accordion__ico\">\r\n\t\t\t\t\t\t\t\t\t<img decoding=\"async\" src=\"https:\/\/coa-aco.org\/wp-content\/themes\/canadian-orthopaedic-association\/resources\/images\/temp\/dropdown-ico.svg\" alt=\"\">\r\n\t\t\t\t\t\t\t\t<\/figure><!-- \/.accordion__ico -->\r\n\t\t\t\t\t\t\t<\/div><!-- \/.accordion__head -->\r\n\r\n\t\t\t\t\t\t\t<div class=\"accordion__body richtext-entry\">\r\n\t\t\t\t\t\t\t\t<p><strong>Les laur\u00e9ates 2025 &#8211; Dre Kristen Barton<br \/>\n<\/strong>D\u00e9cern\u00e9 aux membres en d\u00e9but de carri\u00e8re qui se distinguent par leurs contributions et leur potentiel de leadership au sein de leur \u00e9tablissement, de leur soci\u00e9t\u00e9 de sursp\u00e9cialit\u00e9 et de l\u2019ACO.<strong><br \/>\n<\/strong><\/p>\n\t\t\t\t\t\t\t<\/div><!-- \/.accordion__body richtext-entry -->\r\n\t\t\t\t\t\t<\/div><!-- \/.accordion__section -->\r\n\t\t\t\t\t\t\t\t\t<\/div><!-- \/.accordion -->\r\n\t\t\t<\/div><!-- \/.grid__col grid__col-\/-2of3 -->\r\n\r\n\t\t\t\t\t\t\t<div class=\"grid__col grid__col--1of3\">\r\n\t\t\t\t\t<div class=\"entry\">\r\n\t\t\t\t\t\t<div class=\"enrty__body\">\r\n\t\t\t\t\t\t\t<h2>Descriptions des prix<\/h2>\n<h3><\/h3>\n<p>&nbsp;<\/p>\n<h3>Prix ant\u00e9rieurs de l\u2019ACO<\/h3>\n<p>Nous continuons d&#8217;honorer ceux qui \u00e9taient reconnus dans le pass\u00e9 par l&#8217;ACO \u00e0 travers des prix ci-dessous.<\/p>\n<p><a href=\"https:\/\/coa-aco.org\/wp-content\/uploads\/2025\/03\/2025-COA-Awards-List.pdf\" target=\"_blank\" rel=\"noopener\"><strong>Laur\u00e9ats des prix de l\u2019ACO <\/strong><\/a><\/p>\n<p>&nbsp;<\/p>\n\t\t\t\t\t\t<\/div><!-- \/.enrty__body -->\r\n\t\t\t\t\t<\/div><!-- \/.entry -->\r\n\t\t\t\t<\/div><!-- \/.grid__col grid__col-\/-1of3 -->\r\n\t\t\t\t\t<\/div><!-- \/.grid grid-\/-reversed -->\r\n\t<\/div><!-- \/.shell -->\r\n<\/section><!-- \/.section section-\/-white -->\r\n","protected":false},"excerpt":{"rendered":"","protected":false},"author":1,"featured_media":0,"parent":0,"menu_order":0,"comment_status":"closed","ping_status":"closed","template":"","meta":{"om_disable_all_campaigns":false,"_monsterinsights_skip_tracking":false,"_monsterinsights_sitenote_active":false,"_monsterinsights_sitenote_note":"","_monsterinsights_sitenote_category":0,"_uf_show_specific_survey":0,"_uf_disable_surveys":false,"footnotes":""},"class_list":["post-3152","page","type-page","status-publish","hentry"],"acf":[],"aioseo_notices":[],"yoast_head":"<!-- This site is optimized with the Yoast SEO plugin v23.3 - https:\/\/yoast.com\/wordpress\/plugins\/seo\/ -->\n<title>Prix annuels - Association Canadienne d&#039;Orthop\u00e9die<\/title>\n<meta name=\"robots\" content=\"index, follow, max-snippet:-1, max-image-preview:large, max-video-preview:-1\" \/>\n<link rel=\"canonical\" href=\"https:\/\/coa-aco.org\/fr\/awards\/\" \/>\n<meta property=\"og:locale\" content=\"fr_FR\" \/>\n<meta property=\"og:type\" content=\"article\" \/>\n<meta property=\"og:title\" content=\"Prix annuels - Association Canadienne d&#039;Orthop\u00e9die\" \/>\n<meta property=\"og:url\" content=\"https:\/\/coa-aco.org\/fr\/awards\/\" \/>\n<meta property=\"og:site_name\" content=\"Association Canadienne d&#039;Orthop\u00e9die\" \/>\n<meta property=\"article:modified_time\" content=\"2025-11-06T17:19:47+00:00\" \/>\n<meta name=\"twitter:card\" content=\"summary_large_image\" \/>\n<script type=\"application\/ld+json\" class=\"yoast-schema-graph\">{\"@context\":\"https:\/\/schema.org\",\"@graph\":[{\"@type\":\"WebPage\",\"@id\":\"https:\/\/coa-aco.org\/fr\/awards\/\",\"url\":\"https:\/\/coa-aco.org\/fr\/awards\/\",\"name\":\"Prix annuels - Association Canadienne d'Orthop\u00e9die\",\"isPartOf\":{\"@id\":\"https:\/\/coa-aco.org\/#website\"},\"datePublished\":\"2023-02-21T02:19:12+00:00\",\"dateModified\":\"2025-11-06T17:19:47+00:00\",\"breadcrumb\":{\"@id\":\"https:\/\/coa-aco.org\/fr\/awards\/#breadcrumb\"},\"inLanguage\":\"fr-FR\",\"potentialAction\":[{\"@type\":\"ReadAction\",\"target\":[\"https:\/\/coa-aco.org\/fr\/awards\/\"]}]},{\"@type\":\"BreadcrumbList\",\"@id\":\"https:\/\/coa-aco.org\/fr\/awards\/#breadcrumb\",\"itemListElement\":[{\"@type\":\"ListItem\",\"position\":1,\"name\":\"Home\",\"item\":\"https:\/\/coa-aco.org\/fr\/\"},{\"@type\":\"ListItem\",\"position\":2,\"name\":\"Prix annuels\"}]},{\"@type\":\"WebSite\",\"@id\":\"https:\/\/coa-aco.org\/#website\",\"url\":\"https:\/\/coa-aco.org\/\",\"name\":\"Association Canadienne d'Orthop\u00e9die\",\"description\":\"\",\"potentialAction\":[{\"@type\":\"SearchAction\",\"target\":{\"@type\":\"EntryPoint\",\"urlTemplate\":\"https:\/\/coa-aco.org\/?s={search_term_string}\"},\"query-input\":\"required name=search_term_string\"}],\"inLanguage\":\"fr-FR\"}]}<\/script>\n<!-- \/ Yoast SEO plugin. -->","yoast_head_json":{"title":"Prix annuels - Association Canadienne d'Orthop\u00e9die","robots":{"index":"index","follow":"follow","max-snippet":"max-snippet:-1","max-image-preview":"max-image-preview:large","max-video-preview":"max-video-preview:-1"},"canonical":"https:\/\/coa-aco.org\/fr\/awards\/","og_locale":"fr_FR","og_type":"article","og_title":"Prix annuels - Association Canadienne d'Orthop\u00e9die","og_url":"https:\/\/coa-aco.org\/fr\/awards\/","og_site_name":"Association Canadienne d'Orthop\u00e9die","article_modified_time":"2025-11-06T17:19:47+00:00","twitter_card":"summary_large_image","schema":{"@context":"https:\/\/schema.org","@graph":[{"@type":"WebPage","@id":"https:\/\/coa-aco.org\/fr\/awards\/","url":"https:\/\/coa-aco.org\/fr\/awards\/","name":"Prix annuels - Association Canadienne d'Orthop\u00e9die","isPartOf":{"@id":"https:\/\/coa-aco.org\/#website"},"datePublished":"2023-02-21T02:19:12+00:00","dateModified":"2025-11-06T17:19:47+00:00","breadcrumb":{"@id":"https:\/\/coa-aco.org\/fr\/awards\/#breadcrumb"},"inLanguage":"fr-FR","potentialAction":[{"@type":"ReadAction","target":["https:\/\/coa-aco.org\/fr\/awards\/"]}]},{"@type":"BreadcrumbList","@id":"https:\/\/coa-aco.org\/fr\/awards\/#breadcrumb","itemListElement":[{"@type":"ListItem","position":1,"name":"Home","item":"https:\/\/coa-aco.org\/fr\/"},{"@type":"ListItem","position":2,"name":"Prix annuels"}]},{"@type":"WebSite","@id":"https:\/\/coa-aco.org\/#website","url":"https:\/\/coa-aco.org\/","name":"Association Canadienne d'Orthop\u00e9die","description":"","potentialAction":[{"@type":"SearchAction","target":{"@type":"EntryPoint","urlTemplate":"https:\/\/coa-aco.org\/?s={search_term_string}"},"query-input":"required name=search_term_string"}],"inLanguage":"fr-FR"}]}},"_links":{"self":[{"href":"https:\/\/coa-aco.org\/fr\/wp-json\/wp\/v2\/pages\/3152","targetHints":{"allow":["GET"]}}],"collection":[{"href":"https:\/\/coa-aco.org\/fr\/wp-json\/wp\/v2\/pages"}],"about":[{"href":"https:\/\/coa-aco.org\/fr\/wp-json\/wp\/v2\/types\/page"}],"author":[{"embeddable":true,"href":"https:\/\/coa-aco.org\/fr\/wp-json\/wp\/v2\/users\/1"}],"replies":[{"embeddable":true,"href":"https:\/\/coa-aco.org\/fr\/wp-json\/wp\/v2\/comments?post=3152"}],"version-history":[{"count":0,"href":"https:\/\/coa-aco.org\/fr\/wp-json\/wp\/v2\/pages\/3152\/revisions"}],"wp:attachment":[{"href":"https:\/\/coa-aco.org\/fr\/wp-json\/wp\/v2\/media?parent=3152"}],"curies":[{"name":"wp","href":"https:\/\/api.w.org\/{rel}","templated":true}]}}