{"id":3162,"date":"2023-02-21T01:06:04","date_gmt":"2023-02-21T01:06:04","guid":{"rendered":"https:\/\/coa-aco.org\/pay-your-coa-membership-dues-or-renew-your-free-membership\/"},"modified":"2024-04-17T02:03:47","modified_gmt":"2024-04-17T02:03:47","slug":"pay-your-coa-membership-dues-or-renew-your-free-membership","status":"publish","type":"page","link":"https:\/\/coa-aco.org\/fr\/pay-your-coa-membership-dues-or-renew-your-free-membership\/","title":{"rendered":"Payer sa cotisation"},"content":{"rendered":"\r\n<div class=\"hero hero--small\">\r\n\t<div class=\"shell hero__shell\">\r\n\t\t<div class=\"hero__inner\">\r\n\t\t\t<div class=\"hero__content\">\r\n\t\t\t\t\r\n\t\t\t\t<header class=\"hero__head richtext-entry\">\r\n\t\t\t\t\t<h1>Payer sa cotisation<\/h1>\n\t\t\t\t<\/header><!-- \/.hero__head -->\r\n\r\n\t\t\t\t<div class=\"hero__body richtext-entry\">\r\n\t\t\t\t\t<p>Ouvrez une session dans le portail des services aux membres de l\u2019ACO pour r\u00e9gler votre cotisation en ligne gr\u00e2ce \u00e0 notre syst\u00e8me de paiement s\u00e9curis\u00e9 et imprimer votre re\u00e7u ou un formulaire afin de payer par ch\u00e8que.<\/p>\n\t\t\t\t<\/div><!-- \/.hero__body richtext-entry -->\r\n\t\t\t<\/div><!-- \/.hero__content -->\r\n\r\n\t\t\t<div class=\"hero__media\">\r\n\t\t\t\t<img loading=\"lazy\" decoding=\"async\" width=\"768\" height=\"396\" src=\"https:\/\/coa-aco.org\/wp-content\/uploads\/2023\/02\/COA-Small-Hero_3-768x396.png\" class=\"attachment-medium_large size-medium_large\" alt=\"\" srcset=\"https:\/\/coa-aco.org\/wp-content\/uploads\/2023\/02\/COA-Small-Hero_3-768x396.png 768w, https:\/\/coa-aco.org\/wp-content\/uploads\/2023\/02\/COA-Small-Hero_3-300x155.png 300w, https:\/\/coa-aco.org\/wp-content\/uploads\/2023\/02\/COA-Small-Hero_3-1024x528.png 1024w, https:\/\/coa-aco.org\/wp-content\/uploads\/2023\/02\/COA-Small-Hero_3-1536x792.png 1536w, https:\/\/coa-aco.org\/wp-content\/uploads\/2023\/02\/COA-Small-Hero_3-2048x1056.png 2048w, https:\/\/coa-aco.org\/wp-content\/uploads\/2023\/02\/COA-Small-Hero_3-1920x990.png 1920w\" sizes=\"auto, (max-width: 768px) 100vw, 768px\" \/>\t\t\t<\/div><!-- \/.hero__media -->\r\n\t\t<\/div><!-- \/.hero__inner -->\r\n\t<\/div><!-- \/.shell hero__shell -->\r\n<\/div><!-- \/.hero hero-\/-small -->\r\n\n\n\r\n<section class=\"section section--white\">\r\n\t<div class=\"shell\">\r\n\t\t<div class=\"grid grid--reversed\">\r\n\t\t\t<div class=\"grid__col grid__col--2of3\">\r\n\t\t\t\t<div class=\"entry\">\r\n\t\t\t\t\t\r\n\t\t\t\t\t<div class=\"entry__body richtext-entry\">\r\n\t\t\t\t\t\t<p>Ouvrez une session dans le portail des services aux membres de l\u2019ACO pour r\u00e9gler votre cotisation \u00e0 l&#8217;ACO ou \u00e0 une soci\u00e9t\u00e9 de sous-sp\u00e9cialit\u00e9. En renouvelant leur adh\u00e9sion, tous les membres de l&#8217;ACO peuvent acc\u00e9der aux abonnements au Bone &amp; Joint Journal \u00e0 prix r\u00e9duit et faire une contribution \u00e0 la Fondation Canadienne d&#8217;Orthop\u00e9die, \u00e0 l&#8217;initiative Plan\u00e8te ortho de l&#8217;ACO et au fonds de d\u00e9fense des droits et int\u00e9r\u00eats de l&#8217;ACO, DroitsOrtho. Ajoutez ces options \u00e0 votre panier avant de passer \u00e0 la caisse.<\/p>\n\t\t\t\t\t<\/div><!-- \/.entry__body richtext-entry -->\r\n\r\n\t\t\t\t\t\t\t\t\t\t\t<div class=\"entry__actions\">\r\n\t\t\t\t\t\t\t<a href=\"https:\/\/www.xcdsystem.com\/coa\/store\/index.cfm?ID=3bGR1uP\" target=\"_blank\" class=\"link\">\r\n\t\t\t\t\t\t\t\t<span>\r\n\t\t\t\t\t\t\t\t\tPayer sa cotisation\t\t\t\t\t\t\t\t<\/span>\r\n\r\n\t\t\t\t\t\t\t\t<figure class=\"link__ico\">\r\n\t\t\t\t\t\t\t\t\t<svg width=\"19\" height=\"13\" viewBox=\"0 0 19 13\" fill=\"none\" xmlns=\"http:\/\/www.w3.org\/2000\/svg\">\r\n\t\t\t\t\t\t\t\t\t\t<path d=\"M17.6484 7.05859C18.1055 6.63672 18.1055 5.89844 17.6484 5.47656L13.1484 0.976562C12.7266 0.519531 11.9883 0.519531 11.5664 0.976562C11.1094 1.39844 11.1094 2.13672 11.5664 2.55859L14.1328 5.125H1.125C0.492188 5.125 0 5.65234 0 6.25C0 6.88281 0.492188 7.375 1.125 7.375H14.1328L11.5664 9.97656C11.1094 10.3984 11.1094 11.1367 11.5664 11.5586C11.9883 12.0156 12.7266 12.0156 13.1484 11.5586L17.6484 7.05859Z\"\/>\r\n\t\t\t\t\t\t\t\t\t<\/svg>\r\n\t\t\t\t\t\t\t\t<\/figure><!-- \/.link__ico -->\r\n\t\t\t\t\t\t\t<\/a>\r\n\t\t\t\t\t\t<\/div><!-- \/.entry__actions -->\r\n\t\t\t\t\t\t\t\t\t<\/div><!-- \/.entry -->\r\n\t\t\t<\/div><!-- \/.grid__col grid__col-\/-2of3 -->\r\n\r\n\r\n\t\t\t\r\n\t\t\t\r\n\t\t\t\t\t\t\t<div class=\"grid__col grid__col--1of3\">\r\n\t\t\t\t\t<figure class=\"image-auto\">\r\n\t\t\t\t\t\t<img loading=\"lazy\" decoding=\"async\" width=\"768\" height=\"512\" src=\"https:\/\/coa-aco.org\/wp-content\/uploads\/2022\/12\/Meeting-768x512.jpg\" class=\"attachment-medium_large size-medium_large\" alt=\"\" srcset=\"https:\/\/coa-aco.org\/wp-content\/uploads\/2022\/12\/Meeting-768x512.jpg 768w, https:\/\/coa-aco.org\/wp-content\/uploads\/2022\/12\/Meeting-300x200.jpg 300w, https:\/\/coa-aco.org\/wp-content\/uploads\/2022\/12\/Meeting-1024x683.jpg 1024w, https:\/\/coa-aco.org\/wp-content\/uploads\/2022\/12\/Meeting-1536x1024.jpg 1536w, https:\/\/coa-aco.org\/wp-content\/uploads\/2022\/12\/Meeting-2048x1365.jpg 2048w, https:\/\/coa-aco.org\/wp-content\/uploads\/2022\/12\/Meeting-1920x1280.jpg 1920w\" sizes=\"auto, (max-width: 768px) 100vw, 768px\" \/>\t\t\t\t\t<\/figure>\r\n\t\t\t\t<\/div><!-- \/.grid__col grid__col-\/-1of3 -->\r\n\t\t\t\t\t<\/div><!-- \/.grid -->\r\n\t<\/div><!-- \/.shell -->\r\n<\/section><!-- \/.section -->\r\n","protected":false},"excerpt":{"rendered":"","protected":false},"author":1,"featured_media":0,"parent":0,"menu_order":0,"comment_status":"closed","ping_status":"closed","template":"","meta":{"om_disable_all_campaigns":false,"_monsterinsights_skip_tracking":false,"_monsterinsights_sitenote_active":false,"_monsterinsights_sitenote_note":"","_monsterinsights_sitenote_category":0,"_uf_show_specific_survey":0,"_uf_disable_surveys":false,"footnotes":""},"class_list":["post-3162","page","type-page","status-publish","hentry"],"acf":[],"aioseo_notices":[],"yoast_head":"<!-- This site is optimized with the Yoast SEO plugin v23.3 - https:\/\/yoast.com\/wordpress\/plugins\/seo\/ -->\n<title>Payer sa cotisation - Association Canadienne d&#039;Orthop\u00e9die<\/title>\n<meta name=\"robots\" content=\"index, follow, max-snippet:-1, max-image-preview:large, max-video-preview:-1\" \/>\n<link rel=\"canonical\" href=\"https:\/\/coa-aco.org\/pay-your-coa-membership-dues-or-renew-your-free-membership\/\" \/>\n<meta property=\"og:locale\" content=\"fr_FR\" \/>\n<meta property=\"og:type\" content=\"article\" \/>\n<meta property=\"og:title\" content=\"Payer sa cotisation - Association Canadienne d&#039;Orthop\u00e9die\" \/>\n<meta property=\"og:url\" content=\"https:\/\/coa-aco.org\/pay-your-coa-membership-dues-or-renew-your-free-membership\/\" \/>\n<meta property=\"og:site_name\" content=\"Association Canadienne d&#039;Orthop\u00e9die\" \/>\n<meta property=\"article:modified_time\" content=\"2024-04-17T02:03:47+00:00\" \/>\n<meta name=\"twitter:card\" content=\"summary_large_image\" \/>\n<script type=\"application\/ld+json\" class=\"yoast-schema-graph\">{\"@context\":\"https:\/\/schema.org\",\"@graph\":[{\"@type\":\"WebPage\",\"@id\":\"https:\/\/coa-aco.org\/pay-your-coa-membership-dues-or-renew-your-free-membership\/\",\"url\":\"https:\/\/coa-aco.org\/pay-your-coa-membership-dues-or-renew-your-free-membership\/\",\"name\":\"Payer sa cotisation - Association Canadienne d'Orthop\u00e9die\",\"isPartOf\":{\"@id\":\"https:\/\/coa-aco.org\/#website\"},\"datePublished\":\"2023-02-21T01:06:04+00:00\",\"dateModified\":\"2024-04-17T02:03:47+00:00\",\"breadcrumb\":{\"@id\":\"https:\/\/coa-aco.org\/pay-your-coa-membership-dues-or-renew-your-free-membership\/#breadcrumb\"},\"inLanguage\":\"fr-FR\",\"potentialAction\":[{\"@type\":\"ReadAction\",\"target\":[\"https:\/\/coa-aco.org\/pay-your-coa-membership-dues-or-renew-your-free-membership\/\"]}]},{\"@type\":\"BreadcrumbList\",\"@id\":\"https:\/\/coa-aco.org\/pay-your-coa-membership-dues-or-renew-your-free-membership\/#breadcrumb\",\"itemListElement\":[{\"@type\":\"ListItem\",\"position\":1,\"name\":\"Home\",\"item\":\"https:\/\/coa-aco.org\/fr\/\"},{\"@type\":\"ListItem\",\"position\":2,\"name\":\"Payer sa cotisation\"}]},{\"@type\":\"WebSite\",\"@id\":\"https:\/\/coa-aco.org\/#website\",\"url\":\"https:\/\/coa-aco.org\/\",\"name\":\"Association Canadienne d'Orthop\u00e9die\",\"description\":\"\",\"potentialAction\":[{\"@type\":\"SearchAction\",\"target\":{\"@type\":\"EntryPoint\",\"urlTemplate\":\"https:\/\/coa-aco.org\/?s={search_term_string}\"},\"query-input\":\"required name=search_term_string\"}],\"inLanguage\":\"fr-FR\"}]}<\/script>\n<!-- \/ Yoast SEO plugin. -->","yoast_head_json":{"title":"Payer sa cotisation - Association Canadienne d'Orthop\u00e9die","robots":{"index":"index","follow":"follow","max-snippet":"max-snippet:-1","max-image-preview":"max-image-preview:large","max-video-preview":"max-video-preview:-1"},"canonical":"https:\/\/coa-aco.org\/pay-your-coa-membership-dues-or-renew-your-free-membership\/","og_locale":"fr_FR","og_type":"article","og_title":"Payer sa cotisation - Association Canadienne d'Orthop\u00e9die","og_url":"https:\/\/coa-aco.org\/pay-your-coa-membership-dues-or-renew-your-free-membership\/","og_site_name":"Association Canadienne d'Orthop\u00e9die","article_modified_time":"2024-04-17T02:03:47+00:00","twitter_card":"summary_large_image","schema":{"@context":"https:\/\/schema.org","@graph":[{"@type":"WebPage","@id":"https:\/\/coa-aco.org\/pay-your-coa-membership-dues-or-renew-your-free-membership\/","url":"https:\/\/coa-aco.org\/pay-your-coa-membership-dues-or-renew-your-free-membership\/","name":"Payer sa cotisation - Association Canadienne d'Orthop\u00e9die","isPartOf":{"@id":"https:\/\/coa-aco.org\/#website"},"datePublished":"2023-02-21T01:06:04+00:00","dateModified":"2024-04-17T02:03:47+00:00","breadcrumb":{"@id":"https:\/\/coa-aco.org\/pay-your-coa-membership-dues-or-renew-your-free-membership\/#breadcrumb"},"inLanguage":"fr-FR","potentialAction":[{"@type":"ReadAction","target":["https:\/\/coa-aco.org\/pay-your-coa-membership-dues-or-renew-your-free-membership\/"]}]},{"@type":"BreadcrumbList","@id":"https:\/\/coa-aco.org\/pay-your-coa-membership-dues-or-renew-your-free-membership\/#breadcrumb","itemListElement":[{"@type":"ListItem","position":1,"name":"Home","item":"https:\/\/coa-aco.org\/fr\/"},{"@type":"ListItem","position":2,"name":"Payer sa cotisation"}]},{"@type":"WebSite","@id":"https:\/\/coa-aco.org\/#website","url":"https:\/\/coa-aco.org\/","name":"Association Canadienne d'Orthop\u00e9die","description":"","potentialAction":[{"@type":"SearchAction","target":{"@type":"EntryPoint","urlTemplate":"https:\/\/coa-aco.org\/?s={search_term_string}"},"query-input":"required name=search_term_string"}],"inLanguage":"fr-FR"}]}},"_links":{"self":[{"href":"https:\/\/coa-aco.org\/fr\/wp-json\/wp\/v2\/pages\/3162","targetHints":{"allow":["GET"]}}],"collection":[{"href":"https:\/\/coa-aco.org\/fr\/wp-json\/wp\/v2\/pages"}],"about":[{"href":"https:\/\/coa-aco.org\/fr\/wp-json\/wp\/v2\/types\/page"}],"author":[{"embeddable":true,"href":"https:\/\/coa-aco.org\/fr\/wp-json\/wp\/v2\/users\/1"}],"replies":[{"embeddable":true,"href":"https:\/\/coa-aco.org\/fr\/wp-json\/wp\/v2\/comments?post=3162"}],"version-history":[{"count":0,"href":"https:\/\/coa-aco.org\/fr\/wp-json\/wp\/v2\/pages\/3162\/revisions"}],"wp:attachment":[{"href":"https:\/\/coa-aco.org\/fr\/wp-json\/wp\/v2\/media?parent=3162"}],"curies":[{"name":"wp","href":"https:\/\/api.w.org\/{rel}","templated":true}]}}