{"id":3759,"date":"2023-05-23T22:32:47","date_gmt":"2023-05-23T22:32:47","guid":{"rendered":"https:\/\/coa-aco.org\/orthoevidence\/"},"modified":"2023-05-26T15:40:49","modified_gmt":"2023-05-26T15:40:49","slug":"orthoevidence","status":"publish","type":"page","link":"https:\/\/coa-aco.org\/fr\/education-et-pratique\/orthoevidence\/","title":{"rendered":"OrthoEvidence"},"content":{"rendered":"\r\n<div class=\"hero hero--small\">\r\n\t<div class=\"shell hero__shell\">\r\n\t\t<div class=\"hero__inner\">\r\n\t\t\t<div class=\"hero__content\">\r\n\t\t\t\t\r\n\t\t\t\t<header class=\"hero__head richtext-entry\">\r\n\t\t\t\t\t<h1>OrthoEvidence<\/h1>\n\t\t\t\t<\/header><!-- \/.hero__head -->\r\n\r\n\t\t\t\t<div class=\"hero__body richtext-entry\">\r\n\t\t\t\t\t<p><strong>Les membres de l\u2019ACO b\u00e9n\u00e9ficient d\u2019un acc\u00e8s complet et illimit\u00e9 \u00e0\u00a0<\/strong><a href=\"https:\/\/myorthoevidence.com\/AceReports\/Conferences\/CanadianOrthopaedicAssociation2016\" target=\"_blank\" rel=\"noopener\">OrthoEvidence<\/a><\/p>\n<p><a href=\"https:\/\/myorthoevidence.com\/\" target=\"_blank\" rel=\"noopener\">OrthoEvidence<\/a>\u00a0est la r\u00e9f\u00e9rence en mati\u00e8re de contenu qui pr\u00e9sente les donn\u00e9es probantes en orthop\u00e9die les plus pertinentes provenant de partout dans le monde. Gr\u00e2ce \u00e0 son site Web\u00a0<u>quotidiennement<\/u>\u00a0mis \u00e0 jour, il est possible d\u2019acc\u00e9der au r\u00e9sum\u00e9 complet des meilleures recherches dans le domaine. Plus de 30\u00a0000\u00a0praticiens et chirurgiens dans plus de 150 pays utilisent\u00a0<a href=\"https:\/\/myorthoevidence.com\/\" target=\"_blank\" rel=\"noopener\">OrthoEvidence<\/a>, o\u00f9 ils trouvent en un seul et m\u00eame endroit un tr\u00e8s grand \u00e9ventail de r\u00e9sum\u00e9s des donn\u00e9es probantes en orthop\u00e9die les plus pertinentes (soit les 5\u00a0% des MEILLEURES donn\u00e9es publi\u00e9es), tir\u00e9s de plus de 360\u00a0revues. Ils savent ainsi qu\u2019ils ont acc\u00e8s \u00e0 la cr\u00e8me des renseignements. Ces r\u00e9sum\u00e9s pr\u00e9cisent les implications cliniques, se lisent rapidement et peuvent facilement \u00eatre mis en pratique.<\/p>\n\t\t\t\t<\/div><!-- \/.hero__body richtext-entry -->\r\n\t\t\t<\/div><!-- \/.hero__content -->\r\n\r\n\t\t\t<div class=\"hero__media\">\r\n\t\t\t\t<img loading=\"lazy\" decoding=\"async\" width=\"768\" height=\"396\" src=\"https:\/\/coa-aco.org\/wp-content\/uploads\/2023\/05\/COA-Small-Hero_4-768x396.png\" class=\"attachment-medium_large size-medium_large\" alt=\"\" srcset=\"https:\/\/coa-aco.org\/wp-content\/uploads\/2023\/05\/COA-Small-Hero_4-768x396.png 768w, https:\/\/coa-aco.org\/wp-content\/uploads\/2023\/05\/COA-Small-Hero_4-300x155.png 300w, https:\/\/coa-aco.org\/wp-content\/uploads\/2023\/05\/COA-Small-Hero_4-1024x528.png 1024w, https:\/\/coa-aco.org\/wp-content\/uploads\/2023\/05\/COA-Small-Hero_4-1536x792.png 1536w, https:\/\/coa-aco.org\/wp-content\/uploads\/2023\/05\/COA-Small-Hero_4-2048x1056.png 2048w, https:\/\/coa-aco.org\/wp-content\/uploads\/2023\/05\/COA-Small-Hero_4-1920x990.png 1920w\" sizes=\"auto, (max-width: 768px) 100vw, 768px\" \/>\t\t\t<\/div><!-- \/.hero__media -->\r\n\t\t<\/div><!-- \/.hero__inner -->\r\n\t<\/div><!-- \/.shell hero__shell -->\r\n<\/div><!-- \/.hero hero-\/-small -->\r\n\n\n\r\n<section class=\"section  section--white\">\r\n\t<div class=\"shell\">\r\n\t\t<div class=\"grid grid--reversed\">\r\n\t\t\t<div class=\"grid__col grid__col--2of3\">\r\n\t\t\t\t<div class=\"entry \">\r\n\t\t\t\t\t\t\t\t\t\t\t<header class=\"entry__head\">\r\n\t\t\t\t\t\t\t<h2>\r\n\t\t\t\t\t\t\t\tQu\u2019est-ce qu\u2019OrthoEvidence m\u2019apporte?\t\t\t\t\t\t\t<\/h2>\r\n\t\t\t\t\t\t<\/header><!-- \/.entry__head -->\r\n\t\t\t\t\t\r\n\t\t\t\t\t<div class=\"entry__body richtext-entry\">\r\n\t\t\t\t\t\t<section class=\"av_textblock_section av-am7kwz9-58fa9afba6e980eaa1c2b13fd790e29b\">\n<div class=\"avia_textblock\">\n<ul>\n<li>Un acc\u00e8s illimit\u00e9 \u00e0 plus de 4\u00a0300 rapports r\u00e9sumant les donn\u00e9es probantes de niveau\u00a01 en orthop\u00e9die publi\u00e9es au cours des 7\u00a0derni\u00e8res ann\u00e9es<\/li>\n<li>L\u2019acc\u00e8s \u00e0 un vaste contenu tir\u00e9 de plus de 300\u00a0revues dans 13\u00a0sp\u00e9cialit\u00e9s, y compris la traumatologie, la m\u00e9decine sportive, le rachis, l\u2019arthroplastie, le pied et la cheville, et l\u2019\u00e9paule et le coude, entre autres<\/li>\n<li>L\u2019acc\u00e8s \u00e0 des r\u00e9sum\u00e9s de travaux de recherche pr\u00e9sent\u00e9s \u00e0 de grands congr\u00e8s et colloques partout dans le monde, y compris \u00e0 la R\u00e9union annuelle de l\u2019ACO et au congr\u00e8s de l\u2019American Academy of Orthopaedic Surgeons (AAOS)!<\/li>\n<li>La capacit\u00e9 de cumuler\u00a0<strong>un nombre illimit\u00e9 de cr\u00e9dits d\u2019\u00e9ducation m\u00e9dicale continue\u00a0(\u00c9MC) simplement en lisant les rapports d\u2019OrthoEvidence<\/strong><\/li>\n<li>L\u2019acc\u00e8s \u00e0 la section \u00ab\u00a0<a href=\"http:\/\/myorthoevidence.com\/peerView\/orthopaedic-surgeon\" target=\"_blank\" rel=\"noopener\">PeerView<\/a>\u00bb, qui permet de voir rapidement les rapports les plus consult\u00e9s par les orthop\u00e9distes du monde entier<\/li>\n<li>Votre propre programme Fast Track, qui vous envoie tous les mois le contenu le plus consult\u00e9 par les membres de l\u2019ACO dans les domaines qui VOUS int\u00e9ressent le plus!<\/li>\n<\/ul>\n<\/div>\n<\/section>\n<section class=\"av_textblock_section av-9vsndkl-d8f89f5ba48bbe1177184b14df7a640a\">\n<div class=\"avia_textblock\">\n<p><strong>Vous n\u2019avez pas re\u00e7u vos coordonn\u00e9es OrthoEvidence?<\/strong><br \/>\nCommuniquez avec nous\u00a0<a href=\"mailto:info@myorthoevidence.com\">info@myorthoevidence.com<\/a>\u00a0pour obtenir un compte d\u00e8s aujourd\u2019hui!<\/p>\n<p><strong>Vous souhaitez faire partie de l\u2019\u00e9quipe de r\u00e9daction d\u2019OrthoEvidence?<\/strong>\u00a0\u00c9crivez \u00e0\u00a0<a href=\"mailto:info@myorthoevidence.com\">info@myorthoevidence.com<\/a>\u00a0pour obtenir les d\u00e9tails!<\/p>\n<\/div>\n<\/section>\n\t\t\t\t\t<\/div><!-- \/.entry__body richtext-entry -->\r\n\r\n\t\t\t\t\t\t\t\t\t<\/div><!-- \/.entry -->\r\n\t\t\t<\/div><!-- \/.grid__col grid__col-\/-2of3 -->\r\n\r\n\r\n\t\t\t\r\n\t\t\t\t\t\t\t<div class=\"grid__col grid__col--1of3\">\r\n\t\t\t\t\t<div class=\"tile-cta\">\r\n\t\t\t\t\t\t<figure class=\"tile__img image-fit\">\r\n\t\t\t\t\t\t\t<img loading=\"lazy\" decoding=\"async\" width=\"549\" height=\"1030\" src=\"https:\/\/coa-aco.org\/wp-content\/uploads\/2023\/05\/Mailer_announcing_new_dashboard_v3-1-1-549x1030-1.jpeg\" class=\"attachment-medium_large size-medium_large\" alt=\"\" srcset=\"https:\/\/coa-aco.org\/wp-content\/uploads\/2023\/05\/Mailer_announcing_new_dashboard_v3-1-1-549x1030-1.jpeg 549w, https:\/\/coa-aco.org\/wp-content\/uploads\/2023\/05\/Mailer_announcing_new_dashboard_v3-1-1-549x1030-1-160x300.jpeg 160w, https:\/\/coa-aco.org\/wp-content\/uploads\/2023\/05\/Mailer_announcing_new_dashboard_v3-1-1-549x1030-1-546x1024.jpeg 546w\" sizes=\"auto, (max-width: 549px) 100vw, 549px\" \/>\t\t\t\t\t\t<\/figure><!-- \/.tile__img image-fit -->\r\n\r\n\t\t\t\t\t\t\t\t\t\t\t\t\t<div class=\"tile__actions\">\r\n\t\t\t\t\t\t\t\t<a href=\"https:\/\/myorthoevidence.com\/associationsignup\/3c1o7A1a4\" target=\"_blank\" class=\"btn\">\r\n\t\t\t\t\t\t\t\t\t<span class=\"btn__text\">\r\n\t\t\t\t\t\t\t\t\t\tVisitez OrthoEvidence!\t\t\t\t\t\t\t\t\t<\/span>\r\n\r\n\t\t\t\t\t\t\t\t\t<span class=\"btn__ico\">\r\n\t\t\t\t\t\t\t\t\t\t<svg width=\"19\" height=\"13\" viewBox=\"0 0 19 13\" fill=\"none\" xmlns=\"http:\/\/www.w3.org\/2000\/svg\">\r\n\t\t\t\t\t\t\t\t\t\t\t<path d=\"M17.6484 7.05859C18.1055 6.63672 18.1055 5.89844 17.6484 5.47656L13.1484 0.976562C12.7266 0.519531 11.9883 0.519531 11.5664 0.976562C11.1094 1.39844 11.1094 2.13672 11.5664 2.55859L14.1328 5.125H1.125C0.492188 5.125 0 5.65234 0 6.25C0 6.88281 0.492188 7.375 1.125 7.375H14.1328L11.5664 9.97656C11.1094 10.3984 11.1094 11.1367 11.5664 11.5586C11.9883 12.0156 12.7266 12.0156 13.1484 11.5586L17.6484 7.05859Z\"\/>\r\n\t\t\t\t\t\t\t\t\t\t<\/svg>\r\n\t\t\t\t\t\t\t\t\t<\/span>\r\n\t\t\t\t\t\t\t\t<\/a>\r\n\t\t\t\t\t\t\t<\/div><!-- \/.tile__actions -->\r\n\t\t\t\t\t\t\t\t\t\t\t<\/div><!-- \/.tile-cta -->\r\n\t\t\t\t<\/div><!-- \/.grid__col grid__col-\/-1of3 -->\r\n\t\t\t\r\n\t\t\t\t\t<\/div><!-- \/.grid -->\r\n\t<\/div><!-- \/.shell -->\r\n<\/section><!-- \/.section -->\r\n","protected":false},"excerpt":{"rendered":"","protected":false},"author":1,"featured_media":0,"parent":3830,"menu_order":0,"comment_status":"closed","ping_status":"closed","template":"","meta":{"om_disable_all_campaigns":false,"_monsterinsights_skip_tracking":false,"_monsterinsights_sitenote_active":false,"_monsterinsights_sitenote_note":"","_monsterinsights_sitenote_category":0,"_uf_show_specific_survey":0,"_uf_disable_surveys":false,"footnotes":""},"class_list":["post-3759","page","type-page","status-publish","hentry"],"acf":[],"aioseo_notices":[],"yoast_head":"<!-- This site is optimized with the Yoast SEO plugin v23.3 - https:\/\/yoast.com\/wordpress\/plugins\/seo\/ -->\n<title>OrthoEvidence - Association Canadienne d&#039;Orthop\u00e9die<\/title>\n<meta name=\"robots\" content=\"index, follow, max-snippet:-1, max-image-preview:large, max-video-preview:-1\" \/>\n<link rel=\"canonical\" href=\"https:\/\/coa-aco.org\/education-and-practice\/orthoevidence\/\" \/>\n<meta property=\"og:locale\" content=\"fr_FR\" \/>\n<meta property=\"og:type\" content=\"article\" \/>\n<meta property=\"og:title\" content=\"OrthoEvidence - Association Canadienne d&#039;Orthop\u00e9die\" \/>\n<meta property=\"og:url\" content=\"https:\/\/coa-aco.org\/education-and-practice\/orthoevidence\/\" \/>\n<meta property=\"og:site_name\" content=\"Association Canadienne d&#039;Orthop\u00e9die\" \/>\n<meta property=\"article:modified_time\" content=\"2023-05-26T15:40:49+00:00\" \/>\n<meta name=\"twitter:card\" content=\"summary_large_image\" \/>\n<script type=\"application\/ld+json\" class=\"yoast-schema-graph\">{\"@context\":\"https:\/\/schema.org\",\"@graph\":[{\"@type\":\"WebPage\",\"@id\":\"https:\/\/coa-aco.org\/education-and-practice\/orthoevidence\/\",\"url\":\"https:\/\/coa-aco.org\/education-and-practice\/orthoevidence\/\",\"name\":\"OrthoEvidence - Association Canadienne d'Orthop\u00e9die\",\"isPartOf\":{\"@id\":\"https:\/\/coa-aco.org\/#website\"},\"datePublished\":\"2023-05-23T22:32:47+00:00\",\"dateModified\":\"2023-05-26T15:40:49+00:00\",\"breadcrumb\":{\"@id\":\"https:\/\/coa-aco.org\/education-and-practice\/orthoevidence\/#breadcrumb\"},\"inLanguage\":\"fr-FR\",\"potentialAction\":[{\"@type\":\"ReadAction\",\"target\":[\"https:\/\/coa-aco.org\/education-and-practice\/orthoevidence\/\"]}]},{\"@type\":\"BreadcrumbList\",\"@id\":\"https:\/\/coa-aco.org\/education-and-practice\/orthoevidence\/#breadcrumb\",\"itemListElement\":[{\"@type\":\"ListItem\",\"position\":1,\"name\":\"Home\",\"item\":\"https:\/\/coa-aco.org\/fr\/\"},{\"@type\":\"ListItem\",\"position\":2,\"name\":\"\u00c9ducation et pratique\",\"item\":\"https:\/\/coa-aco.org\/fr\/education-et-pratique\/\"},{\"@type\":\"ListItem\",\"position\":3,\"name\":\"OrthoEvidence\"}]},{\"@type\":\"WebSite\",\"@id\":\"https:\/\/coa-aco.org\/#website\",\"url\":\"https:\/\/coa-aco.org\/\",\"name\":\"Association Canadienne d'Orthop\u00e9die\",\"description\":\"\",\"potentialAction\":[{\"@type\":\"SearchAction\",\"target\":{\"@type\":\"EntryPoint\",\"urlTemplate\":\"https:\/\/coa-aco.org\/?s={search_term_string}\"},\"query-input\":\"required name=search_term_string\"}],\"inLanguage\":\"fr-FR\"}]}<\/script>\n<!-- \/ Yoast SEO plugin. -->","yoast_head_json":{"title":"OrthoEvidence - Association Canadienne d'Orthop\u00e9die","robots":{"index":"index","follow":"follow","max-snippet":"max-snippet:-1","max-image-preview":"max-image-preview:large","max-video-preview":"max-video-preview:-1"},"canonical":"https:\/\/coa-aco.org\/education-and-practice\/orthoevidence\/","og_locale":"fr_FR","og_type":"article","og_title":"OrthoEvidence - Association Canadienne d'Orthop\u00e9die","og_url":"https:\/\/coa-aco.org\/education-and-practice\/orthoevidence\/","og_site_name":"Association Canadienne d'Orthop\u00e9die","article_modified_time":"2023-05-26T15:40:49+00:00","twitter_card":"summary_large_image","schema":{"@context":"https:\/\/schema.org","@graph":[{"@type":"WebPage","@id":"https:\/\/coa-aco.org\/education-and-practice\/orthoevidence\/","url":"https:\/\/coa-aco.org\/education-and-practice\/orthoevidence\/","name":"OrthoEvidence - Association Canadienne d'Orthop\u00e9die","isPartOf":{"@id":"https:\/\/coa-aco.org\/#website"},"datePublished":"2023-05-23T22:32:47+00:00","dateModified":"2023-05-26T15:40:49+00:00","breadcrumb":{"@id":"https:\/\/coa-aco.org\/education-and-practice\/orthoevidence\/#breadcrumb"},"inLanguage":"fr-FR","potentialAction":[{"@type":"ReadAction","target":["https:\/\/coa-aco.org\/education-and-practice\/orthoevidence\/"]}]},{"@type":"BreadcrumbList","@id":"https:\/\/coa-aco.org\/education-and-practice\/orthoevidence\/#breadcrumb","itemListElement":[{"@type":"ListItem","position":1,"name":"Home","item":"https:\/\/coa-aco.org\/fr\/"},{"@type":"ListItem","position":2,"name":"\u00c9ducation et pratique","item":"https:\/\/coa-aco.org\/fr\/education-et-pratique\/"},{"@type":"ListItem","position":3,"name":"OrthoEvidence"}]},{"@type":"WebSite","@id":"https:\/\/coa-aco.org\/#website","url":"https:\/\/coa-aco.org\/","name":"Association Canadienne d'Orthop\u00e9die","description":"","potentialAction":[{"@type":"SearchAction","target":{"@type":"EntryPoint","urlTemplate":"https:\/\/coa-aco.org\/?s={search_term_string}"},"query-input":"required name=search_term_string"}],"inLanguage":"fr-FR"}]}},"_links":{"self":[{"href":"https:\/\/coa-aco.org\/fr\/wp-json\/wp\/v2\/pages\/3759","targetHints":{"allow":["GET"]}}],"collection":[{"href":"https:\/\/coa-aco.org\/fr\/wp-json\/wp\/v2\/pages"}],"about":[{"href":"https:\/\/coa-aco.org\/fr\/wp-json\/wp\/v2\/types\/page"}],"author":[{"embeddable":true,"href":"https:\/\/coa-aco.org\/fr\/wp-json\/wp\/v2\/users\/1"}],"replies":[{"embeddable":true,"href":"https:\/\/coa-aco.org\/fr\/wp-json\/wp\/v2\/comments?post=3759"}],"version-history":[{"count":0,"href":"https:\/\/coa-aco.org\/fr\/wp-json\/wp\/v2\/pages\/3759\/revisions"}],"up":[{"embeddable":true,"href":"https:\/\/coa-aco.org\/fr\/wp-json\/wp\/v2\/pages\/3830"}],"wp:attachment":[{"href":"https:\/\/coa-aco.org\/fr\/wp-json\/wp\/v2\/media?parent=3759"}],"curies":[{"name":"wp","href":"https:\/\/api.w.org\/{rel}","templated":true}]}}