{"id":3777,"date":"2023-05-24T02:04:16","date_gmt":"2023-05-24T02:04:16","guid":{"rendered":"https:\/\/coa-aco.org\/practice-management\/"},"modified":"2023-05-26T16:10:23","modified_gmt":"2023-05-26T16:10:23","slug":"practice-management","status":"publish","type":"page","link":"https:\/\/coa-aco.org\/fr\/education-et-pratique\/practice-management\/","title":{"rendered":"Practice Management"},"content":{"rendered":"\r\n<div class=\"hero hero--small\">\r\n\t<div class=\"shell hero__shell\">\r\n\t\t<div class=\"hero__inner\">\r\n\t\t\t<div class=\"hero__content\">\r\n\t\t\t\t\r\n\t\t\t\t<header class=\"hero__head richtext-entry\">\r\n\t\t\t\t\t<h1 class=\"wp-block wp-block-post-title block-editor-block-list__block editor-post-title editor-post-title__input rich-text\" role=\"textbox\" contenteditable=\"true\" aria-label=\"Add title\" aria-multiline=\"true\">Practice Management<\/h1>\n\t\t\t\t<\/header><!-- \/.hero__head -->\r\n\r\n\t\t\t\t<div class=\"hero__body richtext-entry\">\r\n\t\t\t\t\t<p>Le Conseil m\u00e9dical du Canada et l\u2019organisme local de r\u00e9glementation professionnelle d\u2019une province, c\u2019est-\u00e0-dire le coll\u00e8ge des m\u00e9decins et chirurgiens de la province concern\u00e9e, conf\u00e8rent le droit de pratiquer la m\u00e9decine au Canada. Le Coll\u00e8ge royal des m\u00e9decins et chirurgiens du Canada d\u00e9termine la qualit\u00e9 de sp\u00e9cialiste d\u2019un candidat.<\/p>\n\t\t\t\t<\/div><!-- \/.hero__body richtext-entry -->\r\n\t\t\t<\/div><!-- \/.hero__content -->\r\n\r\n\t\t\t<div class=\"hero__media\">\r\n\t\t\t\t<img loading=\"lazy\" decoding=\"async\" width=\"768\" height=\"396\" src=\"https:\/\/coa-aco.org\/wp-content\/uploads\/2023\/05\/COA-Small-Hero_4-768x396.png\" class=\"attachment-medium_large size-medium_large\" alt=\"\" srcset=\"https:\/\/coa-aco.org\/wp-content\/uploads\/2023\/05\/COA-Small-Hero_4-768x396.png 768w, https:\/\/coa-aco.org\/wp-content\/uploads\/2023\/05\/COA-Small-Hero_4-300x155.png 300w, https:\/\/coa-aco.org\/wp-content\/uploads\/2023\/05\/COA-Small-Hero_4-1024x528.png 1024w, https:\/\/coa-aco.org\/wp-content\/uploads\/2023\/05\/COA-Small-Hero_4-1536x792.png 1536w, https:\/\/coa-aco.org\/wp-content\/uploads\/2023\/05\/COA-Small-Hero_4-2048x1056.png 2048w, https:\/\/coa-aco.org\/wp-content\/uploads\/2023\/05\/COA-Small-Hero_4-1920x990.png 1920w\" sizes=\"auto, (max-width: 768px) 100vw, 768px\" \/>\t\t\t<\/div><!-- \/.hero__media -->\r\n\t\t<\/div><!-- \/.hero__inner -->\r\n\t<\/div><!-- \/.shell hero__shell -->\r\n<\/div><!-- \/.hero hero-\/-small -->\r\n\n\n\r\n<section class=\"section section--white\">\r\n\t<div class=\"shell\">\r\n\t\t<div class=\"grid\">\r\n\t\t\t<div class=\"grid__col grid__col--2of3\">\r\n\t\t\t\t<div class=\"entry\">\r\n\t\t\t\t\t\r\n\t\t\t\t\t<div class=\"entry__body richtext-entry\">\r\n\t\t\t\t\t\t<p>Pour obtenir l\u2019autorisation d\u2019exercer la m\u00e9decine au Canada, le candidat doit avoir effectu\u00e9 son internat dans un \u00e9tablissement reconnu du Conseil m\u00e9dical du Canada et passer son examen d\u2019\u00e9valuation. Dans certains cas, le candidat devra passer l\u2019examen d\u2019aptitude du Conseil m\u00e9dical du Canada.<\/p>\n<p>Pour \u00eatre \u00e9clair\u00e9 sur votre statut, nous vous sugg\u00e9rons d\u2019\u00e9crire \u00e0 l\u2019organisme suivant :<\/p>\n<p>Le Conseil m\u00e9dical du Canada<br \/>\nBo\u00eete 8234 \/ Succursale \u00abT\u00bb<br \/>\nOttawa ON K1G 3H7<br \/>\nCANADA<br \/>\nT\u00e9l\u00e9phone : 613 521-6012<br \/>\nT\u00e9l\u00e9copieur : 613 521-9417<br \/>\nSite Web :\u00a0<a href=\"http:\/\/www.mcc.ca\/\" target=\"_blank\" rel=\"noopener\">http:\/\/www.mcc.ca<\/a><\/p>\n<p>En outre, chaque province du Canada a \u00e9tabli ses exigences; elles diff\u00e8rent sur certains points d\u2019une province \u00e0 l\u2019autre. Ces exigences doivent \u00eatre satisfaites avant qu\u2019un candidat puisse pratiquer la m\u00e9decine \u00e0 titre de chirurgien orthop\u00e9diste. Les renseignements \u00e0 ce sujet s\u2019obtiennent du coll\u00e8ge des m\u00e9decins et chirurgiens de la province concern\u00e9e.<\/p>\n<p>Pour ce qui est de votre statut de chirurgien orthop\u00e9diste qualifi\u00e9, le Coll\u00e8ge royal des m\u00e9decins et chirurgiens du Canada peut proc\u00e9der \u00e0 une \u00e9valuation de votre formation ant\u00e9rieure de chirurgien orthop\u00e9diste et vous communiquera sa d\u00e9cision, si vous avez ou n\u2019avez pas les qualit\u00e9s requises correspondant au statut de sp\u00e9cialiste autoris\u00e9 \u00e0 pratiquer \u00e0 titre de chirurgien orthop\u00e9diste, au Canada. Son adresse est la suivante\u00a0:<\/p>\n<p>Le Coll\u00e8ge royal des m\u00e9decins et chirurgiens du Canada<br \/>\n774 Echo Drive<br \/>\nOttawa ON K1S 5N8<br \/>\nCANADA<br \/>\nT\u00e9l\u00e9phone : 613 730-8177<br \/>\nAppels sans frais : 1-800-668-3740<br \/>\nT\u00e9l\u00e9copieur : 613 730-8830<br \/>\nSite Web :\u00a0<a href=\"http:\/\/rcpsc.medical.org\/\" target=\"_blank\" rel=\"noopener\">http:\/\/rcpsc.medical.org<\/a><\/p>\n\t\t\t\t\t<\/div><!-- \/.entry__body richtext-entry -->\r\n\r\n\t\t\t\t\t\t\t\t\t<\/div><!-- \/.entry -->\r\n\t\t\t<\/div><!-- \/.grid__col grid__col-\/-2of3 -->\r\n\r\n\r\n\t\t\t\r\n\t\t\t\r\n\t\t\t\t\t\t\t<div class=\"grid__col grid__col--1of3\">\r\n\t\t\t\t\t<figure class=\"image-auto\">\r\n\t\t\t\t\t\t<img loading=\"lazy\" decoding=\"async\" width=\"768\" height=\"512\" src=\"https:\/\/coa-aco.org\/wp-content\/uploads\/2023\/05\/AdobeStock_327774945-768x512.jpeg\" class=\"attachment-medium_large size-medium_large\" alt=\"\" srcset=\"https:\/\/coa-aco.org\/wp-content\/uploads\/2023\/05\/AdobeStock_327774945-768x512.jpeg 768w, https:\/\/coa-aco.org\/wp-content\/uploads\/2023\/05\/AdobeStock_327774945-300x200.jpeg 300w, https:\/\/coa-aco.org\/wp-content\/uploads\/2023\/05\/AdobeStock_327774945-1024x683.jpeg 1024w, https:\/\/coa-aco.org\/wp-content\/uploads\/2023\/05\/AdobeStock_327774945-1536x1024.jpeg 1536w, https:\/\/coa-aco.org\/wp-content\/uploads\/2023\/05\/AdobeStock_327774945-2048x1365.jpeg 2048w, https:\/\/coa-aco.org\/wp-content\/uploads\/2023\/05\/AdobeStock_327774945-1920x1280.jpeg 1920w\" sizes=\"auto, (max-width: 768px) 100vw, 768px\" \/>\t\t\t\t\t<\/figure>\r\n\t\t\t\t<\/div><!-- \/.grid__col grid__col-\/-1of3 -->\r\n\t\t\t\t\t<\/div><!-- \/.grid -->\r\n\t<\/div><!-- \/.shell -->\r\n<\/section><!-- \/.section -->\r\n","protected":false},"excerpt":{"rendered":"","protected":false},"author":1,"featured_media":0,"parent":3830,"menu_order":0,"comment_status":"closed","ping_status":"closed","template":"","meta":{"om_disable_all_campaigns":false,"_monsterinsights_skip_tracking":false,"_monsterinsights_sitenote_active":false,"_monsterinsights_sitenote_note":"","_monsterinsights_sitenote_category":0,"_uf_show_specific_survey":0,"_uf_disable_surveys":false,"footnotes":""},"class_list":["post-3777","page","type-page","status-publish","hentry"],"acf":[],"aioseo_notices":[],"yoast_head":"<!-- This site is optimized with the Yoast SEO plugin v23.3 - https:\/\/yoast.com\/wordpress\/plugins\/seo\/ -->\n<title>Practice Management - Association Canadienne d&#039;Orthop\u00e9die<\/title>\n<meta name=\"robots\" content=\"index, follow, max-snippet:-1, max-image-preview:large, max-video-preview:-1\" \/>\n<link rel=\"canonical\" href=\"https:\/\/coa-aco.org\/education-and-practice\/practice-management\/\" \/>\n<meta property=\"og:locale\" content=\"fr_FR\" \/>\n<meta property=\"og:type\" content=\"article\" \/>\n<meta property=\"og:title\" content=\"Practice Management - Association Canadienne d&#039;Orthop\u00e9die\" \/>\n<meta property=\"og:url\" content=\"https:\/\/coa-aco.org\/education-and-practice\/practice-management\/\" \/>\n<meta property=\"og:site_name\" content=\"Association Canadienne d&#039;Orthop\u00e9die\" \/>\n<meta property=\"article:modified_time\" content=\"2023-05-26T16:10:23+00:00\" \/>\n<meta name=\"twitter:card\" content=\"summary_large_image\" \/>\n<script type=\"application\/ld+json\" class=\"yoast-schema-graph\">{\"@context\":\"https:\/\/schema.org\",\"@graph\":[{\"@type\":\"WebPage\",\"@id\":\"https:\/\/coa-aco.org\/education-and-practice\/practice-management\/\",\"url\":\"https:\/\/coa-aco.org\/education-and-practice\/practice-management\/\",\"name\":\"Practice Management - Association Canadienne d'Orthop\u00e9die\",\"isPartOf\":{\"@id\":\"https:\/\/coa-aco.org\/#website\"},\"datePublished\":\"2023-05-24T02:04:16+00:00\",\"dateModified\":\"2023-05-26T16:10:23+00:00\",\"breadcrumb\":{\"@id\":\"https:\/\/coa-aco.org\/education-and-practice\/practice-management\/#breadcrumb\"},\"inLanguage\":\"fr-FR\",\"potentialAction\":[{\"@type\":\"ReadAction\",\"target\":[\"https:\/\/coa-aco.org\/education-and-practice\/practice-management\/\"]}]},{\"@type\":\"BreadcrumbList\",\"@id\":\"https:\/\/coa-aco.org\/education-and-practice\/practice-management\/#breadcrumb\",\"itemListElement\":[{\"@type\":\"ListItem\",\"position\":1,\"name\":\"Home\",\"item\":\"https:\/\/coa-aco.org\/fr\/\"},{\"@type\":\"ListItem\",\"position\":2,\"name\":\"\u00c9ducation et pratique\",\"item\":\"https:\/\/coa-aco.org\/fr\/education-et-pratique\/\"},{\"@type\":\"ListItem\",\"position\":3,\"name\":\"Practice Management\"}]},{\"@type\":\"WebSite\",\"@id\":\"https:\/\/coa-aco.org\/#website\",\"url\":\"https:\/\/coa-aco.org\/\",\"name\":\"Association Canadienne d'Orthop\u00e9die\",\"description\":\"\",\"potentialAction\":[{\"@type\":\"SearchAction\",\"target\":{\"@type\":\"EntryPoint\",\"urlTemplate\":\"https:\/\/coa-aco.org\/?s={search_term_string}\"},\"query-input\":\"required name=search_term_string\"}],\"inLanguage\":\"fr-FR\"}]}<\/script>\n<!-- \/ Yoast SEO plugin. -->","yoast_head_json":{"title":"Practice Management - Association Canadienne d'Orthop\u00e9die","robots":{"index":"index","follow":"follow","max-snippet":"max-snippet:-1","max-image-preview":"max-image-preview:large","max-video-preview":"max-video-preview:-1"},"canonical":"https:\/\/coa-aco.org\/education-and-practice\/practice-management\/","og_locale":"fr_FR","og_type":"article","og_title":"Practice Management - Association Canadienne d'Orthop\u00e9die","og_url":"https:\/\/coa-aco.org\/education-and-practice\/practice-management\/","og_site_name":"Association Canadienne d'Orthop\u00e9die","article_modified_time":"2023-05-26T16:10:23+00:00","twitter_card":"summary_large_image","schema":{"@context":"https:\/\/schema.org","@graph":[{"@type":"WebPage","@id":"https:\/\/coa-aco.org\/education-and-practice\/practice-management\/","url":"https:\/\/coa-aco.org\/education-and-practice\/practice-management\/","name":"Practice Management - Association Canadienne d'Orthop\u00e9die","isPartOf":{"@id":"https:\/\/coa-aco.org\/#website"},"datePublished":"2023-05-24T02:04:16+00:00","dateModified":"2023-05-26T16:10:23+00:00","breadcrumb":{"@id":"https:\/\/coa-aco.org\/education-and-practice\/practice-management\/#breadcrumb"},"inLanguage":"fr-FR","potentialAction":[{"@type":"ReadAction","target":["https:\/\/coa-aco.org\/education-and-practice\/practice-management\/"]}]},{"@type":"BreadcrumbList","@id":"https:\/\/coa-aco.org\/education-and-practice\/practice-management\/#breadcrumb","itemListElement":[{"@type":"ListItem","position":1,"name":"Home","item":"https:\/\/coa-aco.org\/fr\/"},{"@type":"ListItem","position":2,"name":"\u00c9ducation et pratique","item":"https:\/\/coa-aco.org\/fr\/education-et-pratique\/"},{"@type":"ListItem","position":3,"name":"Practice Management"}]},{"@type":"WebSite","@id":"https:\/\/coa-aco.org\/#website","url":"https:\/\/coa-aco.org\/","name":"Association Canadienne d'Orthop\u00e9die","description":"","potentialAction":[{"@type":"SearchAction","target":{"@type":"EntryPoint","urlTemplate":"https:\/\/coa-aco.org\/?s={search_term_string}"},"query-input":"required name=search_term_string"}],"inLanguage":"fr-FR"}]}},"_links":{"self":[{"href":"https:\/\/coa-aco.org\/fr\/wp-json\/wp\/v2\/pages\/3777","targetHints":{"allow":["GET"]}}],"collection":[{"href":"https:\/\/coa-aco.org\/fr\/wp-json\/wp\/v2\/pages"}],"about":[{"href":"https:\/\/coa-aco.org\/fr\/wp-json\/wp\/v2\/types\/page"}],"author":[{"embeddable":true,"href":"https:\/\/coa-aco.org\/fr\/wp-json\/wp\/v2\/users\/1"}],"replies":[{"embeddable":true,"href":"https:\/\/coa-aco.org\/fr\/wp-json\/wp\/v2\/comments?post=3777"}],"version-history":[{"count":0,"href":"https:\/\/coa-aco.org\/fr\/wp-json\/wp\/v2\/pages\/3777\/revisions"}],"up":[{"embeddable":true,"href":"https:\/\/coa-aco.org\/fr\/wp-json\/wp\/v2\/pages\/3830"}],"wp:attachment":[{"href":"https:\/\/coa-aco.org\/fr\/wp-json\/wp\/v2\/media?parent=3777"}],"curies":[{"name":"wp","href":"https:\/\/api.w.org\/{rel}","templated":true}]}}