{"id":3815,"date":"2023-05-25T03:38:15","date_gmt":"2023-05-25T03:38:15","guid":{"rendered":"https:\/\/coa-aco.org\/travelling-fellowships\/"},"modified":"2023-09-11T19:49:29","modified_gmt":"2023-09-11T19:49:29","slug":"bourses-de-voyage","status":"publish","type":"page","link":"https:\/\/coa-aco.org\/fr\/education-et-pratique\/bourses-de-voyage\/","title":{"rendered":"Bourses de voyage"},"content":{"rendered":"\r\n<div class=\"hero hero--small\">\r\n\t<div class=\"shell hero__shell\">\r\n\t\t<div class=\"hero__inner\">\r\n\t\t\t<div class=\"hero__content\">\r\n\t\t\t\t\r\n\t\t\t\t<header class=\"hero__head richtext-entry\">\r\n\t\t\t\t\t<h1>Bourses de voyage<\/h1>\n\t\t\t\t<\/header><!-- \/.hero__head -->\r\n\r\n\t\t\t\t<div class=\"hero__body richtext-entry\">\r\n\t\t\t\t\t<p>Devenez un ambassadeur du milieu orthop\u00e9dique canadien gr\u00e2ce \u00e0 une bourse de voyage de l\u2019ACO. Diverses occasions sont offertes aux membres de l\u2019ACO en d\u00e9but ou en milieu de carri\u00e8re qui souhaitent rencontrer des penseurs r\u00e9put\u00e9s ailleurs dans le monde et vivre une exp\u00e9rience unique.<\/p>\n<p>Les bourses de voyage de l\u2019ACO sont associ\u00e9es \u00e0 nombre de figures marquantes du milieu, des pionniers et innovateurs canadiens qui ont repr\u00e9sent\u00e9 l\u2019ACO gr\u00e2ce \u00e0 elles depuis des d\u00e9cennies.<\/p>\n<p>Les bourses de voyage sont des occasions exceptionnelles pour les orthop\u00e9distes de mettre la recherche, les innovations et les programmes canadiens en valeur \u00e0 l\u2019\u00e9tranger, d\u2019apprendre aupr\u00e8s de sommit\u00e9s mondiales et nationales, de tisser des liens durables et de nouer des amiti\u00e9s avec les boursiers et h\u00f4tes qui prennent part \u00e0 la tourn\u00e9e.<\/p>\n\t\t\t\t<\/div><!-- \/.hero__body richtext-entry -->\r\n\t\t\t<\/div><!-- \/.hero__content -->\r\n\r\n\t\t\t<div class=\"hero__media\">\r\n\t\t\t\t<img loading=\"lazy\" decoding=\"async\" width=\"768\" height=\"396\" src=\"https:\/\/coa-aco.org\/wp-content\/uploads\/2023\/05\/COA-Small-Hero_4-768x396.png\" class=\"attachment-medium_large size-medium_large\" alt=\"\" srcset=\"https:\/\/coa-aco.org\/wp-content\/uploads\/2023\/05\/COA-Small-Hero_4-768x396.png 768w, https:\/\/coa-aco.org\/wp-content\/uploads\/2023\/05\/COA-Small-Hero_4-300x155.png 300w, https:\/\/coa-aco.org\/wp-content\/uploads\/2023\/05\/COA-Small-Hero_4-1024x528.png 1024w, https:\/\/coa-aco.org\/wp-content\/uploads\/2023\/05\/COA-Small-Hero_4-1536x792.png 1536w, https:\/\/coa-aco.org\/wp-content\/uploads\/2023\/05\/COA-Small-Hero_4-2048x1056.png 2048w, https:\/\/coa-aco.org\/wp-content\/uploads\/2023\/05\/COA-Small-Hero_4-1920x990.png 1920w\" sizes=\"auto, (max-width: 768px) 100vw, 768px\" \/>\t\t\t<\/div><!-- \/.hero__media -->\r\n\t\t<\/div><!-- \/.hero__inner -->\r\n\t<\/div><!-- \/.shell hero__shell -->\r\n<\/div><!-- \/.hero hero-\/-small -->\r\n\n\n\r\n<section class=\"section section--white\">\r\n\t<div class=\"shell\">\r\n\t\t<div class=\"grid\">\r\n\t\t\t<div class=\"grid__col grid__col--2of3\">\r\n\t\t\t\t<div class=\"entry\">\r\n\t\t\t\t\t\t\t\t\t\t\t<header class=\"entry__head\">\r\n\t\t\t\t\t\t\t<h2>\r\n\t\t\t\t\t\t\t\tVous souhaitez accueillir des boursiers dans votre centre?\t\t\t\t\t\t\t<\/h2>\r\n\t\t\t\t\t\t<\/header><!-- \/.entry__head -->\r\n\t\t\t\t\t\r\n\t\t\t\t\t<div class=\"entry__body richtext-entry\">\r\n\t\t\t\t\t\t<p>Les\u00a0<strong>possibilit\u00e9s d\u2019accueil<\/strong>\u00a0pour tous les programmes canadiens de formation en orthop\u00e9die sont un \u00e9l\u00e9ment tout aussi important des \u00e9changes dans le cadre des bourses de voyage. Si vous souhaitez accueillir des boursiers dans votre centre pendant le volet canadien de leur tourn\u00e9e, n\u2019h\u00e9sitez pas \u00e0 communiquer \u00e0\u00a0\u00a0<a href=\"mailto:info@canorth.org\">info@canorth.org<\/a>\u00a0ou 514-874-9003 ext. 1.<\/p>\n\t\t\t\t\t<\/div><!-- \/.entry__body richtext-entry -->\r\n\r\n\t\t\t\t\t\t\t\t\t<\/div><!-- \/.entry -->\r\n\t\t\t<\/div><!-- \/.grid__col grid__col-\/-2of3 -->\r\n\r\n\r\n\t\t\t\r\n\t\t\t\r\n\t\t\t\t\t\t\t<div class=\"grid__col grid__col--1of3\">\r\n\t\t\t\t\t<figure class=\"image-auto\">\r\n\t\t\t\t\t\t<img loading=\"lazy\" decoding=\"async\" width=\"768\" height=\"512\" src=\"https:\/\/coa-aco.org\/wp-content\/uploads\/2023\/05\/AdobeStock_332752214-768x512.jpeg\" class=\"attachment-medium_large size-medium_large\" alt=\"\" srcset=\"https:\/\/coa-aco.org\/wp-content\/uploads\/2023\/05\/AdobeStock_332752214-768x512.jpeg 768w, https:\/\/coa-aco.org\/wp-content\/uploads\/2023\/05\/AdobeStock_332752214-300x200.jpeg 300w, https:\/\/coa-aco.org\/wp-content\/uploads\/2023\/05\/AdobeStock_332752214-1024x683.jpeg 1024w, https:\/\/coa-aco.org\/wp-content\/uploads\/2023\/05\/AdobeStock_332752214-1536x1024.jpeg 1536w, https:\/\/coa-aco.org\/wp-content\/uploads\/2023\/05\/AdobeStock_332752214-2048x1365.jpeg 2048w, https:\/\/coa-aco.org\/wp-content\/uploads\/2023\/05\/AdobeStock_332752214-1920x1280.jpeg 1920w\" sizes=\"auto, (max-width: 768px) 100vw, 768px\" \/>\t\t\t\t\t<\/figure>\r\n\t\t\t\t<\/div><!-- \/.grid__col grid__col-\/-1of3 -->\r\n\t\t\t\t\t<\/div><!-- \/.grid -->\r\n\t<\/div><!-- \/.shell -->\r\n<\/section><!-- \/.section -->\r\n\n\n\r\n<section class=\"section\">\r\n\t<div class=\"shell\">\r\n\t\t<header class=\"section__head richtext-entry\">\r\n\t\t\t<h2><strong>Possibilit\u00e9s de bourses de voyage offertes par l\u2019ACO<\/strong><\/h2>\n<p>Cliquez sur les bourses de voyage propos\u00e9es par l\u2019ACO ci-apr\u00e8s pour en savoir plus sur chacune ou pour poser votre candidature d\u00e8s aujourd\u2019hui.<\/p>\n\t\t<\/header><!-- \/.section__head richtext-entry -->\r\n\r\n\t\t<div class=\"grid\">\r\n\t\t\t<div class=\"grid__col grid__col--2of3\">\r\n\t\t\t\t<ul class=\"list-links\">\r\n\t\t\t\t\t\t\t\t\t\t\t\r\n\t\t\t\t\t\t<li>\r\n\t\t\t\t\t\t\t<a href=\"https:\/\/coa-aco.org\/fr\/education-et-pratique\/bourse-de-voyage-abc\/\" target=\"_blank\" class=\"link-block\">\r\n\t\t\t\t\t\t\t\t<span class=\"link__content\">\r\n\t\t\t\t\t\t\t\t\t\r\n\t\t\t\t\t\t\t\t\t<span class=\"link__text\">\r\n\t\t\t\t\t\t\t\t\t\tBourse de voyage ABC (am\u00e9ricano-britanno-canadienne)\t\t\t\t\t\t\t\t\t<\/span>\r\n\t\t\t\t\t\t\t\t<\/span>\r\n\r\n\t\t\t\t\t\t\t\t<span class=\"link__icon\">\r\n\t\t\t\t\t\t\t\t\t\t\t\t\t\t\t\t\t\t\t<img decoding=\"async\" src=\"https:\/\/coa-aco.org\/wp-content\/themes\/canadian-orthopaedic-association\/resources\/images\/temp\/ico-new-tab.svg\" alt=\"\">\r\n\t\t\t\t\t\t\t\t\t\t\t\t\t\t\t\t\t<\/span>\r\n\t\t\t\t\t\t\t<\/a>\r\n\t\t\t\t\t\t<\/li>\r\n\t\t\t\t\t\t\t\t\t\t\t\r\n\t\t\t\t\t\t<li>\r\n\t\t\t\t\t\t\t<a href=\"https:\/\/coa-aco.org\/fr\/education-et-pratique\/bourse-de-voyage-vna\/\" target=\"_blank\" class=\"link-block\">\r\n\t\t\t\t\t\t\t\t<span class=\"link__content\">\r\n\t\t\t\t\t\t\t\t\t\r\n\t\t\t\t\t\t\t\t\t<span class=\"link__text\">\r\n\t\t\t\t\t\t\t\t\t\tBourse de voyage nord-am\u00e9ricaine (VNA)\t\t\t\t\t\t\t\t\t<\/span>\r\n\t\t\t\t\t\t\t\t<\/span>\r\n\r\n\t\t\t\t\t\t\t\t<span class=\"link__icon\">\r\n\t\t\t\t\t\t\t\t\t\t\t\t\t\t\t\t\t\t\t<img decoding=\"async\" src=\"https:\/\/coa-aco.org\/wp-content\/themes\/canadian-orthopaedic-association\/resources\/images\/temp\/ico-new-tab.svg\" alt=\"\">\r\n\t\t\t\t\t\t\t\t\t\t\t\t\t\t\t\t\t<\/span>\r\n\t\t\t\t\t\t\t<\/a>\r\n\t\t\t\t\t\t<\/li>\r\n\t\t\t\t\t\t\t\t\t\t\t\r\n\t\t\t\t\t\t<li>\r\n\t\t\t\t\t\t\t<a href=\"https:\/\/coa-aco.org\/fr\/education-et-pratique\/bourse-de-voyage-anica-bitenc\/\" target=\"_blank\" class=\"link-block\">\r\n\t\t\t\t\t\t\t\t<span class=\"link__content\">\r\n\t\t\t\t\t\t\t\t\t\r\n\t\t\t\t\t\t\t\t\t<span class=\"link__text\">\r\n\t\t\t\t\t\t\t\t\t\tBourse de voyage Anica Bitenc (programme d\u2019accueil)\t\t\t\t\t\t\t\t\t<\/span>\r\n\t\t\t\t\t\t\t\t<\/span>\r\n\r\n\t\t\t\t\t\t\t\t<span class=\"link__icon\">\r\n\t\t\t\t\t\t\t\t\t\t\t\t\t\t\t\t\t\t\t<img decoding=\"async\" src=\"https:\/\/coa-aco.org\/wp-content\/themes\/canadian-orthopaedic-association\/resources\/images\/temp\/ico-new-tab.svg\" alt=\"\">\r\n\t\t\t\t\t\t\t\t\t\t\t\t\t\t\t\t\t<\/span>\r\n\t\t\t\t\t\t\t<\/a>\r\n\t\t\t\t\t\t<\/li>\r\n\t\t\t\t\t\t\t\t\t<\/ul><!-- \/.list-links -->\r\n\t\t\t<\/div><!-- \/.grid__col grid__col-\/-2of3 -->\r\n\r\n\t\t\t\t\t<\/div><!-- \/.grid -->\r\n\t<\/div><!-- \/.shell -->\r\n<\/section><!-- \/.section -->\r\n","protected":false},"excerpt":{"rendered":"","protected":false},"author":1,"featured_media":0,"parent":3830,"menu_order":0,"comment_status":"closed","ping_status":"closed","template":"","meta":{"om_disable_all_campaigns":false,"_monsterinsights_skip_tracking":false,"_monsterinsights_sitenote_active":false,"_monsterinsights_sitenote_note":"","_monsterinsights_sitenote_category":0,"_uf_show_specific_survey":0,"_uf_disable_surveys":false,"footnotes":""},"class_list":["post-3815","page","type-page","status-publish","hentry"],"acf":[],"aioseo_notices":[],"yoast_head":"<!-- This site is optimized with the Yoast SEO plugin v23.3 - https:\/\/yoast.com\/wordpress\/plugins\/seo\/ -->\n<title>Bourses de voyage - Association Canadienne d&#039;Orthop\u00e9die<\/title>\n<meta name=\"robots\" content=\"index, follow, max-snippet:-1, max-image-preview:large, max-video-preview:-1\" \/>\n<link rel=\"canonical\" href=\"https:\/\/coa-aco.org\/fr\/education-et-pratique\/bourses-de-voyage\/\" \/>\n<meta property=\"og:locale\" content=\"fr_FR\" \/>\n<meta property=\"og:type\" content=\"article\" \/>\n<meta property=\"og:title\" content=\"Bourses de voyage - Association Canadienne d&#039;Orthop\u00e9die\" \/>\n<meta property=\"og:url\" content=\"https:\/\/coa-aco.org\/fr\/education-et-pratique\/bourses-de-voyage\/\" \/>\n<meta property=\"og:site_name\" content=\"Association Canadienne d&#039;Orthop\u00e9die\" \/>\n<meta property=\"article:modified_time\" content=\"2023-09-11T19:49:29+00:00\" \/>\n<meta name=\"twitter:card\" content=\"summary_large_image\" \/>\n<script type=\"application\/ld+json\" class=\"yoast-schema-graph\">{\"@context\":\"https:\/\/schema.org\",\"@graph\":[{\"@type\":\"WebPage\",\"@id\":\"https:\/\/coa-aco.org\/fr\/education-et-pratique\/bourses-de-voyage\/\",\"url\":\"https:\/\/coa-aco.org\/fr\/education-et-pratique\/bourses-de-voyage\/\",\"name\":\"Bourses de voyage - Association Canadienne d'Orthop\u00e9die\",\"isPartOf\":{\"@id\":\"https:\/\/coa-aco.org\/#website\"},\"datePublished\":\"2023-05-25T03:38:15+00:00\",\"dateModified\":\"2023-09-11T19:49:29+00:00\",\"breadcrumb\":{\"@id\":\"https:\/\/coa-aco.org\/fr\/education-et-pratique\/bourses-de-voyage\/#breadcrumb\"},\"inLanguage\":\"fr-FR\",\"potentialAction\":[{\"@type\":\"ReadAction\",\"target\":[\"https:\/\/coa-aco.org\/fr\/education-et-pratique\/bourses-de-voyage\/\"]}]},{\"@type\":\"BreadcrumbList\",\"@id\":\"https:\/\/coa-aco.org\/fr\/education-et-pratique\/bourses-de-voyage\/#breadcrumb\",\"itemListElement\":[{\"@type\":\"ListItem\",\"position\":1,\"name\":\"Home\",\"item\":\"https:\/\/coa-aco.org\/fr\/\"},{\"@type\":\"ListItem\",\"position\":2,\"name\":\"\u00c9ducation et pratique\",\"item\":\"https:\/\/coa-aco.org\/fr\/education-et-pratique\/\"},{\"@type\":\"ListItem\",\"position\":3,\"name\":\"Bourses de voyage\"}]},{\"@type\":\"WebSite\",\"@id\":\"https:\/\/coa-aco.org\/#website\",\"url\":\"https:\/\/coa-aco.org\/\",\"name\":\"Association Canadienne d'Orthop\u00e9die\",\"description\":\"\",\"potentialAction\":[{\"@type\":\"SearchAction\",\"target\":{\"@type\":\"EntryPoint\",\"urlTemplate\":\"https:\/\/coa-aco.org\/?s={search_term_string}\"},\"query-input\":\"required name=search_term_string\"}],\"inLanguage\":\"fr-FR\"}]}<\/script>\n<!-- \/ Yoast SEO plugin. -->","yoast_head_json":{"title":"Bourses de voyage - Association Canadienne d'Orthop\u00e9die","robots":{"index":"index","follow":"follow","max-snippet":"max-snippet:-1","max-image-preview":"max-image-preview:large","max-video-preview":"max-video-preview:-1"},"canonical":"https:\/\/coa-aco.org\/fr\/education-et-pratique\/bourses-de-voyage\/","og_locale":"fr_FR","og_type":"article","og_title":"Bourses de voyage - Association Canadienne d'Orthop\u00e9die","og_url":"https:\/\/coa-aco.org\/fr\/education-et-pratique\/bourses-de-voyage\/","og_site_name":"Association Canadienne d'Orthop\u00e9die","article_modified_time":"2023-09-11T19:49:29+00:00","twitter_card":"summary_large_image","schema":{"@context":"https:\/\/schema.org","@graph":[{"@type":"WebPage","@id":"https:\/\/coa-aco.org\/fr\/education-et-pratique\/bourses-de-voyage\/","url":"https:\/\/coa-aco.org\/fr\/education-et-pratique\/bourses-de-voyage\/","name":"Bourses de voyage - Association Canadienne d'Orthop\u00e9die","isPartOf":{"@id":"https:\/\/coa-aco.org\/#website"},"datePublished":"2023-05-25T03:38:15+00:00","dateModified":"2023-09-11T19:49:29+00:00","breadcrumb":{"@id":"https:\/\/coa-aco.org\/fr\/education-et-pratique\/bourses-de-voyage\/#breadcrumb"},"inLanguage":"fr-FR","potentialAction":[{"@type":"ReadAction","target":["https:\/\/coa-aco.org\/fr\/education-et-pratique\/bourses-de-voyage\/"]}]},{"@type":"BreadcrumbList","@id":"https:\/\/coa-aco.org\/fr\/education-et-pratique\/bourses-de-voyage\/#breadcrumb","itemListElement":[{"@type":"ListItem","position":1,"name":"Home","item":"https:\/\/coa-aco.org\/fr\/"},{"@type":"ListItem","position":2,"name":"\u00c9ducation et pratique","item":"https:\/\/coa-aco.org\/fr\/education-et-pratique\/"},{"@type":"ListItem","position":3,"name":"Bourses de voyage"}]},{"@type":"WebSite","@id":"https:\/\/coa-aco.org\/#website","url":"https:\/\/coa-aco.org\/","name":"Association Canadienne d'Orthop\u00e9die","description":"","potentialAction":[{"@type":"SearchAction","target":{"@type":"EntryPoint","urlTemplate":"https:\/\/coa-aco.org\/?s={search_term_string}"},"query-input":"required name=search_term_string"}],"inLanguage":"fr-FR"}]}},"_links":{"self":[{"href":"https:\/\/coa-aco.org\/fr\/wp-json\/wp\/v2\/pages\/3815","targetHints":{"allow":["GET"]}}],"collection":[{"href":"https:\/\/coa-aco.org\/fr\/wp-json\/wp\/v2\/pages"}],"about":[{"href":"https:\/\/coa-aco.org\/fr\/wp-json\/wp\/v2\/types\/page"}],"author":[{"embeddable":true,"href":"https:\/\/coa-aco.org\/fr\/wp-json\/wp\/v2\/users\/1"}],"replies":[{"embeddable":true,"href":"https:\/\/coa-aco.org\/fr\/wp-json\/wp\/v2\/comments?post=3815"}],"version-history":[{"count":0,"href":"https:\/\/coa-aco.org\/fr\/wp-json\/wp\/v2\/pages\/3815\/revisions"}],"up":[{"embeddable":true,"href":"https:\/\/coa-aco.org\/fr\/wp-json\/wp\/v2\/pages\/3830"}],"wp:attachment":[{"href":"https:\/\/coa-aco.org\/fr\/wp-json\/wp\/v2\/media?parent=3815"}],"curies":[{"name":"wp","href":"https:\/\/api.w.org\/{rel}","templated":true}]}}