{"id":3987,"date":"2023-06-15T16:09:03","date_gmt":"2023-06-15T16:09:03","guid":{"rendered":"https:\/\/coa-aco.org\/?page_id=3987"},"modified":"2024-06-10T14:42:58","modified_gmt":"2024-06-10T14:42:58","slug":"cme-info","status":"publish","type":"page","link":"https:\/\/coa-aco.org\/fr\/reunion-annuelle\/cme-info\/","title":{"rendered":"CME Info"},"content":{"rendered":"\r\n<div class=\"heading\">\r\n\t<figure class=\"heading__bg-img image-fit\">\r\n\t\t<img loading=\"lazy\" decoding=\"async\" width=\"1075\" height=\"555\" src=\"https:\/\/coa-aco.org\/wp-content\/uploads\/2022\/12\/CTCC.jpeg\" class=\"attachment-app-fullwidth size-app-fullwidth\" alt=\"\" srcset=\"https:\/\/coa-aco.org\/wp-content\/uploads\/2022\/12\/CTCC.jpeg 1075w, https:\/\/coa-aco.org\/wp-content\/uploads\/2022\/12\/CTCC-300x155.jpeg 300w, https:\/\/coa-aco.org\/wp-content\/uploads\/2022\/12\/CTCC-1024x529.jpeg 1024w, https:\/\/coa-aco.org\/wp-content\/uploads\/2022\/12\/CTCC-768x397.jpeg 768w\" sizes=\"auto, (max-width: 1075px) 100vw, 1075px\" \/>\t<\/figure><!-- \/.heading__bg-img image-fit -->\r\n\r\n\t<div class=\"shell\">\r\n\t\t<div class=\"heading__inner\">\r\n\t\t\t<div class=\"heading__content\">\r\n\t\t\t\t\t\t\t\t\t<div class=\"heading__sub-title\">\r\n\t\t\t\t\t\t<p> 79e R\u00e9union annuelle de l\u2019ACO | 58e R\u00e9union annuelle de la SROC<\/p>\n\t\t\t\t\t<\/div><!-- \/.heading__sub-title -->\r\n\t\t\t\t\r\n\t\t\t\t<div class=\"heading__title\">\r\n\t\t\t\t\t<h1>CME Info<\/h1>\n\t\t\t\t<\/div><!-- \/.heading__title -->\r\n\t\t\t<\/div><!-- \/.heading__content -->\r\n\r\n\t\t\t\t\t\t\t\t\t\t\t\t<\/div><!-- \/.heading__inner -->\r\n\t<\/div><!-- \/.shell -->\r\n<\/div><!-- \/.heading -->\r\n\n\n<section class=\"section-default\">\r\n\t<div class=\"shell\">\r\n\t\t<div class=\"richtext-entry\">\r\n\t\t\t\n\n<p><\/p>\n\n\n\n<h4 class=\"wp-block-heading\">\u00c9nonc\u00e9 d&#8217;agr\u00e9ment pour la R\u00e9union annuelle 2024 de l&#8217;ACO, SCOC et ACRO<\/h4>\n\n\n\n<p><\/p>\n\n\n\n<p>La pr\u00e9sente activit\u00e9 est une activit\u00e9 d\u2019apprentissage collectif agr\u00e9\u00e9e (section 1), au sens que lui donne le programme de Maintien du certificat du Coll\u00e8ge royal des m\u00e9decins et chirurgiens du Canada; elle a \u00e9t\u00e9 approuv\u00e9e par l\u2019Association Canadienne d\u2019Orthop\u00e9die. Vous pouvez d\u00e9clarer un maximum de<strong>&nbsp;28 heures<\/strong>&nbsp;(les cr\u00e9dits sont calcul\u00e9s automatiquement).<br><br>En vertu d\u2019une entente conclue entre le Coll\u00e8ge royal des m\u00e9decins et chirurgiens du Canada et l\u2019American Medical Association, les m\u00e9decins peuvent convertir les cr\u00e9dits obtenus au titre du programme de MDC du Coll\u00e8ge royal en cr\u00e9dits de cat\u00e9gorie 1 de l\u2019AMA PRAMC. Vous trouverez l\u2019information sur le processus de conversion des cr\u00e9dits du programme de MDC du Coll\u00e8ge royal en cr\u00e9dits de l\u2019AMA \u00e0 l\u2019adresse <a href=\"https:\/\/edhub.ama\u2010assn.org\/pages\/applications\">https:\/\/edhub.ama\u2010assn.org\/pages\/applications<\/a>.<\/p>\n\n\n\n<h4 class=\"wp-block-heading\">\u00c9valuation de la R\u00e9union annuelle 2024 de l&#8217;ACO, SROC et ACRO<\/h4>\n\n\n\n<p><\/p>\n\n\n\n<p>Nous vous prions de prendre quelques minutes pour remplir les formulaires d\u2019\u00e9valuation des s\u00e9ances et de la R\u00e9union afin que nous puissions b\u00e9n\u00e9ficier de votre r\u00e9troaction.<\/p>\n\n\n\n<p>Une fois tous ces formulaires d\u00fbment remplis, vous pourrez obtenir votre certificat de pr\u00e9sence.<\/p>\n\n\n\n<p>Rendez-vous sur l\u2019application de l\u2019ACO, puis cliquez sur l\u2019onglet \u00ab Evaluations \u00bb pour chaque s\u00e9ance, <a href=\"https:\/\/www.xcdsystem.com\/coa\/credits\/credits.cfm\" target=\"_blank\" rel=\"noreferrer noopener\">ou cliquez ici pour remplir les formulaires d\u2019\u00e9valuation des s\u00e9ances et de la R\u00e9union.<\/a><\/p>\n\n\r\n\t\t<\/div><!-- \/.richtext-entry -->\r\n\t<\/div><!-- \/.shell -->\r\n<\/section><!-- \/.section-default -->\r\n","protected":false},"excerpt":{"rendered":"","protected":false},"author":2,"featured_media":0,"parent":1993,"menu_order":0,"comment_status":"closed","ping_status":"closed","template":"","meta":{"om_disable_all_campaigns":false,"_monsterinsights_skip_tracking":false,"_monsterinsights_sitenote_active":false,"_monsterinsights_sitenote_note":"","_monsterinsights_sitenote_category":0,"_uf_show_specific_survey":0,"_uf_disable_surveys":false,"footnotes":""},"class_list":["post-3987","page","type-page","status-publish","hentry"],"acf":[],"aioseo_notices":[],"yoast_head":"<!-- This site is optimized with the Yoast SEO plugin v23.3 - https:\/\/yoast.com\/wordpress\/plugins\/seo\/ -->\n<title>CME Info - Association Canadienne d&#039;Orthop\u00e9die<\/title>\n<meta name=\"robots\" content=\"index, follow, max-snippet:-1, max-image-preview:large, max-video-preview:-1\" \/>\n<link rel=\"canonical\" href=\"https:\/\/coa-aco.org\/annual-meeting\/cme-info\/\" \/>\n<meta property=\"og:locale\" content=\"fr_FR\" \/>\n<meta property=\"og:type\" content=\"article\" \/>\n<meta property=\"og:title\" content=\"CME Info - Association Canadienne d&#039;Orthop\u00e9die\" \/>\n<meta property=\"og:url\" content=\"https:\/\/coa-aco.org\/annual-meeting\/cme-info\/\" \/>\n<meta property=\"og:site_name\" content=\"Association Canadienne d&#039;Orthop\u00e9die\" \/>\n<meta property=\"article:modified_time\" content=\"2024-06-10T14:42:58+00:00\" \/>\n<meta name=\"twitter:card\" content=\"summary_large_image\" \/>\n<meta name=\"twitter:label1\" content=\"Dur\u00e9e de lecture estim\u00e9e\" \/>\n\t<meta name=\"twitter:data1\" content=\"1 minute\" \/>\n<script type=\"application\/ld+json\" class=\"yoast-schema-graph\">{\"@context\":\"https:\/\/schema.org\",\"@graph\":[{\"@type\":\"WebPage\",\"@id\":\"https:\/\/coa-aco.org\/annual-meeting\/cme-info\/\",\"url\":\"https:\/\/coa-aco.org\/annual-meeting\/cme-info\/\",\"name\":\"CME Info - Association Canadienne d'Orthop\u00e9die\",\"isPartOf\":{\"@id\":\"https:\/\/coa-aco.org\/#website\"},\"datePublished\":\"2023-06-15T16:09:03+00:00\",\"dateModified\":\"2024-06-10T14:42:58+00:00\",\"breadcrumb\":{\"@id\":\"https:\/\/coa-aco.org\/annual-meeting\/cme-info\/#breadcrumb\"},\"inLanguage\":\"fr-FR\",\"potentialAction\":[{\"@type\":\"ReadAction\",\"target\":[\"https:\/\/coa-aco.org\/annual-meeting\/cme-info\/\"]}]},{\"@type\":\"BreadcrumbList\",\"@id\":\"https:\/\/coa-aco.org\/annual-meeting\/cme-info\/#breadcrumb\",\"itemListElement\":[{\"@type\":\"ListItem\",\"position\":1,\"name\":\"Home\",\"item\":\"https:\/\/coa-aco.org\/fr\/\"},{\"@type\":\"ListItem\",\"position\":2,\"name\":\"R\u00e9union annuelle\",\"item\":\"https:\/\/coa-aco.org\/fr\/reunion-annuelle\/\"},{\"@type\":\"ListItem\",\"position\":3,\"name\":\"CME Info\"}]},{\"@type\":\"WebSite\",\"@id\":\"https:\/\/coa-aco.org\/#website\",\"url\":\"https:\/\/coa-aco.org\/\",\"name\":\"Association Canadienne d'Orthop\u00e9die\",\"description\":\"\",\"potentialAction\":[{\"@type\":\"SearchAction\",\"target\":{\"@type\":\"EntryPoint\",\"urlTemplate\":\"https:\/\/coa-aco.org\/?s={search_term_string}\"},\"query-input\":\"required name=search_term_string\"}],\"inLanguage\":\"fr-FR\"}]}<\/script>\n<!-- \/ Yoast SEO plugin. -->","yoast_head_json":{"title":"CME Info - Association Canadienne d'Orthop\u00e9die","robots":{"index":"index","follow":"follow","max-snippet":"max-snippet:-1","max-image-preview":"max-image-preview:large","max-video-preview":"max-video-preview:-1"},"canonical":"https:\/\/coa-aco.org\/annual-meeting\/cme-info\/","og_locale":"fr_FR","og_type":"article","og_title":"CME Info - Association Canadienne d'Orthop\u00e9die","og_url":"https:\/\/coa-aco.org\/annual-meeting\/cme-info\/","og_site_name":"Association Canadienne d'Orthop\u00e9die","article_modified_time":"2024-06-10T14:42:58+00:00","twitter_card":"summary_large_image","twitter_misc":{"Dur\u00e9e de lecture estim\u00e9e":"1 minute"},"schema":{"@context":"https:\/\/schema.org","@graph":[{"@type":"WebPage","@id":"https:\/\/coa-aco.org\/annual-meeting\/cme-info\/","url":"https:\/\/coa-aco.org\/annual-meeting\/cme-info\/","name":"CME Info - Association Canadienne d'Orthop\u00e9die","isPartOf":{"@id":"https:\/\/coa-aco.org\/#website"},"datePublished":"2023-06-15T16:09:03+00:00","dateModified":"2024-06-10T14:42:58+00:00","breadcrumb":{"@id":"https:\/\/coa-aco.org\/annual-meeting\/cme-info\/#breadcrumb"},"inLanguage":"fr-FR","potentialAction":[{"@type":"ReadAction","target":["https:\/\/coa-aco.org\/annual-meeting\/cme-info\/"]}]},{"@type":"BreadcrumbList","@id":"https:\/\/coa-aco.org\/annual-meeting\/cme-info\/#breadcrumb","itemListElement":[{"@type":"ListItem","position":1,"name":"Home","item":"https:\/\/coa-aco.org\/fr\/"},{"@type":"ListItem","position":2,"name":"R\u00e9union annuelle","item":"https:\/\/coa-aco.org\/fr\/reunion-annuelle\/"},{"@type":"ListItem","position":3,"name":"CME Info"}]},{"@type":"WebSite","@id":"https:\/\/coa-aco.org\/#website","url":"https:\/\/coa-aco.org\/","name":"Association Canadienne d'Orthop\u00e9die","description":"","potentialAction":[{"@type":"SearchAction","target":{"@type":"EntryPoint","urlTemplate":"https:\/\/coa-aco.org\/?s={search_term_string}"},"query-input":"required name=search_term_string"}],"inLanguage":"fr-FR"}]}},"_links":{"self":[{"href":"https:\/\/coa-aco.org\/fr\/wp-json\/wp\/v2\/pages\/3987","targetHints":{"allow":["GET"]}}],"collection":[{"href":"https:\/\/coa-aco.org\/fr\/wp-json\/wp\/v2\/pages"}],"about":[{"href":"https:\/\/coa-aco.org\/fr\/wp-json\/wp\/v2\/types\/page"}],"author":[{"embeddable":true,"href":"https:\/\/coa-aco.org\/fr\/wp-json\/wp\/v2\/users\/2"}],"replies":[{"embeddable":true,"href":"https:\/\/coa-aco.org\/fr\/wp-json\/wp\/v2\/comments?post=3987"}],"version-history":[{"count":0,"href":"https:\/\/coa-aco.org\/fr\/wp-json\/wp\/v2\/pages\/3987\/revisions"}],"up":[{"embeddable":true,"href":"https:\/\/coa-aco.org\/fr\/wp-json\/wp\/v2\/pages\/1993"}],"wp:attachment":[{"href":"https:\/\/coa-aco.org\/fr\/wp-json\/wp\/v2\/media?parent=3987"}],"curies":[{"name":"wp","href":"https:\/\/api.w.org\/{rel}","templated":true}]}}