{"id":4565,"date":"2023-08-03T15:38:21","date_gmt":"2023-08-03T15:38:21","guid":{"rendered":"https:\/\/coa-aco.org\/abc-travelling-fellowship\/"},"modified":"2026-04-28T18:25:10","modified_gmt":"2026-04-28T18:25:10","slug":"bourse-de-voyage-abc","status":"publish","type":"page","link":"https:\/\/coa-aco.org\/fr\/education-et-pratique\/bourse-de-voyage-abc\/","title":{"rendered":"Bourse de voyage ABC"},"content":{"rendered":"\r\n<div class=\"hero hero--small\">\r\n\t<div class=\"shell hero__shell\">\r\n\t\t<div class=\"hero__inner\">\r\n\t\t\t<div class=\"hero__content\">\r\n\t\t\t\t\r\n\t\t\t\t<header class=\"hero__head richtext-entry\">\r\n\t\t\t\t\t<h5>Bourses de voyage<\/h5>\n<h1>Bourse de voyage ABC<\/h1>\n\t\t\t\t<\/header><!-- \/.hero__head -->\r\n\r\n\t\t\t\t<div class=\"hero__body richtext-entry\">\r\n\t\t\t\t\t<h4>(am\u00e9ricano-britanno-canadienne)<\/h4>\n<p>La Bourse de voyage ABC, cr\u00e9\u00e9e en 1948 par le Dr R.I. Harris, de Toronto, pendant sa pr\u00e9sidence \u00e0 l&#8217;American Orthopaedic Association, est un programme prestigieux favorisant la collaboration internationale et l&#8217;\u00e9change de connaissances entre des orthop\u00e9distes des \u00c9tats-Unis, du Canada, du Royaume-Uni, de la Nouvelle-Z\u00e9lande, de l&#8217;Australie et de l&#8217;Afrique du Sud. Cette bourse permet non seulement d&#8217;am\u00e9liorer le perfectionnement, mais renforce aussi les liens au sein de la communaut\u00e9 orthop\u00e9dique mondiale.<\/p>\n\t\t\t\t<\/div><!-- \/.hero__body richtext-entry -->\r\n\t\t\t<\/div><!-- \/.hero__content -->\r\n\r\n\t\t\t<div class=\"hero__media\">\r\n\t\t\t\t<img loading=\"lazy\" decoding=\"async\" width=\"768\" height=\"396\" src=\"https:\/\/coa-aco.org\/wp-content\/uploads\/2023\/05\/COA-Small-Hero_4-768x396.png\" class=\"attachment-medium_large size-medium_large\" alt=\"\" srcset=\"https:\/\/coa-aco.org\/wp-content\/uploads\/2023\/05\/COA-Small-Hero_4-768x396.png 768w, https:\/\/coa-aco.org\/wp-content\/uploads\/2023\/05\/COA-Small-Hero_4-300x155.png 300w, https:\/\/coa-aco.org\/wp-content\/uploads\/2023\/05\/COA-Small-Hero_4-1024x528.png 1024w, https:\/\/coa-aco.org\/wp-content\/uploads\/2023\/05\/COA-Small-Hero_4-1536x792.png 1536w, https:\/\/coa-aco.org\/wp-content\/uploads\/2023\/05\/COA-Small-Hero_4-2048x1056.png 2048w, https:\/\/coa-aco.org\/wp-content\/uploads\/2023\/05\/COA-Small-Hero_4-1920x990.png 1920w\" sizes=\"auto, (max-width: 768px) 100vw, 768px\" \/>\t\t\t<\/div><!-- \/.hero__media -->\r\n\t\t<\/div><!-- \/.hero__inner -->\r\n\t<\/div><!-- \/.shell hero__shell -->\r\n<\/div><!-- \/.hero hero-\/-small -->\r\n\n\n\r\n<section class=\"section section--white\">\r\n\t<div class=\"shell\">\r\n\t\t<div class=\"grid grid--reversed accordion-grid\">\r\n\t\t\t<div class=\"grid__col grid__col--2of3\">\r\n\t\t\t\t\t\t\t\t<div class=\"accordion\">\r\n\t\t\t\t\t\t\t\t\t\t\t<div class=\"accordion__section\">\r\n\t\t\t\t\t\t\t<div class=\"accordion__head\">\r\n\t\t\t\t\t\t\t\t<div class=\"accordion__head-wrapper\">\r\n\t\t\t\t\t\t\t\t\t<h6>\r\n\t\t\t\t\t\t\t\t\t\tG\u00e9n\u00e9ralit\u00e9s\t\t\t\t\t\t\t\t\t<\/h6>\r\n\t\t\t\t\t\t\t\t<\/div><!-- \/.accordion__head-wrapper -->\r\n\r\n\t\t\t\t\t\t\t\t<figure class=\"accordion__ico\">\r\n\t\t\t\t\t\t\t\t\t<img decoding=\"async\" src=\"https:\/\/coa-aco.org\/wp-content\/themes\/canadian-orthopaedic-association\/resources\/images\/temp\/dropdown-ico.svg\" alt=\"\">\r\n\t\t\t\t\t\t\t\t<\/figure><!-- \/.accordion__ico -->\r\n\t\t\t\t\t\t\t<\/div><!-- \/.accordion__head -->\r\n\r\n\t\t\t\t\t\t\t<div class=\"accordion__body richtext-entry\">\r\n\t\t\t\t\t\t\t\t<p>La tourn\u00e9e commence traditionellement au printemps de chaque ann\u00e9e impaire (p. ex. 2027 et 2029).<\/p>\n<p>Chaque ann\u00e9e paire (p. ex. 2026 et 2028), les boursiers d\u2019outre-mer viennent en Am\u00e9rique du Nord, alors que les boursiers am\u00e9ricains et canadiens vont \u00e0 l\u2019\u00e9tranger durant les ann\u00e9es impaires. Au cours de la tourn\u00e9e, les boursiers am\u00e9ricains et canadiens vont tous en Grande-Bretagne, mais les visites en Australie et en Nouvelle-Z\u00e9lande se font en alternance avec celles en Afrique du Sud.<\/p>\n<p>Le Comit\u00e9 des bourses de voyage de l\u2019ACO choisit deux candidatures par tourn\u00e9e. L\u2019AOA, elle, en choisit cinq.<\/p>\n\t\t\t\t\t\t\t<\/div><!-- \/.accordion__body richtext-entry -->\r\n\t\t\t\t\t\t<\/div><!-- \/.accordion__section -->\r\n\t\t\t\t\t\t\t\t\t\t\t<div class=\"accordion__section\">\r\n\t\t\t\t\t\t\t<div class=\"accordion__head\">\r\n\t\t\t\t\t\t\t\t<div class=\"accordion__head-wrapper\">\r\n\t\t\t\t\t\t\t\t\t<h6>\r\n\t\t\t\t\t\t\t\t\t\tBourse de voyage 2027 \t\t\t\t\t\t\t\t\t<\/h6>\r\n\t\t\t\t\t\t\t\t<\/div><!-- \/.accordion__head-wrapper -->\r\n\r\n\t\t\t\t\t\t\t\t<figure class=\"accordion__ico\">\r\n\t\t\t\t\t\t\t\t\t<img decoding=\"async\" src=\"https:\/\/coa-aco.org\/wp-content\/themes\/canadian-orthopaedic-association\/resources\/images\/temp\/dropdown-ico.svg\" alt=\"\">\r\n\t\t\t\t\t\t\t\t<\/figure><!-- \/.accordion__ico -->\r\n\t\t\t\t\t\t\t<\/div><!-- \/.accordion__head -->\r\n\r\n\t\t\t\t\t\t\t<div class=\"accordion__body richtext-entry\">\r\n\t\t\t\t\t\t\t\t<div class=\"\" data-bfc=\"\" data-ved=\"2ahUKEwjTnYejlZGUAxXsrYkEHctECIsQi4wTegQIAxAA\">\n<div class=\"n6owBd awi2gc\" data-sfc-cp=\"\" data-sfc-root=\"c\" data-sfc-cb=\"\" data-hveid=\"CAMQAg\">Les candidatures sont maintenant ferm\u00e9es pour la tourn\u00e9e 2027.<\/div>\n<\/div>\n\t\t\t\t\t\t\t<\/div><!-- \/.accordion__body richtext-entry -->\r\n\t\t\t\t\t\t<\/div><!-- \/.accordion__section -->\r\n\t\t\t\t\t\t\t\t\t\t\t<div class=\"accordion__section\">\r\n\t\t\t\t\t\t\t<div class=\"accordion__head\">\r\n\t\t\t\t\t\t\t\t<div class=\"accordion__head-wrapper\">\r\n\t\t\t\t\t\t\t\t\t<h6>\r\n\t\t\t\t\t\t\t\t\t\tLaur\u00e9ats de la Bourse de voyage\t\t\t\t\t\t\t\t\t<\/h6>\r\n\t\t\t\t\t\t\t\t<\/div><!-- \/.accordion__head-wrapper -->\r\n\r\n\t\t\t\t\t\t\t\t<figure class=\"accordion__ico\">\r\n\t\t\t\t\t\t\t\t\t<img decoding=\"async\" src=\"https:\/\/coa-aco.org\/wp-content\/themes\/canadian-orthopaedic-association\/resources\/images\/temp\/dropdown-ico.svg\" alt=\"\">\r\n\t\t\t\t\t\t\t\t<\/figure><!-- \/.accordion__ico -->\r\n\t\t\t\t\t\t\t<\/div><!-- \/.accordion__head -->\r\n\r\n\t\t\t\t\t\t\t<div class=\"accordion__body richtext-entry\">\r\n\t\t\t\t\t\t\t\t<p><a href=\"https:\/\/coa-aco.org\/wp-content\/uploads\/2026\/03\/Previous-ABC-Fellows-Selected-by-the-COA.pdf\" target=\"_blank\" rel=\"noopener\"><strong>Consulter la liste des laur\u00e9ats de la Bourse de voyage\u00a0ABC<\/strong><\/a><\/p>\n<p><a href=\"https:\/\/coa-aco.org\/wp-content\/uploads\/2023\/08\/iStock-1387028955-scaled.jpg\" target=\"_blank\" rel=\"noopener\"><img loading=\"lazy\" decoding=\"async\" class=\"wp-image-4556 size-medium\" src=\"https:\/\/coa-aco.org\/wp-content\/uploads\/2023\/08\/iStock-1387028955-300x197.jpg\" alt=\"\" width=\"300\" height=\"197\" srcset=\"https:\/\/coa-aco.org\/wp-content\/uploads\/2023\/08\/iStock-1387028955-300x197.jpg 300w, https:\/\/coa-aco.org\/wp-content\/uploads\/2023\/08\/iStock-1387028955-1024x674.jpg 1024w, https:\/\/coa-aco.org\/wp-content\/uploads\/2023\/08\/iStock-1387028955-768x505.jpg 768w, https:\/\/coa-aco.org\/wp-content\/uploads\/2023\/08\/iStock-1387028955-1536x1011.jpg 1536w, https:\/\/coa-aco.org\/wp-content\/uploads\/2023\/08\/iStock-1387028955-2048x1348.jpg 2048w, https:\/\/coa-aco.org\/wp-content\/uploads\/2023\/08\/iStock-1387028955-1920x1263.jpg 1920w\" sizes=\"auto, (max-width: 300px) 100vw, 300px\" \/><\/a><\/p>\n\t\t\t\t\t\t\t<\/div><!-- \/.accordion__body richtext-entry -->\r\n\t\t\t\t\t\t<\/div><!-- \/.accordion__section -->\r\n\t\t\t\t\t\t\t\t\t\t\t<div class=\"accordion__section\">\r\n\t\t\t\t\t\t\t<div class=\"accordion__head\">\r\n\t\t\t\t\t\t\t\t<div class=\"accordion__head-wrapper\">\r\n\t\t\t\t\t\t\t\t\t<h6>\r\n\t\t\t\t\t\t\t\t\t\tJournal de voyage\t\t\t\t\t\t\t\t\t<\/h6>\r\n\t\t\t\t\t\t\t\t<\/div><!-- \/.accordion__head-wrapper -->\r\n\r\n\t\t\t\t\t\t\t\t<figure class=\"accordion__ico\">\r\n\t\t\t\t\t\t\t\t\t<img decoding=\"async\" src=\"https:\/\/coa-aco.org\/wp-content\/themes\/canadian-orthopaedic-association\/resources\/images\/temp\/dropdown-ico.svg\" alt=\"\">\r\n\t\t\t\t\t\t\t\t<\/figure><!-- \/.accordion__ico -->\r\n\t\t\t\t\t\t\t<\/div><!-- \/.accordion__head -->\r\n\r\n\t\t\t\t\t\t\t<div class=\"accordion__body richtext-entry\">\r\n\t\t\t\t\t\t\t\t<p>Pour en savoir plus sur l\u2019exp\u00e9rience des laur\u00e9ats, consultez la <a href=\"https:\/\/aoatravelingfellowships.wordpress.com\/category\/abc\/\" target=\"_blank\" rel=\"noopener\">section des blogues de voyage<\/a> ou cliquez sur les liens ci-apr\u00e8s\u00a0:<\/p>\n<h5><a href=\"https:\/\/coa-aco.org\/wp-content\/uploads\/2023\/08\/Tour-Diary-Dr-Sukhdeep-Dulai-and-Dr-Ruby-Grewal.pdf\" target=\"_blank\" rel=\"noopener\"><img loading=\"lazy\" decoding=\"async\" class=\"alignnone wp-image-4289\" src=\"https:\/\/coa-aco.org\/wp-content\/uploads\/2023\/08\/COA-ABC-fellows-atop-the-Cow-and-Calf-rock-formation-in-Yorkshire-845x684-1-300x243.jpg\" alt=\"\" width=\"460\" height=\"372\" srcset=\"https:\/\/coa-aco.org\/wp-content\/uploads\/2023\/08\/COA-ABC-fellows-atop-the-Cow-and-Calf-rock-formation-in-Yorkshire-845x684-1-300x243.jpg 300w, https:\/\/coa-aco.org\/wp-content\/uploads\/2023\/08\/COA-ABC-fellows-atop-the-Cow-and-Calf-rock-formation-in-Yorkshire-845x684-1-768x622.jpg 768w, https:\/\/coa-aco.org\/wp-content\/uploads\/2023\/08\/COA-ABC-fellows-atop-the-Cow-and-Calf-rock-formation-in-Yorkshire-845x684-1.jpg 845w\" sizes=\"auto, (max-width: 460px) 100vw, 460px\" \/><\/a><\/h5>\n<h5><a href=\"https:\/\/coa-aco.org\/wp-content\/uploads\/2023\/08\/Tour-Diary-Dr-Sukhdeep-Dulai-and-Dr-Ruby-Grewal.pdf\" target=\"_blank\" rel=\"noopener\">Journal des Dres Sukhdeep Dulai et Ruby Grewal pour la tourn\u00e9e 2019 de la Bourse de voyage ABC<\/a><\/h5>\n<h5><a href=\"https:\/\/issuu.com\/coa-aco\/docs\/fall_winter_2017_coa_bulletin\/22\" target=\"_blank\" rel=\"noopener\"><img loading=\"lazy\" decoding=\"async\" class=\"alignnone wp-image-4291\" src=\"https:\/\/coa-aco.org\/wp-content\/uploads\/2023\/08\/ABC5-300x225.jpg\" alt=\"\" width=\"460\" height=\"345\" srcset=\"https:\/\/coa-aco.org\/wp-content\/uploads\/2023\/08\/ABC5-300x225.jpg 300w, https:\/\/coa-aco.org\/wp-content\/uploads\/2023\/08\/ABC5.jpg 700w\" sizes=\"auto, (max-width: 460px) 100vw, 460px\" \/><br \/>\nJournal des Drs Wade Gofton et David Sheps pour la tourn\u00e9e 2017 de la Bourse de voyage ABC<\/a><\/h5>\n<p>&nbsp;<\/p>\n<h5><a href=\"http:\/\/issuu.com\/coa-aco\/docs\/winter_2015_coa_bulletin__111\/21\" target=\"_blank\" rel=\"noopener\"><img loading=\"lazy\" decoding=\"async\" class=\"alignnone wp-image-4293\" src=\"https:\/\/coa-aco.org\/wp-content\/uploads\/2023\/08\/ABC-2015-1-845x684-1-300x243.jpg\" alt=\"\" width=\"460\" height=\"373\" srcset=\"https:\/\/coa-aco.org\/wp-content\/uploads\/2023\/08\/ABC-2015-1-845x684-1-300x243.jpg 300w, https:\/\/coa-aco.org\/wp-content\/uploads\/2023\/08\/ABC-2015-1-845x684-1-768x622.jpg 768w, https:\/\/coa-aco.org\/wp-content\/uploads\/2023\/08\/ABC-2015-1-845x684-1.jpg 845w\" sizes=\"auto, (max-width: 460px) 100vw, 460px\" \/><br \/>\nJournal des Drs Rajiv Gandhi et Kishore Mulpuri pour la tourn\u00e9e 2015 de la Bourse de voyage ABC<\/a><\/h5>\n\t\t\t\t\t\t\t<\/div><!-- \/.accordion__body richtext-entry -->\r\n\t\t\t\t\t\t<\/div><!-- \/.accordion__section -->\r\n\t\t\t\t\t\t\t\t\t<\/div><!-- \/.accordion -->\r\n\t\t\t<\/div><!-- \/.grid__col grid__col-\/-2of3 -->\r\n\r\n\t\t\t\t\t\t\t<div class=\"grid__col grid__col--1of3\">\r\n\t\t\t\t\t<div class=\"entry\">\r\n\t\t\t\t\t\t<div class=\"enrty__body\">\r\n\t\t\t\t\t\t\t<h3><strong><span class=\"ArticleTitle\">Rencontrez les laur\u00e9ats de la Bourse de voyage ABC \u00e0 la R\u00e9union annuelle<\/span><\/strong><\/h3>\n<p>Ce printemps, sept laur\u00e9ats \u00e9trangers de la Bourse de voyage ABC visiteront les centres orthop\u00e9diques de l\u2019Universit\u00e9 d&#8217;Alberta et de l\u2019Universit\u00e9 de Toronto avant de nous rejoindre \u00e0 la R\u00e9union annuelle. Les laur\u00e9ats pr\u00e9senteront des expos\u00e9s li\u00e9s \u00e0 leur domaine de sp\u00e9cialisation lors d\u2019un<strong> symposium de la Bourse de voyage ABC, le jeudi 11 juin, \u00e0 14 h 30 (HT).<\/strong><\/p>\n<p>Rencontrez ces laur\u00e9ats de l\u2019\u00e9tranger de m\u00eame que des laur\u00e9ats canadiens actuels et pass\u00e9s de la Bourse \u00e0 l\u2019occasion de cette s\u00e9ance informative et stimulante. Il s\u2019agit d\u2019une excellente fa\u00e7on d\u2019en apprendre davantage sur cette possibilit\u00e9 de perfectionnement et sa pertinence ou non dans votre cheminement de carri\u00e8re. Ne manquez pas cette s\u00e9ance dans le programme de la R\u00e9union annuelle.<\/p>\n\t\t\t\t\t\t<\/div><!-- \/.enrty__body -->\r\n\t\t\t\t\t<\/div><!-- \/.entry -->\r\n\t\t\t\t<\/div><!-- \/.grid__col grid__col-\/-1of3 -->\r\n\t\t\t\t\t<\/div><!-- \/.grid grid-\/-reversed -->\r\n\t<\/div><!-- \/.shell -->\r\n<\/section><!-- \/.section section-\/-white -->\r\n\n\n\n<div class=\"wp-block-buttons is-layout-flex wp-block-buttons-is-layout-flex\"><\/div>\n","protected":false},"excerpt":{"rendered":"","protected":false},"author":2,"featured_media":0,"parent":3830,"menu_order":0,"comment_status":"closed","ping_status":"closed","template":"","meta":{"om_disable_all_campaigns":false,"_monsterinsights_skip_tracking":false,"_monsterinsights_sitenote_active":false,"_monsterinsights_sitenote_note":"","_monsterinsights_sitenote_category":0,"_uf_show_specific_survey":0,"_uf_disable_surveys":false,"footnotes":""},"class_list":["post-4565","page","type-page","status-publish","hentry"],"acf":[],"aioseo_notices":[],"yoast_head":"<!-- This site is optimized with the Yoast SEO plugin v23.3 - https:\/\/yoast.com\/wordpress\/plugins\/seo\/ -->\n<title>Bourse de voyage ABC - Association Canadienne d&#039;Orthop\u00e9die<\/title>\n<meta name=\"robots\" content=\"index, follow, max-snippet:-1, max-image-preview:large, max-video-preview:-1\" \/>\n<link rel=\"canonical\" href=\"https:\/\/coa-aco.org\/fr\/education-et-pratique\/bourse-de-voyage-abc\/\" \/>\n<meta property=\"og:locale\" content=\"fr_FR\" \/>\n<meta property=\"og:type\" content=\"article\" \/>\n<meta property=\"og:title\" content=\"Bourse de voyage ABC - Association Canadienne d&#039;Orthop\u00e9die\" \/>\n<meta property=\"og:url\" content=\"https:\/\/coa-aco.org\/fr\/education-et-pratique\/bourse-de-voyage-abc\/\" \/>\n<meta property=\"og:site_name\" content=\"Association Canadienne d&#039;Orthop\u00e9die\" \/>\n<meta property=\"article:modified_time\" content=\"2026-04-28T18:25:10+00:00\" \/>\n<meta name=\"twitter:card\" content=\"summary_large_image\" \/>\n<script type=\"application\/ld+json\" class=\"yoast-schema-graph\">{\"@context\":\"https:\/\/schema.org\",\"@graph\":[{\"@type\":\"WebPage\",\"@id\":\"https:\/\/coa-aco.org\/fr\/education-et-pratique\/bourse-de-voyage-abc\/\",\"url\":\"https:\/\/coa-aco.org\/fr\/education-et-pratique\/bourse-de-voyage-abc\/\",\"name\":\"Bourse de voyage ABC - Association Canadienne d'Orthop\u00e9die\",\"isPartOf\":{\"@id\":\"https:\/\/coa-aco.org\/#website\"},\"datePublished\":\"2023-08-03T15:38:21+00:00\",\"dateModified\":\"2026-04-28T18:25:10+00:00\",\"breadcrumb\":{\"@id\":\"https:\/\/coa-aco.org\/fr\/education-et-pratique\/bourse-de-voyage-abc\/#breadcrumb\"},\"inLanguage\":\"fr-FR\",\"potentialAction\":[{\"@type\":\"ReadAction\",\"target\":[\"https:\/\/coa-aco.org\/fr\/education-et-pratique\/bourse-de-voyage-abc\/\"]}]},{\"@type\":\"BreadcrumbList\",\"@id\":\"https:\/\/coa-aco.org\/fr\/education-et-pratique\/bourse-de-voyage-abc\/#breadcrumb\",\"itemListElement\":[{\"@type\":\"ListItem\",\"position\":1,\"name\":\"Home\",\"item\":\"https:\/\/coa-aco.org\/fr\/\"},{\"@type\":\"ListItem\",\"position\":2,\"name\":\"\u00c9ducation et pratique\",\"item\":\"https:\/\/coa-aco.org\/fr\/education-et-pratique\/\"},{\"@type\":\"ListItem\",\"position\":3,\"name\":\"Bourse de voyage ABC\"}]},{\"@type\":\"WebSite\",\"@id\":\"https:\/\/coa-aco.org\/#website\",\"url\":\"https:\/\/coa-aco.org\/\",\"name\":\"Association Canadienne d'Orthop\u00e9die\",\"description\":\"\",\"potentialAction\":[{\"@type\":\"SearchAction\",\"target\":{\"@type\":\"EntryPoint\",\"urlTemplate\":\"https:\/\/coa-aco.org\/?s={search_term_string}\"},\"query-input\":\"required name=search_term_string\"}],\"inLanguage\":\"fr-FR\"}]}<\/script>\n<!-- \/ Yoast SEO plugin. -->","yoast_head_json":{"title":"Bourse de voyage ABC - Association Canadienne d'Orthop\u00e9die","robots":{"index":"index","follow":"follow","max-snippet":"max-snippet:-1","max-image-preview":"max-image-preview:large","max-video-preview":"max-video-preview:-1"},"canonical":"https:\/\/coa-aco.org\/fr\/education-et-pratique\/bourse-de-voyage-abc\/","og_locale":"fr_FR","og_type":"article","og_title":"Bourse de voyage ABC - Association Canadienne d'Orthop\u00e9die","og_url":"https:\/\/coa-aco.org\/fr\/education-et-pratique\/bourse-de-voyage-abc\/","og_site_name":"Association Canadienne d'Orthop\u00e9die","article_modified_time":"2026-04-28T18:25:10+00:00","twitter_card":"summary_large_image","schema":{"@context":"https:\/\/schema.org","@graph":[{"@type":"WebPage","@id":"https:\/\/coa-aco.org\/fr\/education-et-pratique\/bourse-de-voyage-abc\/","url":"https:\/\/coa-aco.org\/fr\/education-et-pratique\/bourse-de-voyage-abc\/","name":"Bourse de voyage ABC - Association Canadienne d'Orthop\u00e9die","isPartOf":{"@id":"https:\/\/coa-aco.org\/#website"},"datePublished":"2023-08-03T15:38:21+00:00","dateModified":"2026-04-28T18:25:10+00:00","breadcrumb":{"@id":"https:\/\/coa-aco.org\/fr\/education-et-pratique\/bourse-de-voyage-abc\/#breadcrumb"},"inLanguage":"fr-FR","potentialAction":[{"@type":"ReadAction","target":["https:\/\/coa-aco.org\/fr\/education-et-pratique\/bourse-de-voyage-abc\/"]}]},{"@type":"BreadcrumbList","@id":"https:\/\/coa-aco.org\/fr\/education-et-pratique\/bourse-de-voyage-abc\/#breadcrumb","itemListElement":[{"@type":"ListItem","position":1,"name":"Home","item":"https:\/\/coa-aco.org\/fr\/"},{"@type":"ListItem","position":2,"name":"\u00c9ducation et pratique","item":"https:\/\/coa-aco.org\/fr\/education-et-pratique\/"},{"@type":"ListItem","position":3,"name":"Bourse de voyage ABC"}]},{"@type":"WebSite","@id":"https:\/\/coa-aco.org\/#website","url":"https:\/\/coa-aco.org\/","name":"Association Canadienne d'Orthop\u00e9die","description":"","potentialAction":[{"@type":"SearchAction","target":{"@type":"EntryPoint","urlTemplate":"https:\/\/coa-aco.org\/?s={search_term_string}"},"query-input":"required name=search_term_string"}],"inLanguage":"fr-FR"}]}},"_links":{"self":[{"href":"https:\/\/coa-aco.org\/fr\/wp-json\/wp\/v2\/pages\/4565","targetHints":{"allow":["GET"]}}],"collection":[{"href":"https:\/\/coa-aco.org\/fr\/wp-json\/wp\/v2\/pages"}],"about":[{"href":"https:\/\/coa-aco.org\/fr\/wp-json\/wp\/v2\/types\/page"}],"author":[{"embeddable":true,"href":"https:\/\/coa-aco.org\/fr\/wp-json\/wp\/v2\/users\/2"}],"replies":[{"embeddable":true,"href":"https:\/\/coa-aco.org\/fr\/wp-json\/wp\/v2\/comments?post=4565"}],"version-history":[{"count":0,"href":"https:\/\/coa-aco.org\/fr\/wp-json\/wp\/v2\/pages\/4565\/revisions"}],"up":[{"embeddable":true,"href":"https:\/\/coa-aco.org\/fr\/wp-json\/wp\/v2\/pages\/3830"}],"wp:attachment":[{"href":"https:\/\/coa-aco.org\/fr\/wp-json\/wp\/v2\/media?parent=4565"}],"curies":[{"name":"wp","href":"https:\/\/api.w.org\/{rel}","templated":true}]}}