{"id":4566,"date":"2023-08-03T19:37:07","date_gmt":"2023-08-03T19:37:07","guid":{"rendered":"https:\/\/coa-aco.org\/anica-bitenc-travelling-fellowship\/"},"modified":"2023-09-05T17:34:36","modified_gmt":"2023-09-05T17:34:36","slug":"bourse-de-voyage-anica-bitenc","status":"publish","type":"page","link":"https:\/\/coa-aco.org\/fr\/education-et-pratique\/bourse-de-voyage-anica-bitenc\/","title":{"rendered":"Bourse de voyage Anica Bitenc"},"content":{"rendered":"\r\n<div class=\"hero hero--small\">\r\n\t<div class=\"shell hero__shell\">\r\n\t\t<div class=\"hero__inner\">\r\n\t\t\t<div class=\"hero__content\">\r\n\t\t\t\t\r\n\t\t\t\t<header class=\"hero__head richtext-entry\">\r\n\t\t\t\t\t<h5>Bourses de voyage<\/h5>\n<h1>Bourse de voyage Anica Bitenc<\/h1>\n\t\t\t\t<\/header><!-- \/.hero__head -->\r\n\r\n\t\t\t\t<div class=\"hero__body richtext-entry\">\r\n\t\t\t\t\t<h4>(programme d\u2019accueil)<\/h4>\n\t\t\t\t<\/div><!-- \/.hero__body richtext-entry -->\r\n\t\t\t<\/div><!-- \/.hero__content -->\r\n\r\n\t\t\t<div class=\"hero__media\">\r\n\t\t\t\t<img loading=\"lazy\" decoding=\"async\" width=\"768\" height=\"396\" src=\"https:\/\/coa-aco.org\/wp-content\/uploads\/2023\/05\/COA-Small-Hero_4-768x396.png\" class=\"attachment-medium_large size-medium_large\" alt=\"\" srcset=\"https:\/\/coa-aco.org\/wp-content\/uploads\/2023\/05\/COA-Small-Hero_4-768x396.png 768w, https:\/\/coa-aco.org\/wp-content\/uploads\/2023\/05\/COA-Small-Hero_4-300x155.png 300w, https:\/\/coa-aco.org\/wp-content\/uploads\/2023\/05\/COA-Small-Hero_4-1024x528.png 1024w, https:\/\/coa-aco.org\/wp-content\/uploads\/2023\/05\/COA-Small-Hero_4-1536x792.png 1536w, https:\/\/coa-aco.org\/wp-content\/uploads\/2023\/05\/COA-Small-Hero_4-2048x1056.png 2048w, https:\/\/coa-aco.org\/wp-content\/uploads\/2023\/05\/COA-Small-Hero_4-1920x990.png 1920w\" sizes=\"auto, (max-width: 768px) 100vw, 768px\" \/>\t\t\t<\/div><!-- \/.hero__media -->\r\n\t\t<\/div><!-- \/.hero__inner -->\r\n\t<\/div><!-- \/.shell hero__shell -->\r\n<\/div><!-- \/.hero hero-\/-small -->\r\n\n\n\r\n<section class=\"section section--white\">\r\n\t<div class=\"shell\">\r\n\t\t<div class=\"grid grid--reversed accordion-grid\">\r\n\t\t\t<div class=\"grid__col grid__col--2of3\">\r\n\t\t\t\t\t\t\t\t<div class=\"accordion\">\r\n\t\t\t\t\t\t\t\t\t\t\t<div class=\"accordion__section\">\r\n\t\t\t\t\t\t\t<div class=\"accordion__head\">\r\n\t\t\t\t\t\t\t\t<div class=\"accordion__head-wrapper\">\r\n\t\t\t\t\t\t\t\t\t<h6>\r\n\t\t\t\t\t\t\t\t\t\tRenseignements g\u00e9n\u00e9raux\t\t\t\t\t\t\t\t\t<\/h6>\r\n\t\t\t\t\t\t\t\t<\/div><!-- \/.accordion__head-wrapper -->\r\n\r\n\t\t\t\t\t\t\t\t<figure class=\"accordion__ico\">\r\n\t\t\t\t\t\t\t\t\t<img decoding=\"async\" src=\"https:\/\/coa-aco.org\/wp-content\/themes\/canadian-orthopaedic-association\/resources\/images\/temp\/dropdown-ico.svg\" alt=\"\">\r\n\t\t\t\t\t\t\t\t<\/figure><!-- \/.accordion__ico -->\r\n\t\t\t\t\t\t\t<\/div><!-- \/.accordion__head -->\r\n\r\n\t\t\t\t\t\t\t<div class=\"accordion__body richtext-entry\">\r\n\t\t\t\t\t\t\t\t<p>La Bourse de voyage Anica Bitenc comprend une tourn\u00e9e de divers centres d\u2019orthop\u00e9die au Canada; le boursier est en outre invit\u00e9 \u00e0 assister \u00e0 la R\u00e9union annuelle de l\u2019ACO.<\/p>\n<p>Le financement annuel de cette bourse est assur\u00e9 par un fonds de dotation du Dr Bitenc, g\u00e9r\u00e9 par la Fondation Canadienne d\u2019Orthop\u00e9die.<\/p>\n\t\t\t\t\t\t\t<\/div><!-- \/.accordion__body richtext-entry -->\r\n\t\t\t\t\t\t<\/div><!-- \/.accordion__section -->\r\n\t\t\t\t\t\t\t\t\t\t\t<div class=\"accordion__section\">\r\n\t\t\t\t\t\t\t<div class=\"accordion__head\">\r\n\t\t\t\t\t\t\t\t<div class=\"accordion__head-wrapper\">\r\n\t\t\t\t\t\t\t\t\t<h6>\r\n\t\t\t\t\t\t\t\t\t\tEn savoir plus\t\t\t\t\t\t\t\t\t<\/h6>\r\n\t\t\t\t\t\t\t\t<\/div><!-- \/.accordion__head-wrapper -->\r\n\r\n\t\t\t\t\t\t\t\t<figure class=\"accordion__ico\">\r\n\t\t\t\t\t\t\t\t\t<img decoding=\"async\" src=\"https:\/\/coa-aco.org\/wp-content\/themes\/canadian-orthopaedic-association\/resources\/images\/temp\/dropdown-ico.svg\" alt=\"\">\r\n\t\t\t\t\t\t\t\t<\/figure><!-- \/.accordion__ico -->\r\n\t\t\t\t\t\t\t<\/div><!-- \/.accordion__head -->\r\n\r\n\t\t\t\t\t\t\t<div class=\"accordion__body richtext-entry\">\r\n\t\t\t\t\t\t\t\t<p><a href=\"https:\/\/coa-aco.org\/wp-content\/uploads\/2023\/09\/Bitenc-article-French.pdf\" target=\"_blank\">Pour en savoir plus sur le Dr Igor Bitenc et son legs, cliquez ici.<\/a><\/p>\n\t\t\t\t\t\t\t<\/div><!-- \/.accordion__body richtext-entry -->\r\n\t\t\t\t\t\t<\/div><!-- \/.accordion__section -->\r\n\t\t\t\t\t\t\t\t\t<\/div><!-- \/.accordion -->\r\n\t\t\t<\/div><!-- \/.grid__col grid__col-\/-2of3 -->\r\n\r\n\t\t\t\t\t\t\t<div class=\"grid__col grid__col--1of3\">\r\n\t\t\t\t\t<div class=\"entry\">\r\n\t\t\t\t\t\t<div class=\"enrty__body\">\r\n\t\t\t\t\t\t\t<p>En 1982, le Dr Igor Bitenc, membre de l\u2019ACO, a propos\u00e9 de commanditer une bourse de voyage annuelle pour un jeune orthop\u00e9diste de l\u2019ancienne Yougoslavie. Le premier boursier est venu faire une tourn\u00e9e au pays en 1985. L\u2019ACO accueille maintenant un boursier par an en provenance de Slov\u00e9nie, de Croatie et de Serbie, en alternance.<\/p>\n<p>Cette bourse a \u00e9t\u00e9 nomm\u00e9e en m\u00e9moire de Mme Anica Bitenc, la m\u00e8re du Dr Bitenc.<\/p>\n\t\t\t\t\t\t<\/div><!-- \/.enrty__body -->\r\n\t\t\t\t\t<\/div><!-- \/.entry -->\r\n\t\t\t\t<\/div><!-- \/.grid__col grid__col-\/-1of3 -->\r\n\t\t\t\t\t<\/div><!-- \/.grid grid-\/-reversed -->\r\n\t<\/div><!-- \/.shell -->\r\n<\/section><!-- \/.section section-\/-white -->\r\n","protected":false},"excerpt":{"rendered":"","protected":false},"author":2,"featured_media":0,"parent":3830,"menu_order":0,"comment_status":"closed","ping_status":"closed","template":"","meta":{"om_disable_all_campaigns":false,"_monsterinsights_skip_tracking":false,"_monsterinsights_sitenote_active":false,"_monsterinsights_sitenote_note":"","_monsterinsights_sitenote_category":0,"_uf_show_specific_survey":0,"_uf_disable_surveys":false,"footnotes":""},"class_list":["post-4566","page","type-page","status-publish","hentry"],"acf":[],"aioseo_notices":[],"yoast_head":"<!-- This site is optimized with the Yoast SEO plugin v23.3 - https:\/\/yoast.com\/wordpress\/plugins\/seo\/ -->\n<title>Bourse de voyage Anica Bitenc - Association Canadienne d&#039;Orthop\u00e9die<\/title>\n<meta name=\"robots\" content=\"index, follow, max-snippet:-1, max-image-preview:large, max-video-preview:-1\" \/>\n<link rel=\"canonical\" href=\"https:\/\/coa-aco.org\/fr\/education-et-pratique\/bourse-de-voyage-anica-bitenc\/\" \/>\n<meta property=\"og:locale\" content=\"fr_FR\" \/>\n<meta property=\"og:type\" content=\"article\" \/>\n<meta property=\"og:title\" content=\"Bourse de voyage Anica Bitenc - Association Canadienne d&#039;Orthop\u00e9die\" \/>\n<meta property=\"og:url\" content=\"https:\/\/coa-aco.org\/fr\/education-et-pratique\/bourse-de-voyage-anica-bitenc\/\" \/>\n<meta property=\"og:site_name\" content=\"Association Canadienne d&#039;Orthop\u00e9die\" \/>\n<meta property=\"article:modified_time\" content=\"2023-09-05T17:34:36+00:00\" \/>\n<meta name=\"twitter:card\" content=\"summary_large_image\" \/>\n<script type=\"application\/ld+json\" class=\"yoast-schema-graph\">{\"@context\":\"https:\/\/schema.org\",\"@graph\":[{\"@type\":\"WebPage\",\"@id\":\"https:\/\/coa-aco.org\/fr\/education-et-pratique\/bourse-de-voyage-anica-bitenc\/\",\"url\":\"https:\/\/coa-aco.org\/fr\/education-et-pratique\/bourse-de-voyage-anica-bitenc\/\",\"name\":\"Bourse de voyage Anica Bitenc - Association Canadienne d'Orthop\u00e9die\",\"isPartOf\":{\"@id\":\"https:\/\/coa-aco.org\/#website\"},\"datePublished\":\"2023-08-03T19:37:07+00:00\",\"dateModified\":\"2023-09-05T17:34:36+00:00\",\"breadcrumb\":{\"@id\":\"https:\/\/coa-aco.org\/fr\/education-et-pratique\/bourse-de-voyage-anica-bitenc\/#breadcrumb\"},\"inLanguage\":\"fr-FR\",\"potentialAction\":[{\"@type\":\"ReadAction\",\"target\":[\"https:\/\/coa-aco.org\/fr\/education-et-pratique\/bourse-de-voyage-anica-bitenc\/\"]}]},{\"@type\":\"BreadcrumbList\",\"@id\":\"https:\/\/coa-aco.org\/fr\/education-et-pratique\/bourse-de-voyage-anica-bitenc\/#breadcrumb\",\"itemListElement\":[{\"@type\":\"ListItem\",\"position\":1,\"name\":\"Home\",\"item\":\"https:\/\/coa-aco.org\/fr\/\"},{\"@type\":\"ListItem\",\"position\":2,\"name\":\"\u00c9ducation et pratique\",\"item\":\"https:\/\/coa-aco.org\/fr\/education-et-pratique\/\"},{\"@type\":\"ListItem\",\"position\":3,\"name\":\"Bourse de voyage Anica Bitenc\"}]},{\"@type\":\"WebSite\",\"@id\":\"https:\/\/coa-aco.org\/#website\",\"url\":\"https:\/\/coa-aco.org\/\",\"name\":\"Association Canadienne d'Orthop\u00e9die\",\"description\":\"\",\"potentialAction\":[{\"@type\":\"SearchAction\",\"target\":{\"@type\":\"EntryPoint\",\"urlTemplate\":\"https:\/\/coa-aco.org\/?s={search_term_string}\"},\"query-input\":\"required name=search_term_string\"}],\"inLanguage\":\"fr-FR\"}]}<\/script>\n<!-- \/ Yoast SEO plugin. -->","yoast_head_json":{"title":"Bourse de voyage Anica Bitenc - Association Canadienne d'Orthop\u00e9die","robots":{"index":"index","follow":"follow","max-snippet":"max-snippet:-1","max-image-preview":"max-image-preview:large","max-video-preview":"max-video-preview:-1"},"canonical":"https:\/\/coa-aco.org\/fr\/education-et-pratique\/bourse-de-voyage-anica-bitenc\/","og_locale":"fr_FR","og_type":"article","og_title":"Bourse de voyage Anica Bitenc - Association Canadienne d'Orthop\u00e9die","og_url":"https:\/\/coa-aco.org\/fr\/education-et-pratique\/bourse-de-voyage-anica-bitenc\/","og_site_name":"Association Canadienne d'Orthop\u00e9die","article_modified_time":"2023-09-05T17:34:36+00:00","twitter_card":"summary_large_image","schema":{"@context":"https:\/\/schema.org","@graph":[{"@type":"WebPage","@id":"https:\/\/coa-aco.org\/fr\/education-et-pratique\/bourse-de-voyage-anica-bitenc\/","url":"https:\/\/coa-aco.org\/fr\/education-et-pratique\/bourse-de-voyage-anica-bitenc\/","name":"Bourse de voyage Anica Bitenc - Association Canadienne d'Orthop\u00e9die","isPartOf":{"@id":"https:\/\/coa-aco.org\/#website"},"datePublished":"2023-08-03T19:37:07+00:00","dateModified":"2023-09-05T17:34:36+00:00","breadcrumb":{"@id":"https:\/\/coa-aco.org\/fr\/education-et-pratique\/bourse-de-voyage-anica-bitenc\/#breadcrumb"},"inLanguage":"fr-FR","potentialAction":[{"@type":"ReadAction","target":["https:\/\/coa-aco.org\/fr\/education-et-pratique\/bourse-de-voyage-anica-bitenc\/"]}]},{"@type":"BreadcrumbList","@id":"https:\/\/coa-aco.org\/fr\/education-et-pratique\/bourse-de-voyage-anica-bitenc\/#breadcrumb","itemListElement":[{"@type":"ListItem","position":1,"name":"Home","item":"https:\/\/coa-aco.org\/fr\/"},{"@type":"ListItem","position":2,"name":"\u00c9ducation et pratique","item":"https:\/\/coa-aco.org\/fr\/education-et-pratique\/"},{"@type":"ListItem","position":3,"name":"Bourse de voyage Anica Bitenc"}]},{"@type":"WebSite","@id":"https:\/\/coa-aco.org\/#website","url":"https:\/\/coa-aco.org\/","name":"Association Canadienne d'Orthop\u00e9die","description":"","potentialAction":[{"@type":"SearchAction","target":{"@type":"EntryPoint","urlTemplate":"https:\/\/coa-aco.org\/?s={search_term_string}"},"query-input":"required name=search_term_string"}],"inLanguage":"fr-FR"}]}},"_links":{"self":[{"href":"https:\/\/coa-aco.org\/fr\/wp-json\/wp\/v2\/pages\/4566","targetHints":{"allow":["GET"]}}],"collection":[{"href":"https:\/\/coa-aco.org\/fr\/wp-json\/wp\/v2\/pages"}],"about":[{"href":"https:\/\/coa-aco.org\/fr\/wp-json\/wp\/v2\/types\/page"}],"author":[{"embeddable":true,"href":"https:\/\/coa-aco.org\/fr\/wp-json\/wp\/v2\/users\/2"}],"replies":[{"embeddable":true,"href":"https:\/\/coa-aco.org\/fr\/wp-json\/wp\/v2\/comments?post=4566"}],"version-history":[{"count":0,"href":"https:\/\/coa-aco.org\/fr\/wp-json\/wp\/v2\/pages\/4566\/revisions"}],"up":[{"embeddable":true,"href":"https:\/\/coa-aco.org\/fr\/wp-json\/wp\/v2\/pages\/3830"}],"wp:attachment":[{"href":"https:\/\/coa-aco.org\/fr\/wp-json\/wp\/v2\/media?parent=4566"}],"curies":[{"name":"wp","href":"https:\/\/api.w.org\/{rel}","templated":true}]}}