{"id":5068,"date":"2024-02-16T15:53:49","date_gmt":"2024-02-16T15:53:49","guid":{"rendered":"https:\/\/coa-aco.org\/canadian-orthopaedic-care-day\/"},"modified":"2026-03-27T16:23:48","modified_gmt":"2026-03-27T16:23:48","slug":"canadian-orthopaedic-care-day","status":"publish","type":"page","link":"https:\/\/coa-aco.org\/fr\/canadian-orthopaedic-care-day\/","title":{"rendered":"Journ\u00e9e canadienne des soins orthop\u00e9diques"},"content":{"rendered":"\r\n<div class=\"hero hero--small\">\r\n\t<div class=\"shell hero__shell\">\r\n\t\t<div class=\"hero__inner\">\r\n\t\t\t<div class=\"hero__content\">\r\n\t\t\t\t\r\n\t\t\t\t<header class=\"hero__head richtext-entry\">\r\n\t\t\t\t\t<h1>Journ\u00e9e canadienne des soins orthop\u00e9diques<\/h1>\n\t\t\t\t<\/header><!-- \/.hero__head -->\r\n\r\n\t\t\t\t<div class=\"hero__body richtext-entry\">\r\n\t\t\t\t\t<h3><strong>Mercredi 31 mars 2027<\/strong><\/h3>\n\t\t\t\t<\/div><!-- \/.hero__body richtext-entry -->\r\n\t\t\t<\/div><!-- \/.hero__content -->\r\n\r\n\t\t\t<div class=\"hero__media\">\r\n\t\t\t\t<img loading=\"lazy\" decoding=\"async\" width=\"768\" height=\"396\" src=\"https:\/\/coa-aco.org\/wp-content\/uploads\/2023\/01\/COA-Small-Hero_22-768x396.png\" class=\"attachment-medium_large size-medium_large\" alt=\"\" srcset=\"https:\/\/coa-aco.org\/wp-content\/uploads\/2023\/01\/COA-Small-Hero_22-768x396.png 768w, https:\/\/coa-aco.org\/wp-content\/uploads\/2023\/01\/COA-Small-Hero_22-300x155.png 300w, https:\/\/coa-aco.org\/wp-content\/uploads\/2023\/01\/COA-Small-Hero_22.png 1024w\" sizes=\"auto, (max-width: 768px) 100vw, 768px\" \/>\t\t\t<\/div><!-- \/.hero__media -->\r\n\t\t<\/div><!-- \/.hero__inner -->\r\n\t<\/div><!-- \/.shell hero__shell -->\r\n<\/div><!-- \/.hero hero-\/-small -->\r\n\n\n\r\n<section class=\"section section--white\">\r\n\t<div class=\"shell\">\r\n\t\t<div class=\"grid\">\r\n\t\t\t<div class=\"grid__col grid__col--2of3\">\r\n\t\t\t\t<div class=\"entry\">\r\n\t\t\t\t\t\t\t\t\t\t\t<header class=\"entry__head\">\r\n\t\t\t\t\t\t\t<h2>\r\n\t\t\t\t\t\t\t\tC\u00e9l\u00e9brons la Journ\u00e9e canadienne des soins orthop\u00e9diques 2027\t\t\t\t\t\t\t<\/h2>\r\n\t\t\t\t\t\t<\/header><!-- \/.entry__head -->\r\n\t\t\t\t\t\r\n\t\t\t\t\t<div class=\"entry__body richtext-entry\">\r\n\t\t\t\t\t\t<p>Le mercredi 31 mars 2027 marque un \u00e9v\u00e9nement important dans le calendrier des soins de sant\u00e9 au Canada \u2014 la Sixi\u00e8me Journ\u00e9e annuelle canadienne des soins orthop\u00e9diques.<br \/>\nRestez \u00e0 l\u2019aff\u00fbt pour d\u00e9couvrir le th\u00e8me de 2027 !<\/p>\n<p><a href=\"https:\/\/www.dropbox.com\/scl\/fo\/ck847lpqh88rgr9ne8ogp\/APciTWv4Dy30lKIaa5zOC4c?rlkey=z07ef978cxht5p81syujw3rxq&amp;st=m72q4uns&amp;dl=0\">T\u00e9l\u00e9chargez la trousse m\u00e9dia 2026 et les \u00e9l\u00e9ments visuels ici.<\/a><\/p>\n\t\t\t\t\t<\/div><!-- \/.entry__body richtext-entry -->\r\n\r\n\t\t\t\t\t\t\t\t\t<\/div><!-- \/.entry -->\r\n\t\t\t<\/div><!-- \/.grid__col grid__col-\/-2of3 -->\r\n\r\n\r\n\t\t\t\r\n\t\t\t\r\n\t\t\t\t\t\t\t<div class=\"grid__col grid__col--1of3\">\r\n\t\t\t\t\t<figure class=\"image-auto image-auto--logo\">\r\n\t\t\t\t\t\t<img decoding=\"async\" src=\"https:\/\/coa-aco.org\/wp-content\/uploads\/2024\/03\/JCSO.svg\" class=\"attachment-medium_large size-medium_large\" alt=\"\" \/>\t\t\t\t\t<\/figure>\r\n\t\t\t\t<\/div><!-- \/.grid__col grid__col-\/-1of3 -->\r\n\t\t\t\t\t<\/div><!-- \/.grid -->\r\n\t<\/div><!-- \/.shell -->\r\n<\/section><!-- \/.section -->\r\n\n\n\r\n<section class=\"section\">\r\n\t<div class=\"shell\">\r\n\t\t<div class=\"grid grid--reversed\">\r\n\t\t\t<div class=\"grid__col grid__col--2of3\">\r\n\t\t\t\t<div class=\"entry\">\r\n\t\t\t\t\t\r\n\t\t\t\t\t<div class=\"entry__body richtext-entry\">\r\n\t\t\t\t\t\t<p>Nous invitons chacun \u00e0 participer \u00e0 une campagne en ligne con\u00e7ue pour favoriser le dialogue, partager des connaissances et inspirer l\u2019action:<\/p>\n<ul data-start=\"469\" data-end=\"900\">\n<li data-start=\"469\" data-end=\"644\">Mobilisation en ligne : Exprimez votre soutien et partagez vos id\u00e9es sur les r\u00e9seaux sociaux en utilisant les mots-clics <strong>#Journ\u00e9eOrthoCan et #SoinsOrthoCanada.<\/strong><\/li>\n<li data-start=\"645\" data-end=\"900\">Engagement aupr\u00e8s des gouvernements : Contactez vos repr\u00e9sentants f\u00e9d\u00e9raux et provinciaux. Invitez-les \u00e0 visiter vos \u00e9tablissements pour leur offrir un aper\u00e7u direct des d\u00e9fis et des opportunit\u00e9s li\u00e9s aux soins orthop\u00e9diques dans votre communaut\u00e9.<\/li>\n<\/ul>\n<p data-start=\"1438\" data-end=\"1610\">Au Canada, une moyenne de 3,73 chirurgiens orthop\u00e9distes pour 100 000 habitants travaillent chaque jour \u00e0 soutenir la mobilit\u00e9, l\u2019autonomie et la qualit\u00e9 de vie de millions de personnes. Atteindre un objectif durable de 7 chirurgiens pour 100 000 n\u00e9cessiterait de tripler la capacit\u00e9 de formation au cours de la prochaine d\u00e9cennie, alors m\u00eame qu\u2019on estime que 25 \u00e0 30 % de la main\u2011d\u2019\u0153uvre actuelle approche de la retraite. Pourtant, des progr\u00e8s importants m\u00e9ritent d\u2019\u00eatre soulign\u00e9s : 32 % de la cohorte dipl\u00f4m\u00e9e de 2025 s\u2019identifie comme femme, un record en orthop\u00e9die canadienne et un signe d\u2019un avenir plus inclusif. Mieux comprendre les r\u00e9alit\u00e9s quotidiennes de la pratique orthop\u00e9dique est essentiel pour une planification \u00e9clair\u00e9e du syst\u00e8me, et la Journ\u00e9e canadienne des soins orthop\u00e9diques offre un moment privil\u00e9gi\u00e9 pour c\u00e9l\u00e9brer, informer et d\u00e9fendre les soins qui permettent \u00e0 notre pays de rester en mouvement.<\/p>\n<p><em>R\u00e9f\u00e9rences\u202f:<\/em><br \/>\n<em>Association canadienne d\u2019orthop\u00e9die. (2025). Graduate Snapshot 2025 [PDF]. <span draggable=\"true\"><a href=\"https:\/\/coa-aco.org\/wp-content\/uploads\/2025\/11\/2025-COA-Graduate-Snapshot-4.pdf\" target=\"_blank\" rel=\"noopener noreferrer\">https:\/\/coa-aco.org\/wp-content\/uploads\/2025\/11\/2025-COA-Graduate-Snapshot-4.pdf<\/a><br \/>\nDonn\u00e9es de l\u2019ACPM : Canadian Medical Protective Association (ACPM). Type de travail (TOW) 94 \u2013 Chirurgie : Orthop\u00e9die. Donn\u00e9es au 31 d\u00e9cembre 2024.<br \/>\nDonn\u00e9es sur la population : Statistique Canada. Tableau 17-10-0005-01 : Estimations de la population au 1er juillet, par \u00e2ge et sexe.<\/span><\/em><\/p>\n\t\t\t\t\t<\/div><!-- \/.entry__body richtext-entry -->\r\n\r\n\t\t\t\t\t\t\t\t\t<\/div><!-- \/.entry -->\r\n\t\t\t<\/div><!-- \/.grid__col grid__col-\/-2of3 -->\r\n\r\n\r\n\t\t\t\r\n\t\t\t\r\n\t\t\t\t\t\t\t<div class=\"grid__col grid__col--1of3\">\r\n\t\t\t\t\t<figure class=\"image-auto\">\r\n\t\t\t\t\t\t<img loading=\"lazy\" decoding=\"async\" width=\"768\" height=\"768\" src=\"https:\/\/coa-aco.org\/wp-content\/uploads\/2024\/02\/happy-couple-768x768.jpg\" class=\"attachment-medium_large size-medium_large\" alt=\"\" srcset=\"https:\/\/coa-aco.org\/wp-content\/uploads\/2024\/02\/happy-couple-768x768.jpg 768w, https:\/\/coa-aco.org\/wp-content\/uploads\/2024\/02\/happy-couple-300x300.jpg 300w, https:\/\/coa-aco.org\/wp-content\/uploads\/2024\/02\/happy-couple-1024x1024.jpg 1024w, https:\/\/coa-aco.org\/wp-content\/uploads\/2024\/02\/happy-couple-150x150.jpg 150w, https:\/\/coa-aco.org\/wp-content\/uploads\/2024\/02\/happy-couple.jpg 1200w\" sizes=\"auto, (max-width: 768px) 100vw, 768px\" \/>\t\t\t\t\t<\/figure>\r\n\t\t\t\t<\/div><!-- \/.grid__col grid__col-\/-1of3 -->\r\n\t\t\t\t\t<\/div><!-- \/.grid -->\r\n\t<\/div><!-- \/.shell -->\r\n<\/section><!-- \/.section -->\r\n\n\n\r\n<section class=\"section section--white\">\r\n\t<div class=\"shell\">\r\n\t\t<div class=\"grid grid--reversed accordion-grid\">\r\n\t\t\t<div class=\"grid__col grid__col--2of3\">\r\n\t\t\t\t\t\t\t\t<div class=\"accordion\">\r\n\t\t\t\t\t\t\t\t\t\t\t<div class=\"accordion__section\">\r\n\t\t\t\t\t\t\t<div class=\"accordion__head\">\r\n\t\t\t\t\t\t\t\t<div class=\"accordion__head-wrapper\">\r\n\t\t\t\t\t\t\t\t\t<h6>\r\n\t\t\t\t\t\t\t\t\t\tLes incapacit\u00e9s li\u00e9es \u00e0 la mobilit\u00e9 sont une pr\u00e9occupation grandissante.\t\t\t\t\t\t\t\t\t<\/h6>\r\n\t\t\t\t\t\t\t\t<\/div><!-- \/.accordion__head-wrapper -->\r\n\r\n\t\t\t\t\t\t\t\t<figure class=\"accordion__ico\">\r\n\t\t\t\t\t\t\t\t\t<img decoding=\"async\" src=\"https:\/\/coa-aco.org\/wp-content\/themes\/canadian-orthopaedic-association\/resources\/images\/temp\/dropdown-ico.svg\" alt=\"\">\r\n\t\t\t\t\t\t\t\t<\/figure><!-- \/.accordion__ico -->\r\n\t\t\t\t\t\t\t<\/div><!-- \/.accordion__head -->\r\n\r\n\t\t\t\t\t\t\t<div class=\"accordion__body richtext-entry\">\r\n\t\t\t\t\t\t\t\t<p>En 2022, 10,6 % des Canadiens \u00e2g\u00e9s de 15 ans et plus \u2014 soit plus de 3,1 millions de personnes \u2014 ont d\u00e9clar\u00e9 une incapacit\u00e9 li\u00e9e \u00e0 la mobilit\u00e9. Parmi les a\u00een\u00e9s de 65 ans et plus, 63 % \u00e9prouvent des limitations de mobilit\u00e9.<\/p>\n\t\t\t\t\t\t\t<\/div><!-- \/.accordion__body richtext-entry -->\r\n\t\t\t\t\t\t<\/div><!-- \/.accordion__section -->\r\n\t\t\t\t\t\t\t\t\t\t\t<div class=\"accordion__section\">\r\n\t\t\t\t\t\t\t<div class=\"accordion__head\">\r\n\t\t\t\t\t\t\t\t<div class=\"accordion__head-wrapper\">\r\n\t\t\t\t\t\t\t\t\t<h6>\r\n\t\t\t\t\t\t\t\t\t\tLa population vieillissante du Canada augmente rapidement.\t\t\t\t\t\t\t\t\t<\/h6>\r\n\t\t\t\t\t\t\t\t<\/div><!-- \/.accordion__head-wrapper -->\r\n\r\n\t\t\t\t\t\t\t\t<figure class=\"accordion__ico\">\r\n\t\t\t\t\t\t\t\t\t<img decoding=\"async\" src=\"https:\/\/coa-aco.org\/wp-content\/themes\/canadian-orthopaedic-association\/resources\/images\/temp\/dropdown-ico.svg\" alt=\"\">\r\n\t\t\t\t\t\t\t\t<\/figure><!-- \/.accordion__ico -->\r\n\t\t\t\t\t\t\t<\/div><!-- \/.accordion__head -->\r\n\r\n\t\t\t\t\t\t\t<div class=\"accordion__body richtext-entry\">\r\n\t\t\t\t\t\t\t\t<p>Au 1\u1d49\u02b3 juillet 2024, 7,8 millions de Canadiens avaient 65 ans ou plus. D\u2019ici 2036, les a\u00een\u00e9s pourraient repr\u00e9senter jusqu\u2019\u00e0 25 % de la population totale.<\/p>\n\t\t\t\t\t\t\t<\/div><!-- \/.accordion__body richtext-entry -->\r\n\t\t\t\t\t\t<\/div><!-- \/.accordion__section -->\r\n\t\t\t\t\t\t\t\t\t\t\t<div class=\"accordion__section\">\r\n\t\t\t\t\t\t\t<div class=\"accordion__head\">\r\n\t\t\t\t\t\t\t\t<div class=\"accordion__head-wrapper\">\r\n\t\t\t\t\t\t\t\t\t<h6>\r\n\t\t\t\t\t\t\t\t\t\tLes affections musculosquelettiques (MSK) demeurent l\u2019une des principales causes d\u2019incapacit\u00e9.\t\t\t\t\t\t\t\t\t<\/h6>\r\n\t\t\t\t\t\t\t\t<\/div><!-- \/.accordion__head-wrapper -->\r\n\r\n\t\t\t\t\t\t\t\t<figure class=\"accordion__ico\">\r\n\t\t\t\t\t\t\t\t\t<img decoding=\"async\" src=\"https:\/\/coa-aco.org\/wp-content\/themes\/canadian-orthopaedic-association\/resources\/images\/temp\/dropdown-ico.svg\" alt=\"\">\r\n\t\t\t\t\t\t\t\t<\/figure><!-- \/.accordion__ico -->\r\n\t\t\t\t\t\t\t<\/div><!-- \/.accordion__head -->\r\n\r\n\t\t\t\t\t\t\t<div class=\"accordion__body richtext-entry\">\r\n\t\t\t\t\t\t\t\t<p>La douleur, les restrictions de mobilit\u00e9 et les troubles de la flexibilit\u00e9 figurent parmi les incapacit\u00e9s les plus fr\u00e9quemment rapport\u00e9es chez les adultes \u00e2g\u00e9s.<\/p>\n\t\t\t\t\t\t\t<\/div><!-- \/.accordion__body richtext-entry -->\r\n\t\t\t\t\t\t<\/div><!-- \/.accordion__section -->\r\n\t\t\t\t\t\t\t\t\t\t\t<div class=\"accordion__section\">\r\n\t\t\t\t\t\t\t<div class=\"accordion__head\">\r\n\t\t\t\t\t\t\t\t<div class=\"accordion__head-wrapper\">\r\n\t\t\t\t\t\t\t\t\t<h6>\r\n\t\t\t\t\t\t\t\t\t\tLa demande en soins orthop\u00e9diques est en hausse.\t\t\t\t\t\t\t\t\t<\/h6>\r\n\t\t\t\t\t\t\t\t<\/div><!-- \/.accordion__head-wrapper -->\r\n\r\n\t\t\t\t\t\t\t\t<figure class=\"accordion__ico\">\r\n\t\t\t\t\t\t\t\t\t<img decoding=\"async\" src=\"https:\/\/coa-aco.org\/wp-content\/themes\/canadian-orthopaedic-association\/resources\/images\/temp\/dropdown-ico.svg\" alt=\"\">\r\n\t\t\t\t\t\t\t\t<\/figure><!-- \/.accordion__ico -->\r\n\t\t\t\t\t\t\t<\/div><!-- \/.accordion__head -->\r\n\r\n\t\t\t\t\t\t\t<div class=\"accordion__body richtext-entry\">\r\n\t\t\t\t\t\t\t\t<div class=\"grid__col grid__col--2of3\">\n<div class=\"accordion\">\n<div class=\"accordion__section is-current\">\n<div class=\"accordion__body richtext-entry\">\n<div class=\"flex max-w-full flex-col flex-grow\">\n<div class=\"min-h-8 text-message relative flex w-full flex-col items-end gap-2 whitespace-normal break-words text-start [.text-message+&amp;]:mt-5\" dir=\"auto\" data-message-author-role=\"assistant\" data-message-id=\"f3ae7ea6-7814-40d1-a0cb-9dab47056fca\" data-message-model-slug=\"gpt-4o\">\n<div class=\"flex w-full flex-col gap-1 empty:hidden first:pt-[3px]\">\n<div class=\"markdown prose w-full break-words dark:prose-invert light\">\n<p data-start=\"0\" data-end=\"231\" data-is-last-node=\"\" data-is-only-node=\"\">Avec le vieillissement de la population et l\u2019augmentation des d\u00e9fis li\u00e9s \u00e0 la mobilit\u00e9, l\u2019acc\u00e8s rapide aux soins orthop\u00e9diques sera essentiel pour pr\u00e9server la qualit\u00e9 de vie, l\u2019ind\u00e9pendance et la mobilit\u00e9 de millions de Canadiens.<\/p>\n<\/div>\n<\/div>\n<\/div>\n<\/div>\n<\/div>\n<\/div>\n<\/div>\n<\/div>\n\t\t\t\t\t\t\t<\/div><!-- \/.accordion__body richtext-entry -->\r\n\t\t\t\t\t\t<\/div><!-- \/.accordion__section -->\r\n\t\t\t\t\t\t\t\t\t<\/div><!-- \/.accordion -->\r\n\t\t\t<\/div><!-- \/.grid__col grid__col-\/-2of3 -->\r\n\r\n\t\t\t\t\t\t\t<div class=\"grid__col grid__col--1of3\">\r\n\t\t\t\t\t<div class=\"entry\">\r\n\t\t\t\t\t\t<div class=\"enrty__body\">\r\n\t\t\t\t\t\t\t<p>Sans investissements dans les soins orthop\u00e9diques, le mentorat des chirurgiens en d\u00e9but de carri\u00e8re et la collaboration avec les professionnels de la sant\u00e9 alli\u00e9s, le Canada risque d\u2019allonger les temps d\u2019attente, d\u2019augmenter les taux d\u2019invalidit\u00e9 et de r\u00e9duire la qualit\u00e9 de vie des a\u00een\u00e9s.<\/p>\n\t\t\t\t\t\t<\/div><!-- \/.enrty__body -->\r\n\t\t\t\t\t<\/div><!-- \/.entry -->\r\n\t\t\t\t<\/div><!-- \/.grid__col grid__col-\/-1of3 -->\r\n\t\t\t\t\t<\/div><!-- \/.grid grid-\/-reversed -->\r\n\t<\/div><!-- \/.shell -->\r\n<\/section><!-- \/.section section-\/-white -->\r\n","protected":false},"excerpt":{"rendered":"","protected":false},"author":2,"featured_media":0,"parent":0,"menu_order":0,"comment_status":"closed","ping_status":"closed","template":"","meta":{"om_disable_all_campaigns":false,"_monsterinsights_skip_tracking":false,"_monsterinsights_sitenote_active":false,"_monsterinsights_sitenote_note":"","_monsterinsights_sitenote_category":0,"_uf_show_specific_survey":0,"_uf_disable_surveys":false,"footnotes":""},"class_list":["post-5068","page","type-page","status-publish","hentry"],"acf":[],"aioseo_notices":[],"yoast_head":"<!-- This site is optimized with the Yoast SEO plugin v23.3 - https:\/\/yoast.com\/wordpress\/plugins\/seo\/ -->\n<title>Journ\u00e9e canadienne des soins orthop\u00e9diques - Association Canadienne d&#039;Orthop\u00e9die<\/title>\n<meta name=\"robots\" content=\"index, follow, max-snippet:-1, max-image-preview:large, max-video-preview:-1\" \/>\n<link rel=\"canonical\" href=\"https:\/\/coa-aco.org\/fr\/canadian-orthopaedic-care-day\/\" \/>\n<meta property=\"og:locale\" content=\"fr_FR\" \/>\n<meta property=\"og:type\" content=\"article\" \/>\n<meta property=\"og:title\" content=\"Journ\u00e9e canadienne des soins orthop\u00e9diques - Association Canadienne d&#039;Orthop\u00e9die\" \/>\n<meta property=\"og:url\" content=\"https:\/\/coa-aco.org\/fr\/canadian-orthopaedic-care-day\/\" \/>\n<meta property=\"og:site_name\" content=\"Association Canadienne d&#039;Orthop\u00e9die\" \/>\n<meta property=\"article:modified_time\" content=\"2026-03-27T16:23:48+00:00\" \/>\n<meta name=\"twitter:card\" content=\"summary_large_image\" \/>\n<script type=\"application\/ld+json\" class=\"yoast-schema-graph\">{\"@context\":\"https:\/\/schema.org\",\"@graph\":[{\"@type\":\"WebPage\",\"@id\":\"https:\/\/coa-aco.org\/fr\/canadian-orthopaedic-care-day\/\",\"url\":\"https:\/\/coa-aco.org\/fr\/canadian-orthopaedic-care-day\/\",\"name\":\"Journ\u00e9e canadienne des soins orthop\u00e9diques - Association Canadienne d'Orthop\u00e9die\",\"isPartOf\":{\"@id\":\"https:\/\/coa-aco.org\/#website\"},\"datePublished\":\"2024-02-16T15:53:49+00:00\",\"dateModified\":\"2026-03-27T16:23:48+00:00\",\"breadcrumb\":{\"@id\":\"https:\/\/coa-aco.org\/fr\/canadian-orthopaedic-care-day\/#breadcrumb\"},\"inLanguage\":\"fr-FR\",\"potentialAction\":[{\"@type\":\"ReadAction\",\"target\":[\"https:\/\/coa-aco.org\/fr\/canadian-orthopaedic-care-day\/\"]}]},{\"@type\":\"BreadcrumbList\",\"@id\":\"https:\/\/coa-aco.org\/fr\/canadian-orthopaedic-care-day\/#breadcrumb\",\"itemListElement\":[{\"@type\":\"ListItem\",\"position\":1,\"name\":\"Home\",\"item\":\"https:\/\/coa-aco.org\/fr\/\"},{\"@type\":\"ListItem\",\"position\":2,\"name\":\"Journ\u00e9e canadienne des soins orthop\u00e9diques\"}]},{\"@type\":\"WebSite\",\"@id\":\"https:\/\/coa-aco.org\/#website\",\"url\":\"https:\/\/coa-aco.org\/\",\"name\":\"Association Canadienne d'Orthop\u00e9die\",\"description\":\"\",\"potentialAction\":[{\"@type\":\"SearchAction\",\"target\":{\"@type\":\"EntryPoint\",\"urlTemplate\":\"https:\/\/coa-aco.org\/?s={search_term_string}\"},\"query-input\":\"required name=search_term_string\"}],\"inLanguage\":\"fr-FR\"}]}<\/script>\n<!-- \/ Yoast SEO plugin. -->","yoast_head_json":{"title":"Journ\u00e9e canadienne des soins orthop\u00e9diques - Association Canadienne d'Orthop\u00e9die","robots":{"index":"index","follow":"follow","max-snippet":"max-snippet:-1","max-image-preview":"max-image-preview:large","max-video-preview":"max-video-preview:-1"},"canonical":"https:\/\/coa-aco.org\/fr\/canadian-orthopaedic-care-day\/","og_locale":"fr_FR","og_type":"article","og_title":"Journ\u00e9e canadienne des soins orthop\u00e9diques - Association Canadienne d'Orthop\u00e9die","og_url":"https:\/\/coa-aco.org\/fr\/canadian-orthopaedic-care-day\/","og_site_name":"Association Canadienne d'Orthop\u00e9die","article_modified_time":"2026-03-27T16:23:48+00:00","twitter_card":"summary_large_image","schema":{"@context":"https:\/\/schema.org","@graph":[{"@type":"WebPage","@id":"https:\/\/coa-aco.org\/fr\/canadian-orthopaedic-care-day\/","url":"https:\/\/coa-aco.org\/fr\/canadian-orthopaedic-care-day\/","name":"Journ\u00e9e canadienne des soins orthop\u00e9diques - Association Canadienne d'Orthop\u00e9die","isPartOf":{"@id":"https:\/\/coa-aco.org\/#website"},"datePublished":"2024-02-16T15:53:49+00:00","dateModified":"2026-03-27T16:23:48+00:00","breadcrumb":{"@id":"https:\/\/coa-aco.org\/fr\/canadian-orthopaedic-care-day\/#breadcrumb"},"inLanguage":"fr-FR","potentialAction":[{"@type":"ReadAction","target":["https:\/\/coa-aco.org\/fr\/canadian-orthopaedic-care-day\/"]}]},{"@type":"BreadcrumbList","@id":"https:\/\/coa-aco.org\/fr\/canadian-orthopaedic-care-day\/#breadcrumb","itemListElement":[{"@type":"ListItem","position":1,"name":"Home","item":"https:\/\/coa-aco.org\/fr\/"},{"@type":"ListItem","position":2,"name":"Journ\u00e9e canadienne des soins orthop\u00e9diques"}]},{"@type":"WebSite","@id":"https:\/\/coa-aco.org\/#website","url":"https:\/\/coa-aco.org\/","name":"Association Canadienne d'Orthop\u00e9die","description":"","potentialAction":[{"@type":"SearchAction","target":{"@type":"EntryPoint","urlTemplate":"https:\/\/coa-aco.org\/?s={search_term_string}"},"query-input":"required name=search_term_string"}],"inLanguage":"fr-FR"}]}},"_links":{"self":[{"href":"https:\/\/coa-aco.org\/fr\/wp-json\/wp\/v2\/pages\/5068","targetHints":{"allow":["GET"]}}],"collection":[{"href":"https:\/\/coa-aco.org\/fr\/wp-json\/wp\/v2\/pages"}],"about":[{"href":"https:\/\/coa-aco.org\/fr\/wp-json\/wp\/v2\/types\/page"}],"author":[{"embeddable":true,"href":"https:\/\/coa-aco.org\/fr\/wp-json\/wp\/v2\/users\/2"}],"replies":[{"embeddable":true,"href":"https:\/\/coa-aco.org\/fr\/wp-json\/wp\/v2\/comments?post=5068"}],"version-history":[{"count":0,"href":"https:\/\/coa-aco.org\/fr\/wp-json\/wp\/v2\/pages\/5068\/revisions"}],"wp:attachment":[{"href":"https:\/\/coa-aco.org\/fr\/wp-json\/wp\/v2\/media?parent=5068"}],"curies":[{"name":"wp","href":"https:\/\/api.w.org\/{rel}","templated":true}]}}