{"id":6084,"date":"2023-08-30T15:33:02","date_gmt":"2023-08-30T15:33:02","guid":{"rendered":"https:\/\/coa-aco.org\/reunion-annuelle\/call-for-abstracts-2\/"},"modified":"2025-10-21T15:05:44","modified_gmt":"2025-10-21T15:05:44","slug":"call-for-abstracts-2","status":"publish","type":"page","link":"https:\/\/coa-aco.org\/fr\/reunion-annuelle\/call-for-abstracts-2\/","title":{"rendered":"Soumission de pr\u00e9cis et symposiums\u00a0"},"content":{"rendered":"\r\n<section class=\"section  section--white\">\r\n\t<div class=\"shell\">\r\n\t\t<div class=\"grid\">\r\n\t\t\t<div class=\"grid__col grid__col--2of3\">\r\n\t\t\t\t<div class=\"entry \">\r\n\t\t\t\t\t\t\t\t\t\t\t<header class=\"entry__head\">\r\n\t\t\t\t\t\t\t<h2>\r\n\t\t\t\t\t\t\t\tAppel de symposiums et de soumissions de pr\u00e9cis \u2013 Maintenant ferm\u00e9\t\t\t\t\t\t\t<\/h2>\r\n\t\t\t\t\t\t<\/header><!-- \/.entry__head -->\r\n\t\t\t\t\t\r\n\t\t\t\t\t<div class=\"entry__body richtext-entry\">\r\n\t\t\t\t\t\t<p data-start=\"187\" data-end=\"532\">Merci \u00e0 toutes les personnes qui ont soumis des propositions de symposiums et des <strong data-start=\"269\" data-end=\"294\">soumissions de pr\u00e9cis<\/strong>. Nous sommes reconnaissants de la forte participation et de la diversit\u00e9 des id\u00e9es re\u00e7ues. Votre contribution joue un r\u00f4le essentiel dans l\u2019\u00e9laboration d\u2019un programme dynamique et captivant, et nous avons h\u00e2te de vous pr\u00e9senter la suite.<\/p>\n<p data-start=\"534\" data-end=\"618\">Si vous avez des questions, n\u2019h\u00e9sitez pas \u00e0 nous \u00e9crire \u00e0 education@canorth.org<\/p>\n\t\t\t\t\t<\/div><!-- \/.entry__body richtext-entry -->\r\n\r\n\t\t\t\t\t\t\t\t\t<\/div><!-- \/.entry -->\r\n\t\t\t<\/div><!-- \/.grid__col grid__col-\/-2of3 -->\r\n\r\n\r\n\t\t\t\r\n\t\t\t\t\t\t\t<div class=\"grid__col grid__col--1of3\">\r\n\t\t\t\t\t<div class=\"tile-cta\">\r\n\t\t\t\t\t\t<figure class=\"tile__img image-fit\">\r\n\t\t\t\t\t\t\t<img loading=\"lazy\" decoding=\"async\" width=\"768\" height=\"512\" src=\"https:\/\/coa-aco.org\/wp-content\/uploads\/2025\/09\/COA_CORS_CORA_Day3_Vancouver_2025_Demin_Photography-96-768x512.jpg\" class=\"attachment-medium_large size-medium_large\" alt=\"\" srcset=\"https:\/\/coa-aco.org\/wp-content\/uploads\/2025\/09\/COA_CORS_CORA_Day3_Vancouver_2025_Demin_Photography-96-768x512.jpg 768w, https:\/\/coa-aco.org\/wp-content\/uploads\/2025\/09\/COA_CORS_CORA_Day3_Vancouver_2025_Demin_Photography-96-300x200.jpg 300w, https:\/\/coa-aco.org\/wp-content\/uploads\/2025\/09\/COA_CORS_CORA_Day3_Vancouver_2025_Demin_Photography-96-1024x683.jpg 1024w, https:\/\/coa-aco.org\/wp-content\/uploads\/2025\/09\/COA_CORS_CORA_Day3_Vancouver_2025_Demin_Photography-96-1536x1024.jpg 1536w, https:\/\/coa-aco.org\/wp-content\/uploads\/2025\/09\/COA_CORS_CORA_Day3_Vancouver_2025_Demin_Photography-96-2048x1365.jpg 2048w, https:\/\/coa-aco.org\/wp-content\/uploads\/2025\/09\/COA_CORS_CORA_Day3_Vancouver_2025_Demin_Photography-96-1920x1280.jpg 1920w, https:\/\/coa-aco.org\/wp-content\/uploads\/2025\/09\/COA_CORS_CORA_Day3_Vancouver_2025_Demin_Photography-96-450x300.jpg 450w\" sizes=\"auto, (max-width: 768px) 100vw, 768px\" \/>\t\t\t\t\t\t<\/figure><!-- \/.tile__img image-fit -->\r\n\r\n\t\t\t\t\t\t\t\t\t\t\t\t\t<div class=\"tile__actions\">\r\n\t\t\t\t\t\t\t\t<a href=\"https:\/\/coa-aco.org\/faq-annual-meeting\/\"  class=\"btn\">\r\n\t\t\t\t\t\t\t\t\t<span class=\"btn__text\">\r\n\t\t\t\t\t\t\t\t\t\tQuestions fr\u00e9quentes\t\t\t\t\t\t\t\t\t<\/span>\r\n\r\n\t\t\t\t\t\t\t\t\t<span class=\"btn__ico\">\r\n\t\t\t\t\t\t\t\t\t\t<svg width=\"19\" height=\"13\" viewBox=\"0 0 19 13\" fill=\"none\" xmlns=\"http:\/\/www.w3.org\/2000\/svg\">\r\n\t\t\t\t\t\t\t\t\t\t\t<path d=\"M17.6484 7.05859C18.1055 6.63672 18.1055 5.89844 17.6484 5.47656L13.1484 0.976562C12.7266 0.519531 11.9883 0.519531 11.5664 0.976562C11.1094 1.39844 11.1094 2.13672 11.5664 2.55859L14.1328 5.125H1.125C0.492188 5.125 0 5.65234 0 6.25C0 6.88281 0.492188 7.375 1.125 7.375H14.1328L11.5664 9.97656C11.1094 10.3984 11.1094 11.1367 11.5664 11.5586C11.9883 12.0156 12.7266 12.0156 13.1484 11.5586L17.6484 7.05859Z\"\/>\r\n\t\t\t\t\t\t\t\t\t\t<\/svg>\r\n\t\t\t\t\t\t\t\t\t<\/span>\r\n\t\t\t\t\t\t\t\t<\/a>\r\n\t\t\t\t\t\t\t<\/div><!-- \/.tile__actions -->\r\n\t\t\t\t\t\t\t\t\t\t\t<\/div><!-- \/.tile-cta -->\r\n\t\t\t\t<\/div><!-- \/.grid__col grid__col-\/-1of3 -->\r\n\t\t\t\r\n\t\t\t\t\t<\/div><!-- \/.grid -->\r\n\t<\/div><!-- \/.shell -->\r\n<\/section><!-- \/.section -->\r\n\n\n\n<p><\/p>\n\n\n\n<hr class=\"wp-block-separator has-alpha-channel-opacity\"\/>\n","protected":false},"excerpt":{"rendered":"","protected":false},"author":3,"featured_media":0,"parent":1993,"menu_order":0,"comment_status":"closed","ping_status":"closed","template":"","meta":{"om_disable_all_campaigns":false,"_monsterinsights_skip_tracking":false,"_monsterinsights_sitenote_active":false,"_monsterinsights_sitenote_note":"","_monsterinsights_sitenote_category":0,"_uf_show_specific_survey":0,"_uf_disable_surveys":false,"footnotes":""},"class_list":["post-6084","page","type-page","status-publish","hentry"],"acf":[],"aioseo_notices":[],"yoast_head":"<!-- This site is optimized with the Yoast SEO plugin v23.3 - https:\/\/yoast.com\/wordpress\/plugins\/seo\/ -->\n<title>Soumission de pr\u00e9cis et symposiums\u00a0 - Association Canadienne d&#039;Orthop\u00e9die<\/title>\n<meta name=\"robots\" content=\"index, follow, max-snippet:-1, max-image-preview:large, max-video-preview:-1\" \/>\n<link rel=\"canonical\" href=\"https:\/\/coa-aco.org\/fr\/reunion-annuelle\/call-for-abstracts-2\/\" \/>\n<meta property=\"og:locale\" content=\"fr_FR\" \/>\n<meta property=\"og:type\" content=\"article\" \/>\n<meta property=\"og:title\" content=\"Soumission de pr\u00e9cis et symposiums\u00a0 - Association Canadienne d&#039;Orthop\u00e9die\" \/>\n<meta property=\"og:url\" content=\"https:\/\/coa-aco.org\/fr\/reunion-annuelle\/call-for-abstracts-2\/\" \/>\n<meta property=\"og:site_name\" content=\"Association Canadienne d&#039;Orthop\u00e9die\" \/>\n<meta property=\"article:modified_time\" content=\"2025-10-21T15:05:44+00:00\" \/>\n<meta name=\"twitter:card\" content=\"summary_large_image\" \/>\n<script type=\"application\/ld+json\" class=\"yoast-schema-graph\">{\"@context\":\"https:\/\/schema.org\",\"@graph\":[{\"@type\":\"WebPage\",\"@id\":\"https:\/\/coa-aco.org\/fr\/reunion-annuelle\/call-for-abstracts-2\/\",\"url\":\"https:\/\/coa-aco.org\/fr\/reunion-annuelle\/call-for-abstracts-2\/\",\"name\":\"Soumission de pr\u00e9cis et symposiums\u00a0 - Association Canadienne d'Orthop\u00e9die\",\"isPartOf\":{\"@id\":\"https:\/\/coa-aco.org\/#website\"},\"datePublished\":\"2023-08-30T15:33:02+00:00\",\"dateModified\":\"2025-10-21T15:05:44+00:00\",\"breadcrumb\":{\"@id\":\"https:\/\/coa-aco.org\/fr\/reunion-annuelle\/call-for-abstracts-2\/#breadcrumb\"},\"inLanguage\":\"fr-FR\",\"potentialAction\":[{\"@type\":\"ReadAction\",\"target\":[\"https:\/\/coa-aco.org\/fr\/reunion-annuelle\/call-for-abstracts-2\/\"]}]},{\"@type\":\"BreadcrumbList\",\"@id\":\"https:\/\/coa-aco.org\/fr\/reunion-annuelle\/call-for-abstracts-2\/#breadcrumb\",\"itemListElement\":[{\"@type\":\"ListItem\",\"position\":1,\"name\":\"Home\",\"item\":\"https:\/\/coa-aco.org\/fr\/\"},{\"@type\":\"ListItem\",\"position\":2,\"name\":\"R\u00e9union annuelle\",\"item\":\"https:\/\/coa-aco.org\/fr\/reunion-annuelle\/\"},{\"@type\":\"ListItem\",\"position\":3,\"name\":\"Soumission de pr\u00e9cis et symposiums\u00a0\"}]},{\"@type\":\"WebSite\",\"@id\":\"https:\/\/coa-aco.org\/#website\",\"url\":\"https:\/\/coa-aco.org\/\",\"name\":\"Association Canadienne d'Orthop\u00e9die\",\"description\":\"\",\"potentialAction\":[{\"@type\":\"SearchAction\",\"target\":{\"@type\":\"EntryPoint\",\"urlTemplate\":\"https:\/\/coa-aco.org\/?s={search_term_string}\"},\"query-input\":\"required name=search_term_string\"}],\"inLanguage\":\"fr-FR\"}]}<\/script>\n<!-- \/ Yoast SEO plugin. -->","yoast_head_json":{"title":"Soumission de pr\u00e9cis et symposiums\u00a0 - Association Canadienne d'Orthop\u00e9die","robots":{"index":"index","follow":"follow","max-snippet":"max-snippet:-1","max-image-preview":"max-image-preview:large","max-video-preview":"max-video-preview:-1"},"canonical":"https:\/\/coa-aco.org\/fr\/reunion-annuelle\/call-for-abstracts-2\/","og_locale":"fr_FR","og_type":"article","og_title":"Soumission de pr\u00e9cis et symposiums\u00a0 - Association Canadienne d'Orthop\u00e9die","og_url":"https:\/\/coa-aco.org\/fr\/reunion-annuelle\/call-for-abstracts-2\/","og_site_name":"Association Canadienne d'Orthop\u00e9die","article_modified_time":"2025-10-21T15:05:44+00:00","twitter_card":"summary_large_image","schema":{"@context":"https:\/\/schema.org","@graph":[{"@type":"WebPage","@id":"https:\/\/coa-aco.org\/fr\/reunion-annuelle\/call-for-abstracts-2\/","url":"https:\/\/coa-aco.org\/fr\/reunion-annuelle\/call-for-abstracts-2\/","name":"Soumission de pr\u00e9cis et symposiums\u00a0 - Association Canadienne d'Orthop\u00e9die","isPartOf":{"@id":"https:\/\/coa-aco.org\/#website"},"datePublished":"2023-08-30T15:33:02+00:00","dateModified":"2025-10-21T15:05:44+00:00","breadcrumb":{"@id":"https:\/\/coa-aco.org\/fr\/reunion-annuelle\/call-for-abstracts-2\/#breadcrumb"},"inLanguage":"fr-FR","potentialAction":[{"@type":"ReadAction","target":["https:\/\/coa-aco.org\/fr\/reunion-annuelle\/call-for-abstracts-2\/"]}]},{"@type":"BreadcrumbList","@id":"https:\/\/coa-aco.org\/fr\/reunion-annuelle\/call-for-abstracts-2\/#breadcrumb","itemListElement":[{"@type":"ListItem","position":1,"name":"Home","item":"https:\/\/coa-aco.org\/fr\/"},{"@type":"ListItem","position":2,"name":"R\u00e9union annuelle","item":"https:\/\/coa-aco.org\/fr\/reunion-annuelle\/"},{"@type":"ListItem","position":3,"name":"Soumission de pr\u00e9cis et symposiums\u00a0"}]},{"@type":"WebSite","@id":"https:\/\/coa-aco.org\/#website","url":"https:\/\/coa-aco.org\/","name":"Association Canadienne d'Orthop\u00e9die","description":"","potentialAction":[{"@type":"SearchAction","target":{"@type":"EntryPoint","urlTemplate":"https:\/\/coa-aco.org\/?s={search_term_string}"},"query-input":"required name=search_term_string"}],"inLanguage":"fr-FR"}]}},"_links":{"self":[{"href":"https:\/\/coa-aco.org\/fr\/wp-json\/wp\/v2\/pages\/6084","targetHints":{"allow":["GET"]}}],"collection":[{"href":"https:\/\/coa-aco.org\/fr\/wp-json\/wp\/v2\/pages"}],"about":[{"href":"https:\/\/coa-aco.org\/fr\/wp-json\/wp\/v2\/types\/page"}],"author":[{"embeddable":true,"href":"https:\/\/coa-aco.org\/fr\/wp-json\/wp\/v2\/users\/3"}],"replies":[{"embeddable":true,"href":"https:\/\/coa-aco.org\/fr\/wp-json\/wp\/v2\/comments?post=6084"}],"version-history":[{"count":0,"href":"https:\/\/coa-aco.org\/fr\/wp-json\/wp\/v2\/pages\/6084\/revisions"}],"up":[{"embeddable":true,"href":"https:\/\/coa-aco.org\/fr\/wp-json\/wp\/v2\/pages\/1993"}],"wp:attachment":[{"href":"https:\/\/coa-aco.org\/fr\/wp-json\/wp\/v2\/media?parent=6084"}],"curies":[{"name":"wp","href":"https:\/\/api.w.org\/{rel}","templated":true}]}}